{"id":5904,"date":"2011-01-03T15:30:11","date_gmt":"2011-01-03T14:30:11","guid":{"rendered":"http:\/\/pirategalaxy.com\/?page_id=5904"},"modified":"2018-02-01T15:00:13","modified_gmt":"2018-02-01T14:00:13","slug":"sss","status":"publish","type":"page","link":"https:\/\/pirategalaxy.com\/tr\/sss\/","title":{"rendered":"SSS"},"content":{"rendered":"<p class=\"navi-down\">\n<h1 class=\"headline_page\"><span>Pirate Galaxy &#8211; SSS<\/span><\/h1>\n<p class=\"back-button\"><a class=\"back-block\" href=\"http:\/\/pirategalaxy.com\/tr\/\">Ana Sayfa<\/a><\/p>\n<div class=\"one_half\">\n<h2>\u00c7EVR\u0130M\u0130\u00c7\u0130 OYUN P\u0130RATE GALAXY HAKKINDA GENEL SORULAR:<\/h2>\n<h3>Pirate Galaxy nedir?<\/h3>\n<p>Pirate Galaxy, insanl\u0131\u011f\u0131n Mantis denen uzayl\u0131lara kar\u015f\u0131 direni\u015fi konulu, \u00f6d\u00fcl kazanm\u0131\u015f bir bilim kurgu MMO oyundur. Do\u011frudan taray\u0131c\u0131 \u00fczerinden \u00fccretsiz oynan\u0131r ve ger\u00e7ek zamanl\u0131 3D grafikler sunar. H\u0131zl\u0131 tempolu, stratejik uzay gemisi \u00e7at\u0131\u015fmalar\u0131n\u0131n tad\u0131n\u0131 \u00e7\u0131kar\u0131rken muhte\u015fem bir hikayenin bir par\u00e7as\u0131 ol, ve arkada\u015flar\u0131n\u0131 heyecan verici g\u00f6revlere davet edip ortak d\u00fc\u015fmana kar\u015f\u0131 g\u00fc\u00e7 birli\u011fi i\u00e7inde sava\u015f.<\/p>\n<h3>Pirate Galaxy&#8217;yi oynaman\u0131n \u00fccreti nedir?<\/h3>\n<p>Pirate Galaxy tamamen \u00fccretsizdir. \u00dccretsiz kay\u0131t olup hemen oynamaya ba\u015flayabilirsin. Hi\u00e7bir y\u00fck\u00fcml\u00fcl\u00fck, ki\u015fisel bilgi girme ve abone olma zorunlulu\u011fu, ya da ba\u015fka tuzaklar i\u00e7ermez. Bu b\u00fcy\u00fcyen oyuncu toplulu\u011fumuza hi\u00e7bir \u00fccret \u00f6demen memnuniyetle kat\u0131labilirsin.<\/p>\n<h3>\u00dccretsiz oynayarak ne gibi f\u0131rsatlara sahibim?<\/h3>\n<p>Oyun i\u00e7erisindeki her \u015feye. Pirate Galaxy t\u00fcm oyun i\u00e7eri\u011fini \u00fccretsiz sunuyor.<\/p>\n<h3>Pirate Galaxy&#8217;nin gelece\u011finde ne var?<\/h3>\n<p>Pirate Galaxy b\u00fcy\u00fcmeye devam edecek. Bu oyunun hayranlar\u0131na sunmak istedi\u011fimiz bir\u00e7ok fikrimiz var. Oyun birka\u00e7 haftada bir g\u00fcncelleniyor. Gelecekte neler olaca\u011f\u0131 bu adresten veya forumlar\u0131m\u0131zdan \u00f6\u011frenilebilir.<\/p>\n<p><img class=\"colorbox-5904\"  decoding=\"async\" alt=\"separator pirate galaxy\" src=\"\/wp-content\/themes\/arras\/images\/pirategalaxy\/faq-pic.png\" \/><\/p>\n<\/div>\n<div class=\"one_half_last\">\n<h2>Splitscreen Games hakk\u0131nda genel sorular:<\/h2>\n<h3>Ne kadar veri indirmek zorunday\u0131m?<\/h3>\n<p>Pirate Galaxy b\u00fcy\u00fcmeye devam edecek. Bu oyunun hayranlar\u0131na sunmak istedi\u011fimiz bir\u00e7ok fikrimiz var. Oyun birka\u00e7 haftada bir g\u00fcncelleniyor. Gelecekte neler olaca\u011f\u0131 bu adresten veya forumlar\u0131m\u0131zdan \u00f6\u011frenilebilir.<\/p>\n<h3>Ben taray\u0131c\u0131 oyunlar\u0131n\u0131 sevmem, siz seviyor musunuz?<\/h3>\n<p>Pirate Galaxy b\u00fcy\u00fcmeye devam edecek. Bu oyunun hayranlar\u0131na sunmak istedi\u011fimiz bir\u00e7ok fikrimiz var. Oyun birka\u00e7 haftada bir g\u00fcncelleniyor. Gelecekte neler olaca\u011f\u0131 bu adresten veya forumlar\u0131m\u0131zdan \u00f6\u011frenilebilir.<\/p>\n<h3>Hangi i\u015fletim sistemlerini destekliyorsunuz?<\/h3>\n<p>\u015eimdilik, Pirate Galaxy sadece Windows PCler i\u00e7in mevcut.<\/p>\n<\/div>\n<div class=\"full\"><img decoding=\"async\" class=\"hr3 colorbox-5904\" alt=\"separator pirate galaxy\" src=\"\/wp-content\/themes\/arras\/images\/pirategalaxy\/isolator_big.png\" \/><br \/>\n<img decoding=\"async\" class=\"hr2 colorbox-5904\" alt=\"separator2 Pirate Galaxy\" src=\"\/wp-content\/themes\/arras\/images\/pirategalaxy\/background_faker.png\" \/><\/div>\n","protected":false},"excerpt":{"rendered":"<p>Pirate Galaxy &#8211; SSS Ana Sayfa \u00c7EVR\u0130M\u0130\u00c7\u0130 OYUN P\u0130RATE GALAXY HAKKINDA GENEL SORULAR: Pirate Galaxy nedir? Pirate Galaxy, insanl\u0131\u011f\u0131n Mantis denen uzayl\u0131lara kar\u015f\u0131 direni\u015fi konulu, \u00f6d\u00fcl kazanm\u0131\u015f bir bilim kurgu [&hellip;]<\/p>\n","protected":false},"author":29,"featured_media":-1,"parent":0,"menu_order":0,"comment_status":"closed","ping_status":"closed","template":"pagetpl-onecolumn.php","meta":{"footnotes":"","_links_to":"","_links_to_target":""},"class_list":["post-5904","page","type-page","status-publish","has-post-thumbnail","hentry"],"yoast_head":"<!-- This site is optimized with the Yoast SEO plugin v27.4 - https:\/\/yoast.com\/product\/yoast-seo-wordpress\/ -->\n<title>SSS - Pirate Galaxy<\/title>\n<meta name=\"description\" content=\"Pirate Galaxy hakk\u0131nda s\u0131k\u00e7a sorulan sorular (SSS).\" \/>\n<meta name=\"robots\" content=\"index, follow, max-snippet:-1, max-image-preview:large, max-video-preview:-1\" \/>\n<link rel=\"canonical\" href=\"https:\/\/pirategalaxy.com\/tr\/sss\/\" \/>\n<meta property=\"og:locale\" content=\"tr_TR\" \/>\n<meta property=\"og:type\" content=\"article\" \/>\n<meta property=\"og:title\" content=\"SSS - Pirate Galaxy\" \/>\n<meta property=\"og:description\" content=\"Pirate Galaxy hakk\u0131nda s\u0131k\u00e7a sorulan sorular (SSS).\" \/>\n<meta property=\"og:url\" content=\"https:\/\/pirategalaxy.com\/tr\/sss\/\" \/>\n<meta property=\"og:site_name\" content=\"Pirate Galaxy\" \/>\n<meta property=\"article:modified_time\" content=\"2018-02-01T14:00:13+00:00\" \/>\n<meta name=\"twitter:label1\" content=\"Tahmini okuma s\u00fcresi\" \/>\n\t<meta name=\"twitter:data1\" content=\"2 dakika\" \/>\n<script type=\"application\/ld+json\" class=\"yoast-schema-graph\">{\"@context\":\"https:\\\/\\\/schema.org\",\"@graph\":[{\"@type\":\"WebPage\",\"@id\":\"https:\\\/\\\/pirategalaxy.com\\\/tr\\\/sss\\\/\",\"url\":\"https:\\\/\\\/pirategalaxy.com\\\/tr\\\/sss\\\/\",\"name\":\"SSS - Pirate Galaxy\",\"isPartOf\":{\"@id\":\"https:\\\/\\\/pirategalaxy.com\\\/en\\\/#website\"},\"datePublished\":\"2011-01-03T14:30:11+00:00\",\"dateModified\":\"2018-02-01T14:00:13+00:00\",\"description\":\"Pirate Galaxy hakk\u0131nda s\u0131k\u00e7a sorulan sorular (SSS).\",\"breadcrumb\":{\"@id\":\"https:\\\/\\\/pirategalaxy.com\\\/tr\\\/sss\\\/#breadcrumb\"},\"inLanguage\":\"tr\",\"potentialAction\":[{\"@type\":\"ReadAction\",\"target\":[\"https:\\\/\\\/pirategalaxy.com\\\/tr\\\/sss\\\/\"]}]},{\"@type\":\"BreadcrumbList\",\"@id\":\"https:\\\/\\\/pirategalaxy.com\\\/tr\\\/sss\\\/#breadcrumb\",\"itemListElement\":[{\"@type\":\"ListItem\",\"position\":1,\"name\":\"Home\",\"item\":\"https:\\\/\\\/pirategalaxy.com\\\/tr\\\/\"},{\"@type\":\"ListItem\",\"position\":2,\"name\":\"SSS\"}]},{\"@type\":\"WebSite\",\"@id\":\"https:\\\/\\\/pirategalaxy.com\\\/en\\\/#website\",\"url\":\"https:\\\/\\\/pirategalaxy.com\\\/en\\\/\",\"name\":\"Pirate Galaxy\",\"description\":\"\",\"potentialAction\":[{\"@type\":\"SearchAction\",\"target\":{\"@type\":\"EntryPoint\",\"urlTemplate\":\"https:\\\/\\\/pirategalaxy.com\\\/en\\\/?s={search_term_string}\"},\"query-input\":{\"@type\":\"PropertyValueSpecification\",\"valueRequired\":true,\"valueName\":\"search_term_string\"}}],\"inLanguage\":\"tr\"}]}<\/script>\n<!-- \/ Yoast SEO plugin. -->","yoast_head_json":{"title":"SSS - Pirate Galaxy","description":"Pirate Galaxy hakk\u0131nda s\u0131k\u00e7a sorulan sorular (SSS).","robots":{"index":"index","follow":"follow","max-snippet":"max-snippet:-1","max-image-preview":"max-image-preview:large","max-video-preview":"max-video-preview:-1"},"canonical":"https:\/\/pirategalaxy.com\/tr\/sss\/","og_locale":"tr_TR","og_type":"article","og_title":"SSS - Pirate Galaxy","og_description":"Pirate Galaxy hakk\u0131nda s\u0131k\u00e7a sorulan sorular (SSS).","og_url":"https:\/\/pirategalaxy.com\/tr\/sss\/","og_site_name":"Pirate Galaxy","article_modified_time":"2018-02-01T14:00:13+00:00","twitter_misc":{"Tahmini okuma s\u00fcresi":"2 dakika"},"schema":{"@context":"https:\/\/schema.org","@graph":[{"@type":"WebPage","@id":"https:\/\/pirategalaxy.com\/tr\/sss\/","url":"https:\/\/pirategalaxy.com\/tr\/sss\/","name":"SSS - Pirate Galaxy","isPartOf":{"@id":"https:\/\/pirategalaxy.com\/en\/#website"},"datePublished":"2011-01-03T14:30:11+00:00","dateModified":"2018-02-01T14:00:13+00:00","description":"Pirate Galaxy hakk\u0131nda s\u0131k\u00e7a sorulan sorular (SSS).","breadcrumb":{"@id":"https:\/\/pirategalaxy.com\/tr\/sss\/#breadcrumb"},"inLanguage":"tr","potentialAction":[{"@type":"ReadAction","target":["https:\/\/pirategalaxy.com\/tr\/sss\/"]}]},{"@type":"BreadcrumbList","@id":"https:\/\/pirategalaxy.com\/tr\/sss\/#breadcrumb","itemListElement":[{"@type":"ListItem","position":1,"name":"Home","item":"https:\/\/pirategalaxy.com\/tr\/"},{"@type":"ListItem","position":2,"name":"SSS"}]},{"@type":"WebSite","@id":"https:\/\/pirategalaxy.com\/en\/#website","url":"https:\/\/pirategalaxy.com\/en\/","name":"Pirate Galaxy","description":"","potentialAction":[{"@type":"SearchAction","target":{"@type":"EntryPoint","urlTemplate":"https:\/\/pirategalaxy.com\/en\/?s={search_term_string}"},"query-input":{"@type":"PropertyValueSpecification","valueRequired":true,"valueName":"search_term_string"}}],"inLanguage":"tr"}]}},"_links":{"self":[{"href":"https:\/\/pirategalaxy.com\/tr\/wp-json\/wp\/v2\/pages\/5904","targetHints":{"allow":["GET"]}}],"collection":[{"href":"https:\/\/pirategalaxy.com\/tr\/wp-json\/wp\/v2\/pages"}],"about":[{"href":"https:\/\/pirategalaxy.com\/tr\/wp-json\/wp\/v2\/types\/page"}],"author":[{"embeddable":true,"href":"https:\/\/pirategalaxy.com\/tr\/wp-json\/wp\/v2\/users\/29"}],"replies":[{"embeddable":true,"href":"https:\/\/pirategalaxy.com\/tr\/wp-json\/wp\/v2\/comments?post=5904"}],"version-history":[{"count":0,"href":"https:\/\/pirategalaxy.com\/tr\/wp-json\/wp\/v2\/pages\/5904\/revisions"}],"wp:featuredmedia":[{"embeddable":true,"href":"https:\/\/pirategalaxy.com\/tr\/wp-json\/"}],"wp:attachment":[{"href":"https:\/\/pirategalaxy.com\/tr\/wp-json\/wp\/v2\/media?parent=5904"}],"curies":[{"name":"wp","href":"https:\/\/api.w.org\/{rel}","templated":true}]}}