{"id":5297,"date":"2010-12-30T00:18:51","date_gmt":"2010-12-29T23:18:51","guid":{"rendered":"http:\/\/pirategalaxy.com\/?page_id=5297"},"modified":"2021-06-02T13:29:31","modified_gmt":"2021-06-02T11:29:31","slug":"araclar","status":"publish","type":"page","link":"https:\/\/pirategalaxy.com\/tr\/araclar\/","title":{"rendered":"Ara\u00e7lar"},"content":{"rendered":"<p class=\"navi-down\">\n<h1 class=\"headline_page\"><span>Pirate Galaxy &#8211; Ara&#x00e7;lar<\/span><\/h1>\n<p class=\"back-button\"><a class=\"back-block\" href=\"http:\/\/pirategalaxy.com\/tr\/\">Ana Sayfa<\/a><\/p>\n<h2 class=\"full2\">Fragman<\/h2>\n<div class=\"full\"><object style=\"padding-left: 30px;\" width=\"400\" height=\"255\" classid=\"clsid:d27cdb6e-ae6d-11cf-96b8-444553540000\" codebase=\"http:\/\/download.macromedia.com\/pub\/shockwave\/cabs\/flash\/swflash.cab#version=6,0,40,0\"><param name=\"allowFullScreen\" value=\"true\" \/><param name=\"allowscriptaccess\" value=\"always\" \/><param name=\"src\" value=\"http:\/\/www.youtube.com\/v\/bgHOtwIDEkQ&amp;hl=en&amp;fs=1&amp;showinfo=0\" \/><param name=\"allowfullscreen\" value=\"true\" \/><embed style=\"padding-left: 30px;\" width=\"400\" height=\"255\" type=\"application\/x-shockwave-flash\" src=\"http:\/\/www.youtube.com\/v\/bgHOtwIDEkQ&amp;hl=en&amp;fs=1&amp;showinfo=0\" allowFullScreen=\"true\" allowscriptaccess=\"always\" allowfullscreen=\"true\" \/><\/object><br \/>\n<\/br><\/br>\n<\/div>\n<p><img class=\"colorbox-5297\"  decoding=\"async\" src=\"\/wp-content\/themes\/arras\/images\/pirategalaxy\/isolator_tiny.png\" alt=\"separator pirate galaxy\" \/><\/p>\n<h2 class=\"full2\">Ekran G&#x00f6;r&#x00fc;nt&#x00fc;leri<\/h2>\n<div class=\"one_fourth\">\n<p><a href=\"\/wp-content\/gallery\/screenshots\/pg_0311_01.jpg\"><img decoding=\"async\" class=\"aligncenter size-medium wp-image-1925 colorbox-5297\" title=\"Pirate Galaxy - B&#x00fc;t&#x00fc;n Bir Evreni Ke&#x015f;fet\" src=\"\/wp-content\/gallery\/screenshots\/thumbs\/thumbs_pg_0311_01.jpg\" alt=\"Pirate Galaxy - B&#x00fc;t&#x00fc;n Bir Evreni Ke&#x015f;fet\" width=\"130\" border=\"none\" \/><\/a><\/p>\n<p><a href=\"\/wp-content\/gallery\/screenshots\/pg_0311_02.jpg\"><img decoding=\"async\" class=\"aligncenter size-medium wp-image-1925 colorbox-5297\" title=\"Pirate Galaxy - Gezegen Y&#x00fc;zeyinde Toplanma\" src=\"\/wp-content\/gallery\/screenshots\/thumbs\/thumbs_pg_0311_02.jpg\" alt=\"Pirate Galaxy - Gezegen Y&#x00fc;zeyinde Toplanma\" width=\"130\" border=\"none\" \/><\/a><\/p>\n<\/div>\n<div class=\"one_fourth\">\n<p><a href=\"\/wp-content\/gallery\/screenshots\/pg_0311_03.jpg\"><img decoding=\"async\" class=\"aligncenter size-medium wp-image-1925 colorbox-5297\" title=\"Pirate Galaxy - Y&#x00f6;r&#x00fc;ngedeki Uzay Gemisi\" src=\"\/wp-content\/gallery\/screenshots\/thumbs\/thumbs_pg_0311_03.jpg\" alt=\"Pirate Galaxy - Y&#x00f6;r&#x00fc;ngedeki Uzay Gemisi\" width=\"130\" border=\"none\" \/><\/a><\/p>\n<p><a href=\"\/wp-content\/gallery\/screenshots\/pg_0311_04.jpg\"><img decoding=\"async\" class=\"aligncenter size-medium wp-image-1925 colorbox-5297\" title=\"Pirate Galaxy - Gezegende Destans&#x0131; Bir Sava&#x015f;\" src=\"\/wp-content\/gallery\/screenshots\/thumbs\/thumbs_pg_0311_04.jpg\" alt=\"Pirate Galaxy - Gezegende Destans&#x0131; Bir Sava&#x015f;\" width=\"130\" border=\"none\" \/><\/a><\/p>\n<\/div>\n<div class=\"one_fourth\">\n<a href=\"\/wp-content\/gallery\/screenshots\/pg_0311_05.jpg\"><img decoding=\"async\" class=\"aligncenter size-medium wp-image-1925 colorbox-5297\" title=\"Pirate Galaxy - Uzay Gemisi Sava&#x015f;&#x0131;\" src=\"\/wp-content\/gallery\/screenshots\/thumbs\/thumbs_pg_0311_05.jpg\" alt=\"Pirate Galaxy - Uzay Gemisi Sava&#x015f;&#x0131;\" width=\"130\" border=\"none\" \/><\/a><\/p>\n<p><a href=\"\/wp-content\/gallery\/screenshots\/pg_0311_06.jpg\"><img decoding=\"async\" class=\"aligncenter size-medium wp-image-1925 colorbox-5297\" title=\"Pirate Galaxy - G&#x00f6;rev &#x00dc;st&#x00fc;ndeki Uzay Korsan&#x0131;\" src=\"\/wp-content\/gallery\/screenshots\/thumbs\/thumbs_pg_0311_06.jpg\" alt=\"Pirate Galaxy - G&#x00f6;rev &#x00dc;st&#x00fc;ndeki Uzay Korsan&#x0131;\" width=\"130\" border=\"none\" \/><\/a><\/p>\n<\/div>\n<div class=\"one_fourth\">\n<p><a href=\"\/wp-content\/gallery\/screenshots\/pg_0311_07.jpg\"><img decoding=\"async\" class=\"aligncenter size-medium wp-image-1925 colorbox-5297\" title=\"Pirate Galaxy - Uzay Gemisi\" src=\"\/wp-content\/gallery\/screenshots\/thumbs\/thumbs_pg_0311_07.jpg\" alt=\"Pirate Galaxy - Uzay Gemisi\" width=\"130\" border=\"none\" \/><\/a><\/p>\n<p><a href=\"\/wp-content\/gallery\/screenshots\/PG09.jpg\"><img decoding=\"async\" class=\"aligncenter size-medium wp-image-1925 colorbox-5297\" title=\"Pirate Galaxy - G&#x00fc;ne&#x015f; Sistemi\" src=\"\/wp-content\/gallery\/screenshots\/thumbs\/thumbs_PG09.jpg\" alt=\"Pirate Galaxy - G&#x00fc;ne&#x015f; Sistemi\" width=\"130\" border=\"none\" \/><\/a><\/p>\n<\/div>\n<p><img class=\"colorbox-5297\"  decoding=\"async\" src=\"\/wp-content\/themes\/arras\/images\/pirategalaxy\/isolator_tiny.png\" alt=\"separator pirate galaxy\" \/><\/p>\n<h2 class=\"full2\">Duvar Ka&#x011f;&#x0131;tlar&#x0131;<\/h2>\n<div class=\"one_half\"><a href=\"http:\/\/pirategalaxy.com\/wp-content\/uploads\/2011\/02\/PG01_4_3_1024x768.jpg\"><img loading=\"lazy\" decoding=\"async\" class=\"alignleft colorbox-5297\" title=\"Pirate Galaxy - Duvar Ka&#x011f;&#x0131;d&#x0131; 01\" src=\"http:\/\/pirategalaxy.com\/wp-content\/uploads\/2011\/02\/PG01_4_3_1024x768.jpg\" alt=\"Pirate Galaxy - Duvar Ka&#x011f;&#x0131;d&#x0131; 01\" width=\"256\" height=\"192\" \/><\/a><br \/>\n<a href=\"http:\/\/pirategalaxy.com\/wp-content\/uploads\/2011\/02\/PG01_16_10_1920x1200.jpg\">1920&#215;1200<\/a><br \/>\n<a href=\"http:\/\/pirategalaxy.com\/wp-content\/uploads\/2011\/02\/PG01_16_10_1680x1050.jpg\">1680&#215;1050<\/a><br \/>\n<a href=\"http:\/\/pirategalaxy.com\/wp-content\/uploads\/2011\/02\/PG01_16_10_1280x800.jpg\">1280&#215;800<\/a><br \/>\n<a href=\"http:\/\/pirategalaxy.com\/wp-content\/uploads\/2011\/02\/PG01_5_4_1280x1024.jpg\">1280&#215;1024<\/a><br \/>\n<a href=\"http:\/\/pirategalaxy.com\/wp-content\/uploads\/2011\/02\/PG01_4_3_1600x1200.jpg\">1600&#215;1200<\/a><br \/>\n<a href=\"http:\/\/pirategalaxy.com\/wp-content\/uploads\/2011\/02\/PG01_4_3_1024x768.jpg\">1024&#215;768<\/a><\/div>\n<div class=\"one_half_last\"><a href=\"http:\/\/pirategalaxy.com\/wp-content\/uploads\/2011\/02\/PG02_4_3_1024x768.jpg\"><img loading=\"lazy\" decoding=\"async\" class=\"alignleft colorbox-5297\" title=\"Pirate Galaxy - Duvar Ka&#x011f;&#x0131;d&#x0131; 02\" src=\"http:\/\/pirategalaxy.com\/wp-content\/uploads\/2011\/02\/PG02_4_3_1024x768.jpg\" alt=\"Pirate Galaxy - Duvar Ka&#x011f;&#x0131;d&#x0131; 02\" width=\"256\" height=\"192\" \/><\/a><br \/>\n<a href=\"http:\/\/pirategalaxy.com\/wp-content\/uploads\/2011\/02\/PG02_16_10_1920x1200.jpg\">1920&#215;1200<\/a><br \/>\n<a href=\"http:\/\/pirategalaxy.com\/wp-content\/uploads\/2011\/02\/PG02_16_10_1680x1050.jpg\">1680&#215;1050<\/a><br \/>\n<a href=\"http:\/\/pirategalaxy.com\/wp-content\/uploads\/2011\/02\/PG02_16_10_1280x800.jpg\">1280&#215;800<\/a><br \/>\n<a href=\"http:\/\/pirategalaxy.com\/wp-content\/uploads\/2011\/02\/PG02_5_4_1280x1024.jpg\">1280&#215;1024<\/a><br \/>\n<a href=\"http:\/\/pirategalaxy.com\/wp-content\/uploads\/2011\/02\/PG02_4_3_1600x1200.jpg\">1600&#215;1200<\/a><br \/>\n<a href=\"http:\/\/pirategalaxy.com\/wp-content\/uploads\/2011\/02\/PG02_4_3_1024x768.jpg\">1024&#215;768<\/a><\/div>\n<div class=\"one_half\"><a href=\"http:\/\/pirategalaxy.com\/wp-content\/uploads\/2011\/02\/PG03_4_3_1024x768.jpg\"><img loading=\"lazy\" decoding=\"async\" class=\"alignleft colorbox-5297\" title=\"Pirate Galaxy - Duvar Ka&#x011f;&#x0131;d&#x0131; 03\" src=\"http:\/\/pirategalaxy.com\/wp-content\/uploads\/2011\/02\/PG03_4_3_1024x768.jpg\" alt=\"Pirate Galaxy - Duvar Ka&#x011f;&#x0131;d&#x0131; 03\" width=\"256\" height=\"192\" \/><\/a><br \/>\n<a href=\"http:\/\/pirategalaxy.com\/wp-content\/uploads\/2011\/02\/PG03_16_10_1920x1200.jpg\">1920&#215;1200<\/a><br \/>\n<a href=\"http:\/\/pirategalaxy.com\/wp-content\/uploads\/2011\/02\/PG03_16_10_1680x1050.jpg\">1680&#215;1050<\/a><br \/>\n<a href=\"http:\/\/pirategalaxy.com\/wp-content\/uploads\/2011\/02\/PG03_16_10_1280x800.jpg\">1280&#215;800<\/a><br \/>\n<a href=\"http:\/\/pirategalaxy.com\/wp-content\/uploads\/2011\/02\/PG03_5_4_1280x1024.jpg\">1280&#215;1024<\/a><br \/>\n<a href=\"http:\/\/pirategalaxy.com\/wp-content\/uploads\/2011\/02\/PG03_4_3_1600x1200.jpg\">1600&#215;1200<\/a><br \/>\n<a href=\"http:\/\/pirategalaxy.com\/wp-content\/uploads\/2011\/02\/PG03_4_3_1024x768.jpg\">1024&#215;768<\/a><\/div>\n<div class=\"one_half_last\"><a href=\"http:\/\/pirategalaxy.com\/wp-content\/uploads\/2011\/02\/PG04_4_3_1024x768.jpg\"><img loading=\"lazy\" decoding=\"async\" class=\"alignleft colorbox-5297\" title=\"Pirate Galaxy - Duvar Ka&#x011f;&#x0131;d&#x0131; 04\" src=\"http:\/\/pirategalaxy.com\/wp-content\/uploads\/2011\/02\/PG04_4_3_1024x768.jpg\" alt=\"Pirate Galaxy - Duvar Ka&#x011f;&#x0131;d&#x0131; 04\" width=\"256\" height=\"192\" \/><\/a><br \/>\n<a href=\"http:\/\/pirategalaxy.com\/wp-content\/uploads\/2011\/02\/PG04_16_10_1920x1200.jpg\">1920&#215;1200<\/a><br \/>\n<a href=\"http:\/\/pirategalaxy.com\/wp-content\/uploads\/2011\/02\/PG04_16_10_1680x1050.jpg\">1680&#215;1050<\/a><br \/>\n<a href=\"http:\/\/pirategalaxy.com\/wp-content\/uploads\/2011\/02\/PG04_16_10_1280x800.jpg\">1280&#215;800<\/a><br \/>\n<a href=\"http:\/\/pirategalaxy.com\/wp-content\/uploads\/2011\/02\/PG04_5_4_1280x1024.jpg\">1280&#215;1024<\/a><br \/>\n<a href=\"http:\/\/pirategalaxy.com\/wp-content\/uploads\/2011\/02\/PG04_4_3_1600x1200.jpg\">1600&#215;1200<\/a><br \/>\n<a href=\"http:\/\/pirategalaxy.com\/wp-content\/uploads\/2011\/02\/PG04_4_3_1024x768.jpg\">1024&#215;768<\/a><\/div>\n<p><img class=\"colorbox-5297\"  decoding=\"async\" src=\"\/wp-content\/themes\/arras\/images\/pirategalaxy\/isolator_tiny.png\" alt=\"separator pirate galaxy\" \/><\/p>\n<h2 class=\"full2\">Mikro Oyun &#x0130;stemcisi4<\/h2>\n<div class=\"one_half\">\n<h3>Mikro Oyun &#x0130;stemcisi<\/h3>\n<p>Pirate Galaxy&#8217;yi Windows masa&#x00fc;st&#x00fc;ne kurmak i&#x00e7;in bu mikro oyun istemcisini indir. B&#x00f6;ylece oyunu do&#x011f;rudan Ba&#x015f;lang&#x0131;&#x00e7; men&#x00fc;s&#x00fc;nden ba&#x015f;latabilir, ve e&#x011f;er ho&#x015f;lanm&#x0131;yorsan taray&#x0131;c&#x0131; kullanmak zorunda kalmazs&#x0131;n. Bir tam ekran modu ve de&#x011f;i&#x015f;tirilebilir pencere &#x00e7;&#x00f6;z&#x00fc;n&#x00fc;rl&#x00fc;kleri sunar. Java&#8217;n&#x0131;n y&#x00fc;kl&#x00fc; olmas&#x0131; bile gerekmez!<\/p>\n<p><a href=\"https:\/\/cdn.splitscreenstudios.com\/splitscreen\/games\/pirategalaxy\/PirateGalaxy_Setup.exe\"><img class=\"colorbox-5297\"  loading=\"lazy\" decoding=\"async\" style=\"margin-left: 105px; margin-top: 15px;\" title=\"Download Game Client\" src=\"http:\/\/pirategalaxy.com\/wp-content\/uploads\/2010\/12\/client_download_pg.png\" alt=\"Download Game Client\" width=\"210\" height=\"85\" \/><\/a><\/p>\n<\/div>\n<div class=\"one_half_last\">\n<h3>Fan Sitesi Tak&#x0131;m&#x0131;<\/h3>\n<p>Fan Sitesi Tak&#x0131;m&#x0131;, fan siteleri olu&#x015f;turmak i&#x00e7;in kullan&#x0131;labilen malzemeler i&#x00e7;erir<\/p>\n<h3><a href=\"http:\/\/pirategalaxy.com\/wp-content\/uploads\/2011\/02\/pg_presskit.zip\"><img loading=\"lazy\" decoding=\"async\" class=\"alignleft colorbox-5297\" title=\"PackageIcon   Zip\" src=\"http:\/\/pirategalaxy.com\/wp-content\/uploads\/2010\/12\/PackageIcon-Zip-150x150.png\" alt=\"\" width=\"32\" height=\"32\" \/><span style=\"text-decoration: underline;\">Fansite Kit &#8211; 21 MB<\/span><\/a><\/h3>\n<\/div>\n<div class=\"full\"><img decoding=\"async\" class=\"hr3 colorbox-5297\" src=\"\/wp-content\/themes\/arras\/images\/pirategalaxy\/isolator_big.png\" alt=\"separator pirate galaxy\" \/><br \/>\n<img decoding=\"async\" class=\"hr2 colorbox-5297\" src=\"\/wp-content\/themes\/arras\/images\/pirategalaxy\/background_faker.png\" alt=\"separator2 Pirate Galaxy\" \/><\/div>\n","protected":false},"excerpt":{"rendered":"<p>Pirate Galaxy &#8211; Ara&#x00e7;lar Ana Sayfa Fragman Ekran G&#x00f6;r&#x00fc;nt&#x00fc;leri Duvar Ka&#x011f;&#x0131;tlar&#x0131; 1920&#215;1200 1680&#215;1050 1280&#215;800 1280&#215;1024 1600&#215;1200 1024&#215;768 1920&#215;1200 1680&#215;1050 1280&#215;800 1280&#215;1024 1600&#215;1200 1024&#215;768 1920&#215;1200 1680&#215;1050 1280&#215;800 1280&#215;1024 1600&#215;1200 1024&#215;768 1920&#215;1200 [&hellip;]<\/p>\n","protected":false},"author":29,"featured_media":453,"parent":0,"menu_order":0,"comment_status":"closed","ping_status":"closed","template":"pagetpl-onecolumn.php","meta":{"footnotes":"","_links_to":"","_links_to_target":""},"class_list":["post-5297","page","type-page","status-publish","has-post-thumbnail","hentry"],"yoast_head":"<!-- This site is optimized with the Yoast SEO plugin v27.4 - https:\/\/yoast.com\/product\/yoast-seo-wordpress\/ -->\n<title>Ara\u00e7lar - Pirate Galaxy<\/title>\n<meta name=\"description\" content=\"Pirate Galaxy Ara\u00e7lar: Fragman, Ekran G\u00f6r\u00fcnt\u00fcleri, Duvar Ka\u011f\u0131d\u0131r, Konsept Sanat\" \/>\n<meta name=\"robots\" content=\"index, follow, max-snippet:-1, max-image-preview:large, max-video-preview:-1\" \/>\n<link rel=\"canonical\" href=\"https:\/\/pirategalaxy.com\/tr\/araclar\/\" \/>\n<meta property=\"og:locale\" content=\"tr_TR\" \/>\n<meta property=\"og:type\" content=\"article\" \/>\n<meta property=\"og:title\" content=\"Ara\u00e7lar - Pirate Galaxy\" \/>\n<meta property=\"og:description\" content=\"Pirate Galaxy Ara\u00e7lar: Fragman, Ekran G\u00f6r\u00fcnt\u00fcleri, Duvar Ka\u011f\u0131d\u0131r, Konsept Sanat\" \/>\n<meta property=\"og:url\" content=\"https:\/\/pirategalaxy.com\/tr\/araclar\/\" \/>\n<meta property=\"og:site_name\" content=\"Pirate Galaxy\" \/>\n<meta property=\"article:modified_time\" content=\"2021-06-02T11:29:31+00:00\" \/>\n<meta property=\"og:image\" content=\"https:\/\/pirategalaxy.com\/wp-content\/uploads\/2011\/02\/teaser_09.jpg\" \/>\n\t<meta property=\"og:image:width\" content=\"640\" \/>\n\t<meta property=\"og:image:height\" content=\"250\" \/>\n\t<meta property=\"og:image:type\" content=\"image\/jpeg\" \/>\n<meta name=\"twitter:label1\" content=\"Tahmini okuma s\u00fcresi\" \/>\n\t<meta name=\"twitter:data1\" content=\"1 dakika\" \/>\n<script type=\"application\/ld+json\" class=\"yoast-schema-graph\">{\"@context\":\"https:\\\/\\\/schema.org\",\"@graph\":[{\"@type\":\"WebPage\",\"@id\":\"https:\\\/\\\/pirategalaxy.com\\\/tr\\\/araclar\\\/\",\"url\":\"https:\\\/\\\/pirategalaxy.com\\\/tr\\\/araclar\\\/\",\"name\":\"Ara\u00e7lar - Pirate Galaxy\",\"isPartOf\":{\"@id\":\"https:\\\/\\\/pirategalaxy.com\\\/en\\\/#website\"},\"primaryImageOfPage\":{\"@id\":\"https:\\\/\\\/pirategalaxy.com\\\/tr\\\/araclar\\\/#primaryimage\"},\"image\":{\"@id\":\"https:\\\/\\\/pirategalaxy.com\\\/tr\\\/araclar\\\/#primaryimage\"},\"thumbnailUrl\":\"https:\\\/\\\/pirategalaxy.com\\\/wp-content\\\/uploads\\\/2011\\\/02\\\/teaser_09.jpg\",\"datePublished\":\"2010-12-29T23:18:51+00:00\",\"dateModified\":\"2021-06-02T11:29:31+00:00\",\"description\":\"Pirate Galaxy Ara\u00e7lar: Fragman, Ekran G\u00f6r\u00fcnt\u00fcleri, Duvar Ka\u011f\u0131d\u0131r, Konsept Sanat\",\"breadcrumb\":{\"@id\":\"https:\\\/\\\/pirategalaxy.com\\\/tr\\\/araclar\\\/#breadcrumb\"},\"inLanguage\":\"tr\",\"potentialAction\":[{\"@type\":\"ReadAction\",\"target\":[\"https:\\\/\\\/pirategalaxy.com\\\/tr\\\/araclar\\\/\"]}]},{\"@type\":\"ImageObject\",\"inLanguage\":\"tr\",\"@id\":\"https:\\\/\\\/pirategalaxy.com\\\/tr\\\/araclar\\\/#primaryimage\",\"url\":\"https:\\\/\\\/pirategalaxy.com\\\/wp-content\\\/uploads\\\/2011\\\/02\\\/teaser_09.jpg\",\"contentUrl\":\"https:\\\/\\\/pirategalaxy.com\\\/wp-content\\\/uploads\\\/2011\\\/02\\\/teaser_09.jpg\",\"width\":\"640\",\"height\":\"250\"},{\"@type\":\"BreadcrumbList\",\"@id\":\"https:\\\/\\\/pirategalaxy.com\\\/tr\\\/araclar\\\/#breadcrumb\",\"itemListElement\":[{\"@type\":\"ListItem\",\"position\":1,\"name\":\"Home\",\"item\":\"https:\\\/\\\/pirategalaxy.com\\\/tr\\\/\"},{\"@type\":\"ListItem\",\"position\":2,\"name\":\"Ara\u00e7lar\"}]},{\"@type\":\"WebSite\",\"@id\":\"https:\\\/\\\/pirategalaxy.com\\\/en\\\/#website\",\"url\":\"https:\\\/\\\/pirategalaxy.com\\\/en\\\/\",\"name\":\"Pirate Galaxy\",\"description\":\"\",\"potentialAction\":[{\"@type\":\"SearchAction\",\"target\":{\"@type\":\"EntryPoint\",\"urlTemplate\":\"https:\\\/\\\/pirategalaxy.com\\\/en\\\/?s={search_term_string}\"},\"query-input\":{\"@type\":\"PropertyValueSpecification\",\"valueRequired\":true,\"valueName\":\"search_term_string\"}}],\"inLanguage\":\"tr\"}]}<\/script>\n<!-- \/ Yoast SEO plugin. -->","yoast_head_json":{"title":"Ara\u00e7lar - Pirate Galaxy","description":"Pirate Galaxy Ara\u00e7lar: Fragman, Ekran G\u00f6r\u00fcnt\u00fcleri, Duvar Ka\u011f\u0131d\u0131r, Konsept Sanat","robots":{"index":"index","follow":"follow","max-snippet":"max-snippet:-1","max-image-preview":"max-image-preview:large","max-video-preview":"max-video-preview:-1"},"canonical":"https:\/\/pirategalaxy.com\/tr\/araclar\/","og_locale":"tr_TR","og_type":"article","og_title":"Ara\u00e7lar - Pirate Galaxy","og_description":"Pirate Galaxy Ara\u00e7lar: Fragman, Ekran G\u00f6r\u00fcnt\u00fcleri, Duvar Ka\u011f\u0131d\u0131r, Konsept Sanat","og_url":"https:\/\/pirategalaxy.com\/tr\/araclar\/","og_site_name":"Pirate Galaxy","article_modified_time":"2021-06-02T11:29:31+00:00","og_image":[{"width":640,"height":250,"url":"https:\/\/pirategalaxy.com\/wp-content\/uploads\/2011\/02\/teaser_09.jpg","type":"image\/jpeg"}],"twitter_misc":{"Tahmini okuma s\u00fcresi":"1 dakika"},"schema":{"@context":"https:\/\/schema.org","@graph":[{"@type":"WebPage","@id":"https:\/\/pirategalaxy.com\/tr\/araclar\/","url":"https:\/\/pirategalaxy.com\/tr\/araclar\/","name":"Ara\u00e7lar - Pirate Galaxy","isPartOf":{"@id":"https:\/\/pirategalaxy.com\/en\/#website"},"primaryImageOfPage":{"@id":"https:\/\/pirategalaxy.com\/tr\/araclar\/#primaryimage"},"image":{"@id":"https:\/\/pirategalaxy.com\/tr\/araclar\/#primaryimage"},"thumbnailUrl":"https:\/\/pirategalaxy.com\/wp-content\/uploads\/2011\/02\/teaser_09.jpg","datePublished":"2010-12-29T23:18:51+00:00","dateModified":"2021-06-02T11:29:31+00:00","description":"Pirate Galaxy Ara\u00e7lar: Fragman, Ekran G\u00f6r\u00fcnt\u00fcleri, Duvar Ka\u011f\u0131d\u0131r, Konsept Sanat","breadcrumb":{"@id":"https:\/\/pirategalaxy.com\/tr\/araclar\/#breadcrumb"},"inLanguage":"tr","potentialAction":[{"@type":"ReadAction","target":["https:\/\/pirategalaxy.com\/tr\/araclar\/"]}]},{"@type":"ImageObject","inLanguage":"tr","@id":"https:\/\/pirategalaxy.com\/tr\/araclar\/#primaryimage","url":"https:\/\/pirategalaxy.com\/wp-content\/uploads\/2011\/02\/teaser_09.jpg","contentUrl":"https:\/\/pirategalaxy.com\/wp-content\/uploads\/2011\/02\/teaser_09.jpg","width":"640","height":"250"},{"@type":"BreadcrumbList","@id":"https:\/\/pirategalaxy.com\/tr\/araclar\/#breadcrumb","itemListElement":[{"@type":"ListItem","position":1,"name":"Home","item":"https:\/\/pirategalaxy.com\/tr\/"},{"@type":"ListItem","position":2,"name":"Ara\u00e7lar"}]},{"@type":"WebSite","@id":"https:\/\/pirategalaxy.com\/en\/#website","url":"https:\/\/pirategalaxy.com\/en\/","name":"Pirate Galaxy","description":"","potentialAction":[{"@type":"SearchAction","target":{"@type":"EntryPoint","urlTemplate":"https:\/\/pirategalaxy.com\/en\/?s={search_term_string}"},"query-input":{"@type":"PropertyValueSpecification","valueRequired":true,"valueName":"search_term_string"}}],"inLanguage":"tr"}]}},"_links":{"self":[{"href":"https:\/\/pirategalaxy.com\/tr\/wp-json\/wp\/v2\/pages\/5297","targetHints":{"allow":["GET"]}}],"collection":[{"href":"https:\/\/pirategalaxy.com\/tr\/wp-json\/wp\/v2\/pages"}],"about":[{"href":"https:\/\/pirategalaxy.com\/tr\/wp-json\/wp\/v2\/types\/page"}],"author":[{"embeddable":true,"href":"https:\/\/pirategalaxy.com\/tr\/wp-json\/wp\/v2\/users\/29"}],"replies":[{"embeddable":true,"href":"https:\/\/pirategalaxy.com\/tr\/wp-json\/wp\/v2\/comments?post=5297"}],"version-history":[{"count":1,"href":"https:\/\/pirategalaxy.com\/tr\/wp-json\/wp\/v2\/pages\/5297\/revisions"}],"predecessor-version":[{"id":192619,"href":"https:\/\/pirategalaxy.com\/tr\/wp-json\/wp\/v2\/pages\/5297\/revisions\/192619"}],"wp:featuredmedia":[{"embeddable":true,"href":"https:\/\/pirategalaxy.com\/tr\/wp-json\/wp\/v2\/media\/453"}],"wp:attachment":[{"href":"https:\/\/pirategalaxy.com\/tr\/wp-json\/wp\/v2\/media?parent=5297"}],"curies":[{"name":"wp","href":"https:\/\/api.w.org\/{rel}","templated":true}]}}