{"id":5296,"date":"2012-10-31T10:22:47","date_gmt":"2012-10-31T09:22:47","guid":{"rendered":"http:\/\/pirategalaxy.com\/?page_id=5296"},"modified":"2022-11-24T16:07:50","modified_gmt":"2022-11-24T15:07:50","slug":"ana-sayfa","status":"publish","type":"page","link":"https:\/\/pirategalaxy.com\/tr\/","title":{"rendered":"Ana Sayfa"},"content":{"rendered":"<!-- Start vSlider options -->\r\n<script type=\"text\/javascript\">\r\nvar $jq = jQuery.noConflict(); $jq(document).ready(function() { \r\n    $jq('#homeTr').coinslider({ width: 972,     height: 360, spw: 3, sph: 2, delay: 6000, sDelay: 60, opacity: 0.7, titleSpeed: 0, effect: 'fade', navigation: false, links : true, stickynav: true, hoverPause: true }); }); \r\n    <\/script>\r\n<!-- Begin vSlider options -->\r\n<style type=\"text\/css\" media=\"screen\">\r\n#homeTrcontainer {\r\n    margin: 0px -5px -5px -1px;\r\n    float:none;\r\n    }\r\n#homeTr { \r\n    width: 972px; \r\n    height: 360px;\r\n    overflow: hidden; \r\n    position: relative; \r\n    }\r\n    \r\n\r\n    #homeTr a, #homeTr a img {\r\n        border: none !important; \r\n        text-decoration: none !important; \r\n        outline: none !important;\r\n        } \r\n        \r\n    #homeTr h4 {\r\n        color: #FFFFFF !important;\r\n        margin: 0px !important;padding: 0px !important;\r\n        font-family: Arial, Helvetica, sans-serif !important;\r\n        font-size: 16px !important;}\r\n        \r\n    #homeTr .cs-title {\r\n        background: #000000;\r\n        color: #FFFFFF  !important;\r\n        font-family: Arial, Helvetica, sans-serif !important;\r\n        font-size: 12px !important;\r\n        letter-spacing: normal !important;line-height: normal !important;}\r\n        \r\n    #homeTr .cs-title{ position:absolute;\r\n    width: 962px; padding: 10px;        }\r\n        #homeTrcontainer .cs-buttons {clear:both; font-size: 0px; margin: ; float: left; }\r\n       #cs-button-homeTr{ z-index:999;outline:none;}\r\n                #homeTrcontainer .cs-buttons { font-size: 0px; padding: 10px; float: left; outline: none !important;}\r\n           #homeTrcontainer .cs-buttons a { margin-left: 5px; height: 15px; width: 15px; float: left; \r\n                            background: url('https:\/\/pirategalaxy.com\/wp-content\/plugins\/vslider\/images\/default_style.png') no-repeat;background-position:top;\r\n                                                text-indent: -1000px;\r\n                                                outline: none !important;\r\n                             }\r\n             #homeTrcontainer .cs-buttons a:hover  { background: url('https:\/\/pirategalaxy.com\/wp-content\/plugins\/vslider\/images\/default_style.png') no-repeat;background-position: bottom;top:15px;outline: none !important;}\r\n            #homeTrcontainer  a.cs-active { background: url('https:\/\/pirategalaxy.com\/wp-content\/plugins\/vslider\/images\/default_style.png') no-repeat;background-position:bottom;outline: none !important;}          \r\n                                \r\n        \r\n                 #homeTr  .cs-prev,#homeTr  .cs-next { outline:none; }\r\n           #homeTr  .cs-prev {margin-left:8px; line-height: 30px;width: 30px;height:30px; background: url('https:\/\/pirategalaxy.com\/wp-content\/plugins\/vslider\/images\/nav_style2_arrows-prev.png')no-repeat; text-indent: -999px;}\r\n      #homeTr  .cs-next {margin-right: 5px; line-height: 30px;width: 30px;height:30px; background: url('https:\/\/pirategalaxy.com\/wp-content\/plugins\/vslider\/images\/nav_style2_arrows-next.png')no-repeat; text-indent: -999px;}\r\n         \r\n       #homeTr,#homeTr img {\r\n        border:0px solid #000; \r\n        border-radius:0px;\r\n        -moz-border-radius:0px;\r\n        -webkit-border-radius:0px;\r\n        }\r\n<\/style>\r\n<!-- End vSlider options -->\r\n    <div id=\"homeTrcontainer\">\r\n    <div id=\"homeTr\">       <a href=\"\" style=\"background:#fff;\" target=\"\">\r\n              <img class=\"colorbox-5296\"  decoding=\"async\" src=\"https:\/\/pirategalaxy.com\/wp-content\/plugins\/vslider\/timthumb.php?src=http%3A%2F%2Fpirategalaxy.com%2Fwp-content%2Fuploads%2F2012%2F10%2Fteaser_01.jpg&amp;w=972&amp;h=360&amp;zc=1&amp;q=80\" style=\"width:972px;height:360px;\" alt=\"Destans\u0131 Bir Hikaye\" \/>\r\n                    <span><h4>Destans\u0131 Bir Hikaye<\/h4>Kendini ancak ge\u00e7indiren basit bir ka\u00e7ak\u00e7\u0131dan insanl\u0131\u011f\u0131n kurtar\u0131c\u0131s\u0131 olmaya uzanan bir ser\u00fcven. Her \u015fey m\u00fcmk\u00fcn!<\/span>\r\n                <\/a>\r\n           <a href=\"\" style=\"background:#fff;\" target=\"\">\r\n              <img class=\"colorbox-5296\"  decoding=\"async\" src=\"https:\/\/pirategalaxy.com\/wp-content\/plugins\/vslider\/timthumb.php?src=http%3A%2F%2Fpirategalaxy.com%2Fwp-content%2Fuploads%2F2012%2F10%2Fteaser_02.jpg&amp;w=972&amp;h=360&amp;zc=1&amp;q=80\" style=\"width:972px;height:360px;\" alt=\"B\u00fcy\u00fck Bir Bilim Kurgu Ser\u00fcveni\" \/>\r\n                    <span><h4>B\u00fcy\u00fck Bir Bilim Kurgu Ser\u00fcveni<\/h4>Farkl\u0131 g\u00fcne\u015f sistemleri ve y\u00fczlerce g\u00f6revle dolu bu yolculu\u011fu ke\u015ffet!<\/span>\r\n                <\/a>\r\n           <a href=\"\" style=\"background:#fff;\" target=\"\">\r\n              <img class=\"colorbox-5296\"  decoding=\"async\" src=\"https:\/\/pirategalaxy.com\/wp-content\/plugins\/vslider\/timthumb.php?src=http%3A%2F%2Fpirategalaxy.com%2Fwp-content%2Fuploads%2F2012%2F10%2Fteaser_03.jpg&amp;w=972&amp;h=360&amp;zc=1&amp;q=80\" style=\"width:972px;height:360px;\" alt=\"Tehlikeli Uzayl\u0131lar Her Yerde\" \/>\r\n                    <span><h4>Tehlikeli Uzayl\u0131lar Her Yerde<\/h4>Dikkat - Mantisler ve onlar\u0131n hain krali\u00e7eleri kolay teslim olmayacaklar!<\/span>\r\n                <\/a>\r\n    <\/div><\/div>\n<div class=\"teaser\">&nbsp;<\/div>\n<h1 class=\"headline-home\">Pirate Galaxy &#8211; Destans\u0131 3D Uzay Ser\u00fcveni<\/h1>\n<div class=\"one_third\">\n<div class=\"Banner\">\n<div class=\"BannerInn\">\n<p class=\"BannerHead\">\u00d6zellikler<\/p>\n<h2 class=\"BannerH\">Pirate Galaxy &#8211; Y\u00fcksek Teknoloji 3D \u00c7evrimi\u00e7i Uzay Oyunu<\/h2>\n<div class=\"BannerText2\">\n<ul>\n<li>\u00dccretsiz oyna &#8211; taray\u0131c\u0131n \u00fczerinden<\/li>\n<li>Zengin 3D grafiklerin tad\u0131n\u0131 \u00e7\u0131kar<\/li>\n<li>Yo\u011fun ve stratejik uzay gemisi \u00e7at\u0131\u015fmalar\u0131nda egemen bir g\u00fc\u00e7 ol<\/li>\n<li>Say\u0131s\u0131z gezegenle dolu geni\u015f bir evreni ke\u015ffet<\/li>\n<li>Dopdolu bir hikayenin bir par\u00e7as\u0131 ol<\/li>\n<\/ul>\n<\/div>\n<\/div>\n<\/div>\n<\/div>\n<div class=\"one_third_m\">\n<p class=\"headline-home2 headline-home2-pos\">Fragman<\/p>\n<div class=\"lyte-wrapper fourthree\" style=\"width:420px;max-width:100%;margin:5px;\"><div class=\"lyMe\" id=\"WYL_PxWxWpf8rP8\"><div id=\"lyte_PxWxWpf8rP8\" data-src=\"https:\/\/pirategalaxy.com\/wp-content\/plugins\/wp-youtube-lyte\/lyteCache.php?origThumbUrl=%2F%2Fi.ytimg.com%2Fvi%2FPxWxWpf8rP8%2Fhqdefault.jpg\" class=\"pL\"><div class=\"tC\"><div class=\"tT\"><\/div><\/div><div class=\"play\"><\/div><div class=\"ctrl\"><div class=\"Lctrl\"><\/div><div class=\"Rctrl\"><\/div><\/div><\/div><noscript><a href=\"https:\/\/youtu.be\/PxWxWpf8rP8\" rel=\"nofollow\"><img class=\"colorbox-5296\"  loading=\"lazy\" decoding=\"async\" src=\"https:\/\/pirategalaxy.com\/wp-content\/plugins\/wp-youtube-lyte\/lyteCache.php?origThumbUrl=https%3A%2F%2Fi.ytimg.com%2Fvi%2FPxWxWpf8rP8%2F0.jpg\" alt=\"YouTube video thumbnail\" width=\"420\" height=\"295\" \/><br \/>Watch this video on YouTube<\/a><\/noscript><\/div><\/div><div class=\"lL\" style=\"max-width:100%;width:420px;margin:5px;\"><\/div><\/p>\n<\/div>\n<div class=\"one_third_last\">\n<div class=\"image1\">&nbsp;<\/div>\n<\/div>\n<p><img decoding=\"async\" class=\"hr-home colorbox-5296\" src=\"\/wp-content\/themes\/arras\/images\/pirategalaxy\/isolator_small.png\" alt=\"separator pirate galaxy\"><\/p>\n<div class=\"one_third\">\n<p class=\"headline-home2 headline-home2-pos headline-left\">Ekran G\u00f6r\u00fcnt\u00fcleri<\/p>\n<div class=\"gallery\"><dl class='gallery-item'>\n\t\t\t<dt class='gallery-icon landscape'>\n\t\t\t\t<a href='https:\/\/pirategalaxy.com\/wp-content\/uploads\/2012\/10\/PG04.jpg'><img loading=\"lazy\" decoding=\"async\" width=\"130\" height=\"80\" src=\"https:\/\/pirategalaxy.com\/wp-content\/uploads\/2012\/10\/PG04-130x80.jpg\" class=\"attachment-gallery_thumbnail size-gallery_thumbnail colorbox-5296 \" alt=\"Pirate Galaxy - Space Ship\" aria-describedby=\"gallery-1-15787\" \/><\/a>\n\t\t\t<\/dt>\n\t\t\t\t<dd class='wp-caption-text gallery-caption' id='gallery-1-15787'>\n\t\t\t\tPirate Galaxy Screenshot &#8211; A Pirate Galaxy space ship in space\n\t\t\t\t<\/dd><\/dl><dl class='gallery-item'>\n\t\t\t<dt class='gallery-icon landscape'>\n\t\t\t\t<a href='https:\/\/pirategalaxy.com\/wp-content\/uploads\/2012\/10\/PG05.jpg'><img loading=\"lazy\" decoding=\"async\" width=\"130\" height=\"80\" src=\"https:\/\/pirategalaxy.com\/wp-content\/uploads\/2012\/10\/PG05-130x80.jpg\" class=\"attachment-gallery_thumbnail size-gallery_thumbnail colorbox-5296 \" alt=\"Pirate Galaxy - Space Ship Battle\" aria-describedby=\"gallery-1-15788\" \/><\/a>\n\t\t\t<\/dt>\n\t\t\t\t<dd class='wp-caption-text gallery-caption' id='gallery-1-15788'>\n\t\t\t\tPirate Galaxy Screenshot &#8211; A Pirate Galaxy space ship in battle\n\t\t\t\t<\/dd><\/dl><br style=\"clear: both\" \/><dl class='gallery-item'>\n\t\t\t<dt class='gallery-icon landscape'>\n\t\t\t\t<a href='https:\/\/pirategalaxy.com\/wp-content\/uploads\/2012\/10\/PG06.jpg'><img loading=\"lazy\" decoding=\"async\" width=\"130\" height=\"80\" src=\"https:\/\/pirategalaxy.com\/wp-content\/uploads\/2012\/10\/PG06-130x80.jpg\" class=\"attachment-gallery_thumbnail size-gallery_thumbnail colorbox-5296 \" alt=\"Pirate Galaxy - Fantastic Planets\" aria-describedby=\"gallery-1-15789\" \/><\/a>\n\t\t\t<\/dt>\n\t\t\t\t<dd class='wp-caption-text gallery-caption' id='gallery-1-15789'>\n\t\t\t\tPirate Galaxy Screenshot &#8211; A fantastic Pirate Galaxy space planet\n\t\t\t\t<\/dd><\/dl><dl class='gallery-item'>\n\t\t\t<dt class='gallery-icon landscape'>\n\t\t\t\t<a href='https:\/\/pirategalaxy.com\/wp-content\/uploads\/2012\/10\/PG07.jpg'><img loading=\"lazy\" decoding=\"async\" width=\"130\" height=\"80\" src=\"https:\/\/pirategalaxy.com\/wp-content\/uploads\/2012\/10\/PG07-130x80.jpg\" class=\"attachment-gallery_thumbnail size-gallery_thumbnail colorbox-5296 \" alt=\"Pirate Galaxy - Battle Over the Ocean\" aria-describedby=\"gallery-1-15790\" \/><\/a>\n\t\t\t<\/dt>\n\t\t\t\t<dd class='wp-caption-text gallery-caption' id='gallery-1-15790'>\n\t\t\t\tPirate Galaxy Screenshot &#8211; A 3D space battle over the ocean\n\t\t\t\t<\/dd><\/dl><br style=\"clear: both\" \/><dl class='gallery-item'>\n\t\t\t<dt class='gallery-icon landscape'>\n\t\t\t\t<a href='https:\/\/pirategalaxy.com\/wp-content\/uploads\/2012\/10\/PG09.jpg'><img loading=\"lazy\" decoding=\"async\" width=\"130\" height=\"80\" src=\"https:\/\/pirategalaxy.com\/wp-content\/uploads\/2012\/10\/PG09-130x80.jpg\" class=\"attachment-gallery_thumbnail size-gallery_thumbnail colorbox-5296 \" alt=\"Pirate Galaxy - Solar System\" aria-describedby=\"gallery-1-15791\" \/><\/a>\n\t\t\t<\/dt>\n\t\t\t\t<dd class='wp-caption-text gallery-caption' id='gallery-1-15791'>\n\t\t\t\tPirate Galaxy Screenshot &#8211;  Pirate Galaxy offers you different solar systems\n\t\t\t\t<\/dd><\/dl><dl class='gallery-item'>\n\t\t\t<dt class='gallery-icon landscape'>\n\t\t\t\t<a href='https:\/\/pirategalaxy.com\/wp-content\/uploads\/2012\/10\/PG10.jpg'><img loading=\"lazy\" decoding=\"async\" width=\"130\" height=\"80\" src=\"https:\/\/pirategalaxy.com\/wp-content\/uploads\/2012\/10\/PG10-130x80.jpg\" class=\"attachment-gallery_thumbnail size-gallery_thumbnail colorbox-5296 \" alt=\"Pirate Galaxy - Orbit View\" aria-describedby=\"gallery-1-15792\" \/><\/a>\n\t\t\t<\/dt>\n\t\t\t\t<dd class='wp-caption-text gallery-caption' id='gallery-1-15792'>\n\t\t\t\tPirate Galaxy Screenshot &#8211;  Pirate Galaxy fantastic orbit view\n\t\t\t\t<\/dd><\/dl><br style=\"clear: both\" \/><dl class='gallery-item'>\n\t\t\t<dt class='gallery-icon landscape'>\n\t\t\t\t<a href='https:\/\/pirategalaxy.com\/wp-content\/uploads\/2012\/10\/PG11.jpg'><img loading=\"lazy\" decoding=\"async\" width=\"130\" height=\"80\" src=\"https:\/\/pirategalaxy.com\/wp-content\/uploads\/2012\/10\/PG11-130x80.jpg\" class=\"attachment-gallery_thumbnail size-gallery_thumbnail colorbox-5296 \" alt=\"Pirate Galaxy - User Interface\" aria-describedby=\"gallery-1-15793\" \/><\/a>\n\t\t\t<\/dt>\n\t\t\t\t<dd class='wp-caption-text gallery-caption' id='gallery-1-15793'>\n\t\t\t\tPirate Galaxy Screenshot &#8211;  Pirate Galaxy offers you a unique user interface\n\t\t\t\t<\/dd><\/dl><dl class='gallery-item'>\n\t\t\t<dt class='gallery-icon landscape'>\n\t\t\t\t<a href='https:\/\/pirategalaxy.com\/wp-content\/uploads\/2012\/10\/PG12.jpg'><img loading=\"lazy\" decoding=\"async\" width=\"130\" height=\"80\" src=\"https:\/\/pirategalaxy.com\/wp-content\/uploads\/2012\/10\/PG12-130x80.jpg\" class=\"attachment-gallery_thumbnail size-gallery_thumbnail colorbox-5296 \" alt=\"Pirate Galaxy - Space Station\" aria-describedby=\"gallery-1-15794\" \/><\/a>\n\t\t\t<\/dt>\n\t\t\t\t<dd class='wp-caption-text gallery-caption' id='gallery-1-15794'>\n\t\t\t\tPirate Galaxy Screenshot &#8211;  Pirate Galaxy space station\n\t\t\t\t<\/dd><\/dl><br style=\"clear: both\" \/>\n\t\t<\/div>\n\n<\/div>\n<div class=\"two_thirds\">\n<p class=\"headline-home2 headline-home2-pos\">Hikaye<\/p>\n<h2 class=\"Texth2\">Pirate Galaxy &#8211; Korsanlar\u0131n Uzay Oyunu<\/h2>\n<p>Uzay oyunu Pirate Galaxy&#8217;de, insanl\u0131\u011f\u0131n kalan son uzay kolonilerinden birindeki bir ka\u00e7ak\u00e7\u0131n\u0131n yerine ge\u00e7ersin. \u00c7ok say\u0131da gezegen sistemi ve binlerce g\u00f6rev i\u00e7eren Pirate Galaxy destans\u0131 bir uzay oyunudur. Hayatta kalmak i\u00e7in, galakside sava\u015farak kendi yolunu bulmal\u0131s\u0131n.<\/p>\n<h2 class=\"Texth2\">Pirate Galaxy: \u0130mparatorluk Yozla\u015fm\u0131\u015f!<\/h2>\n<p>\u0130nsan kolonileri Mantisler taraf\u0131ndan istila edilmi\u015f, \u0130mparatorluk da onlara ihanet etmi\u015fti. Say\u0131ca \u00fcst\u00fcn gelen bu davetsiz uzayl\u0131 misafirlerin, yani d\u00fc\u015fmanlar\u0131n artan g\u00fcc\u00fc kar\u015f\u0131s\u0131nda kolonyal kuvvetler direnmeye \u00e7abalam\u0131\u015ft\u0131. Fakat insanlar evlerini kaybetmi\u015f, direni\u015f k\u0131r\u0131lm\u0131\u015ft\u0131. Ve \u015fimdi, kolonyal kuvvetlerin saklanma yeri olan Vega Sistemi, kendilerine kar\u015f\u0131 ba\u015flat\u0131lacak bir nihai sald\u0131r\u0131 s\u00f6ylentisiyle korku i\u00e7inde. Fakat tek sorun bu de\u011fil: bir de ka\u00e7ak\u00e7\u0131lar var, yani zengin madencilik gezegenlerindeki birka\u00e7 de\u011ferli Cryonite kristali i\u00e7in kendi t\u00fcrlerine ihanet eden \u00e7aresiz uzay pilotlar\u0131. Mantisler&#8217;in sald\u0131rmak \u00fczere oldu\u011fu d\u00fc\u015f\u00fcn\u00fcl\u00fcrse, acaba kolonyal kuvvetler ve ka\u00e7ak\u00e7\u0131lar ortak d\u00fc\u015fmanlar\u0131na birlikte kar\u015f\u0131 koyabilecekler mi?<\/p>\n<h2 class=\"Texth2\">Uzay Oyunu Pirate Galaxy&#8217;ye Sen de Kat\u0131l!<\/h2>\n<p>Oyuna bir ka\u00e7ak\u00e7\u0131 olarak ba\u015flay\u0131p kendin i\u00e7in \u00e7al\u0131p \u00e7\u0131rparken, karanl\u0131k karakterlerin sana verdi\u011fi g\u00f6revleri yerine getiriyorsun. Ancak bir noktadan sonra, ka\u00e7ak\u00e7\u0131lar ve kolonyal muhaf\u0131zlar Mantisler&#8217;e kar\u015f\u0131 g\u00fc\u00e7lerini birle\u015ftirmek zorundalar. Pirate Galaxy fantastik bir 3D \u00e7evrimi\u00e7i taray\u0131c\u0131 oyunudur (MMO), hem de uzayda. \u015eimdi \u00fccretsiz oyna.<\/p>\n<div class=\"playnow-home\">\n<div style=\"left: 72px; position: relative; top: 39px;\"><a id=\"playnow\" class=\"colorbox-link cboxElement\" href=\"https:\/\/api.splitscreenstudios.com\/account.php\/start\/pirategalaxy?lang=tr&amp;affiliateId=0&amp;campaignId=0&amp;referrer=\"><img class=\"colorbox-5296\"  decoding=\"async\" src=\"\/wp-content\/themes\/arras\/images\/pirategalaxy\/playnow\/tr\/cta_playnow.gif\" alt=\"\"><\/a><\/div>\n<\/div>\n<\/div>\n","protected":false},"excerpt":{"rendered":"<p>&nbsp; Pirate Galaxy &#8211; Destans\u0131 3D Uzay Ser\u00fcveni \u00d6zellikler Pirate Galaxy &#8211; Y\u00fcksek Teknoloji 3D \u00c7evrimi\u00e7i Uzay Oyunu \u00dccretsiz oyna &#8211; taray\u0131c\u0131n \u00fczerinden Zengin 3D grafiklerin tad\u0131n\u0131 \u00e7\u0131kar Yo\u011fun ve [&hellip;]<\/p>\n","protected":false},"author":29,"featured_media":453,"parent":0,"menu_order":0,"comment_status":"closed","ping_status":"closed","template":"pagetpl-onecolumn-home-pg.php","meta":{"footnotes":"","_links_to":"","_links_to_target":""},"class_list":["post-5296","page","type-page","status-publish","has-post-thumbnail","hentry"],"yoast_head":"<!-- This site is optimized with the Yoast SEO plugin v27.4 - https:\/\/yoast.com\/product\/yoast-seo-wordpress\/ -->\n<title>Pirate Galaxy - Destans\u0131 3D Uzay Ser\u00fcveni<\/title>\n<meta name=\"description\" content=\"MetaTag.Home=Pirate Galaxy, \u00dccretsiz Y\u00fcksek Kaliteli 3D \u00c7evrimi\u00e7i Oyun. Y\u00fczlerce ser\u00fcven ve farkl\u0131 g\u00fcne\u015f sistemleri ile dopdolu bir evreni ke\u015ffet. \u015eimdi \u00fccretsiz oyna.\" \/>\n<meta name=\"robots\" content=\"index, follow, max-snippet:-1, max-image-preview:large, max-video-preview:-1\" \/>\n<link rel=\"canonical\" href=\"https:\/\/pirategalaxy.com\/tr\/\" \/>\n<meta property=\"og:locale\" content=\"tr_TR\" \/>\n<meta property=\"og:type\" content=\"article\" \/>\n<meta property=\"og:title\" content=\"Pirate Galaxy - Destans\u0131 3D Uzay Ser\u00fcveni\" \/>\n<meta property=\"og:description\" content=\"MetaTag.Home=Pirate Galaxy, \u00dccretsiz Y\u00fcksek Kaliteli 3D \u00c7evrimi\u00e7i Oyun. Y\u00fczlerce ser\u00fcven ve farkl\u0131 g\u00fcne\u015f sistemleri ile dopdolu bir evreni ke\u015ffet. \u015eimdi \u00fccretsiz oyna.\" \/>\n<meta property=\"og:url\" content=\"https:\/\/pirategalaxy.com\/tr\/\" \/>\n<meta property=\"og:site_name\" content=\"Pirate Galaxy\" \/>\n<meta property=\"article:modified_time\" content=\"2022-11-24T15:07:50+00:00\" \/>\n<meta property=\"og:image\" content=\"https:\/\/pirategalaxy.com\/wp-content\/uploads\/2012\/10\/PG04-130x80.jpg\" \/>\n<meta name=\"twitter:label1\" content=\"Tahmini okuma s\u00fcresi\" \/>\n\t<meta name=\"twitter:data1\" content=\"2 dakika\" \/>\n<script type=\"application\/ld+json\" class=\"yoast-schema-graph\">{\"@context\":\"https:\\\/\\\/schema.org\",\"@graph\":[{\"@type\":\"WebPage\",\"@id\":\"https:\\\/\\\/pirategalaxy.com\\\/tr\\\/\",\"url\":\"https:\\\/\\\/pirategalaxy.com\\\/tr\\\/\",\"name\":\"Pirate Galaxy - Destans\u0131 3D Uzay Ser\u00fcveni\",\"isPartOf\":{\"@id\":\"https:\\\/\\\/pirategalaxy.com\\\/en\\\/#website\"},\"primaryImageOfPage\":{\"@id\":\"https:\\\/\\\/pirategalaxy.com\\\/tr\\\/#primaryimage\"},\"image\":{\"@id\":\"https:\\\/\\\/pirategalaxy.com\\\/tr\\\/#primaryimage\"},\"thumbnailUrl\":\"https:\\\/\\\/pirategalaxy.com\\\/wp-content\\\/uploads\\\/2011\\\/02\\\/teaser_09.jpg\",\"datePublished\":\"2012-10-31T09:22:47+00:00\",\"dateModified\":\"2022-11-24T15:07:50+00:00\",\"description\":\"MetaTag.Home=Pirate Galaxy, \u00dccretsiz Y\u00fcksek Kaliteli 3D \u00c7evrimi\u00e7i Oyun. Y\u00fczlerce ser\u00fcven ve farkl\u0131 g\u00fcne\u015f sistemleri ile dopdolu bir evreni ke\u015ffet. \u015eimdi \u00fccretsiz oyna.\",\"breadcrumb\":{\"@id\":\"https:\\\/\\\/pirategalaxy.com\\\/tr\\\/#breadcrumb\"},\"inLanguage\":\"tr\",\"potentialAction\":[{\"@type\":\"ReadAction\",\"target\":[\"https:\\\/\\\/pirategalaxy.com\\\/tr\\\/\"]}]},{\"@type\":\"ImageObject\",\"inLanguage\":\"tr\",\"@id\":\"https:\\\/\\\/pirategalaxy.com\\\/tr\\\/#primaryimage\",\"url\":\"https:\\\/\\\/pirategalaxy.com\\\/wp-content\\\/uploads\\\/2011\\\/02\\\/teaser_09.jpg\",\"contentUrl\":\"https:\\\/\\\/pirategalaxy.com\\\/wp-content\\\/uploads\\\/2011\\\/02\\\/teaser_09.jpg\",\"width\":\"640\",\"height\":\"250\"},{\"@type\":\"BreadcrumbList\",\"@id\":\"https:\\\/\\\/pirategalaxy.com\\\/tr\\\/#breadcrumb\",\"itemListElement\":[{\"@type\":\"ListItem\",\"position\":1,\"name\":\"Home\",\"item\":\"https:\\\/\\\/pirategalaxy.com\\\/tr\\\/\"},{\"@type\":\"ListItem\",\"position\":2,\"name\":\"Ana Sayfa\"}]},{\"@type\":\"WebSite\",\"@id\":\"https:\\\/\\\/pirategalaxy.com\\\/en\\\/#website\",\"url\":\"https:\\\/\\\/pirategalaxy.com\\\/en\\\/\",\"name\":\"Pirate Galaxy\",\"description\":\"\",\"potentialAction\":[{\"@type\":\"SearchAction\",\"target\":{\"@type\":\"EntryPoint\",\"urlTemplate\":\"https:\\\/\\\/pirategalaxy.com\\\/en\\\/?s={search_term_string}\"},\"query-input\":{\"@type\":\"PropertyValueSpecification\",\"valueRequired\":true,\"valueName\":\"search_term_string\"}}],\"inLanguage\":\"tr\"}]}<\/script>\n<!-- \/ Yoast SEO plugin. -->","yoast_head_json":{"title":"Pirate Galaxy - Destans\u0131 3D Uzay Ser\u00fcveni","description":"MetaTag.Home=Pirate Galaxy, \u00dccretsiz Y\u00fcksek Kaliteli 3D \u00c7evrimi\u00e7i Oyun. Y\u00fczlerce ser\u00fcven ve farkl\u0131 g\u00fcne\u015f sistemleri ile dopdolu bir evreni ke\u015ffet. \u015eimdi \u00fccretsiz oyna.","robots":{"index":"index","follow":"follow","max-snippet":"max-snippet:-1","max-image-preview":"max-image-preview:large","max-video-preview":"max-video-preview:-1"},"canonical":"https:\/\/pirategalaxy.com\/tr\/","og_locale":"tr_TR","og_type":"article","og_title":"Pirate Galaxy - Destans\u0131 3D Uzay Ser\u00fcveni","og_description":"MetaTag.Home=Pirate Galaxy, \u00dccretsiz Y\u00fcksek Kaliteli 3D \u00c7evrimi\u00e7i Oyun. Y\u00fczlerce ser\u00fcven ve farkl\u0131 g\u00fcne\u015f sistemleri ile dopdolu bir evreni ke\u015ffet. \u015eimdi \u00fccretsiz oyna.","og_url":"https:\/\/pirategalaxy.com\/tr\/","og_site_name":"Pirate Galaxy","article_modified_time":"2022-11-24T15:07:50+00:00","og_image":[{"url":"https:\/\/pirategalaxy.com\/wp-content\/uploads\/2012\/10\/PG04-130x80.jpg","type":"","width":"","height":""}],"twitter_misc":{"Tahmini okuma s\u00fcresi":"2 dakika"},"schema":{"@context":"https:\/\/schema.org","@graph":[{"@type":"WebPage","@id":"https:\/\/pirategalaxy.com\/tr\/","url":"https:\/\/pirategalaxy.com\/tr\/","name":"Pirate Galaxy - Destans\u0131 3D Uzay Ser\u00fcveni","isPartOf":{"@id":"https:\/\/pirategalaxy.com\/en\/#website"},"primaryImageOfPage":{"@id":"https:\/\/pirategalaxy.com\/tr\/#primaryimage"},"image":{"@id":"https:\/\/pirategalaxy.com\/tr\/#primaryimage"},"thumbnailUrl":"https:\/\/pirategalaxy.com\/wp-content\/uploads\/2011\/02\/teaser_09.jpg","datePublished":"2012-10-31T09:22:47+00:00","dateModified":"2022-11-24T15:07:50+00:00","description":"MetaTag.Home=Pirate Galaxy, \u00dccretsiz Y\u00fcksek Kaliteli 3D \u00c7evrimi\u00e7i Oyun. Y\u00fczlerce ser\u00fcven ve farkl\u0131 g\u00fcne\u015f sistemleri ile dopdolu bir evreni ke\u015ffet. \u015eimdi \u00fccretsiz oyna.","breadcrumb":{"@id":"https:\/\/pirategalaxy.com\/tr\/#breadcrumb"},"inLanguage":"tr","potentialAction":[{"@type":"ReadAction","target":["https:\/\/pirategalaxy.com\/tr\/"]}]},{"@type":"ImageObject","inLanguage":"tr","@id":"https:\/\/pirategalaxy.com\/tr\/#primaryimage","url":"https:\/\/pirategalaxy.com\/wp-content\/uploads\/2011\/02\/teaser_09.jpg","contentUrl":"https:\/\/pirategalaxy.com\/wp-content\/uploads\/2011\/02\/teaser_09.jpg","width":"640","height":"250"},{"@type":"BreadcrumbList","@id":"https:\/\/pirategalaxy.com\/tr\/#breadcrumb","itemListElement":[{"@type":"ListItem","position":1,"name":"Home","item":"https:\/\/pirategalaxy.com\/tr\/"},{"@type":"ListItem","position":2,"name":"Ana Sayfa"}]},{"@type":"WebSite","@id":"https:\/\/pirategalaxy.com\/en\/#website","url":"https:\/\/pirategalaxy.com\/en\/","name":"Pirate Galaxy","description":"","potentialAction":[{"@type":"SearchAction","target":{"@type":"EntryPoint","urlTemplate":"https:\/\/pirategalaxy.com\/en\/?s={search_term_string}"},"query-input":{"@type":"PropertyValueSpecification","valueRequired":true,"valueName":"search_term_string"}}],"inLanguage":"tr"}]}},"_links":{"self":[{"href":"https:\/\/pirategalaxy.com\/tr\/wp-json\/wp\/v2\/pages\/5296","targetHints":{"allow":["GET"]}}],"collection":[{"href":"https:\/\/pirategalaxy.com\/tr\/wp-json\/wp\/v2\/pages"}],"about":[{"href":"https:\/\/pirategalaxy.com\/tr\/wp-json\/wp\/v2\/types\/page"}],"author":[{"embeddable":true,"href":"https:\/\/pirategalaxy.com\/tr\/wp-json\/wp\/v2\/users\/29"}],"replies":[{"embeddable":true,"href":"https:\/\/pirategalaxy.com\/tr\/wp-json\/wp\/v2\/comments?post=5296"}],"version-history":[{"count":3,"href":"https:\/\/pirategalaxy.com\/tr\/wp-json\/wp\/v2\/pages\/5296\/revisions"}],"predecessor-version":[{"id":314448,"href":"https:\/\/pirategalaxy.com\/tr\/wp-json\/wp\/v2\/pages\/5296\/revisions\/314448"}],"wp:featuredmedia":[{"embeddable":true,"href":"https:\/\/pirategalaxy.com\/tr\/wp-json\/wp\/v2\/media\/453"}],"wp:attachment":[{"href":"https:\/\/pirategalaxy.com\/tr\/wp-json\/wp\/v2\/media?parent=5296"}],"curies":[{"name":"wp","href":"https:\/\/api.w.org\/{rel}","templated":true}]}}