{"id":7701,"date":"2012-10-31T10:22:47","date_gmt":"2012-10-31T09:22:47","guid":{"rendered":"http:\/\/pirategalaxy.com\/home-3"},"modified":"2022-11-24T16:07:27","modified_gmt":"2022-11-24T15:07:27","slug":"inicio","status":"publish","type":"page","link":"https:\/\/pirategalaxy.com\/pt\/","title":{"rendered":"In\u00edcio"},"content":{"rendered":"<!-- Start vSlider options -->\r\n<script type=\"text\/javascript\">\r\nvar $jq = jQuery.noConflict(); $jq(document).ready(function() { \r\n    $jq('#homePt').coinslider({ width: 972,     height: 360, spw: 3, sph: 2, delay: 6000, sDelay: 60, opacity: 0.7, titleSpeed: 0, effect: 'fade', navigation: false, links : true, stickynav: true, hoverPause: true }); }); \r\n    <\/script>\r\n<!-- Begin vSlider options -->\r\n<style type=\"text\/css\" media=\"screen\">\r\n#homePtcontainer {\r\n    margin: 0px -5px -5px -1px;\r\n    float:none;\r\n    }\r\n#homePt { \r\n    width: 972px; \r\n    height: 360px;\r\n    overflow: hidden; \r\n    position: relative; \r\n    }\r\n    \r\n\r\n    #homePt a, #homePt a img {\r\n        border: none !important; \r\n        text-decoration: none !important; \r\n        outline: none !important;\r\n        } \r\n        \r\n    #homePt h4 {\r\n        color: #FFFFFF !important;\r\n        margin: 0px !important;padding: 0px !important;\r\n        font-family: Arial, Helvetica, sans-serif !important;\r\n        font-size: 16px !important;}\r\n        \r\n    #homePt .cs-title {\r\n        background: #000000;\r\n        color: #FFFFFF  !important;\r\n        font-family: Arial, Helvetica, sans-serif !important;\r\n        font-size: 12px !important;\r\n        letter-spacing: normal !important;line-height: normal !important;}\r\n        \r\n    #homePt .cs-title{ position:absolute;\r\n    width: 962px; padding: 10px;        }\r\n        #homePtcontainer .cs-buttons {clear:both; font-size: 0px; margin: ; float: left; }\r\n       #cs-button-homePt{ z-index:999;outline:none;}\r\n                #homePtcontainer .cs-buttons { font-size: 0px; padding: 10px; float: left; outline: none !important;}\r\n           #homePtcontainer .cs-buttons a { margin-left: 5px; height: 15px; width: 15px; float: left; \r\n                            background: url('https:\/\/pirategalaxy.com\/wp-content\/plugins\/vslider\/images\/default_style.png') no-repeat;background-position:top;\r\n                                                text-indent: -1000px;\r\n                                                outline: none !important;\r\n                             }\r\n             #homePtcontainer .cs-buttons a:hover  { background: url('https:\/\/pirategalaxy.com\/wp-content\/plugins\/vslider\/images\/default_style.png') no-repeat;background-position: bottom;top:15px;outline: none !important;}\r\n            #homePtcontainer  a.cs-active { background: url('https:\/\/pirategalaxy.com\/wp-content\/plugins\/vslider\/images\/default_style.png') no-repeat;background-position:bottom;outline: none !important;}          \r\n                                \r\n        \r\n                 #homePt  .cs-prev,#homePt  .cs-next { outline:none; }\r\n           #homePt  .cs-prev {margin-left:8px; line-height: 30px;width: 30px;height:30px; background: url('https:\/\/pirategalaxy.com\/wp-content\/plugins\/vslider\/images\/nav_style2_arrows-prev.png')no-repeat; text-indent: -999px;}\r\n      #homePt  .cs-next {margin-right: 5px; line-height: 30px;width: 30px;height:30px; background: url('https:\/\/pirategalaxy.com\/wp-content\/plugins\/vslider\/images\/nav_style2_arrows-next.png')no-repeat; text-indent: -999px;}\r\n         \r\n       #homePt,#homePt img {\r\n        border:0px solid #000; \r\n        border-radius:0px;\r\n        -moz-border-radius:0px;\r\n        -webkit-border-radius:0px;\r\n        }\r\n<\/style>\r\n<!-- End vSlider options -->\r\n    <div id=\"homePtcontainer\">\r\n    <div id=\"homePt\">       <a href=\"\" style=\"background:#fff;\" target=\"\">\r\n              <img class=\"colorbox-7701\"  decoding=\"async\" src=\"https:\/\/pirategalaxy.com\/wp-content\/plugins\/vslider\/timthumb.php?src=http%3A%2F%2Fpirategalaxy.com%2Fwp-content%2Fuploads%2F2012%2F10%2Fteaser_01.jpg&amp;w=972&amp;h=360&amp;zc=1&amp;q=80\" style=\"width:972px;height:360px;\" alt=\"Uma hist\u00f3ria \u00e9pica\" \/>\r\n                    <span><h4>Uma hist\u00f3ria \u00e9pica<\/h4>De um pequeno contrabandista que se tornou o salvador da humanidade. Tudo \u00e9 poss\u00edvel!<\/span>\r\n                <\/a>\r\n           <a href=\"\" style=\"background:#fff;\" target=\"\">\r\n              <img class=\"colorbox-7701\"  decoding=\"async\" src=\"https:\/\/pirategalaxy.com\/wp-content\/plugins\/vslider\/timthumb.php?src=http%3A%2F%2Fpirategalaxy.com%2Fwp-content%2Fuploads%2F2012%2F10%2Fteaser_02.jpg&amp;w=972&amp;h=360&amp;zc=1&amp;q=80\" style=\"width:972px;height:360px;\" alt=\"Uma aventura emocionante de fic\u00e7\u00e3o cient\u00edfica \" \/>\r\n                    <span><h4>Uma aventura emocionante de fic\u00e7\u00e3o cient\u00edfica <\/h4>Explore o universo inteiro cheio de diferentes sistemas solares e centenas de miss\u00f5es!<\/span>\r\n                <\/a>\r\n           <a href=\"\" style=\"background:#fff;\" target=\"\">\r\n              <img class=\"colorbox-7701\"  decoding=\"async\" src=\"https:\/\/pirategalaxy.com\/wp-content\/plugins\/vslider\/timthumb.php?src=http%3A%2F%2Fpirategalaxy.com%2Fwp-content%2Fuploads%2F2012%2F10%2Fteaser_03.jpg&amp;w=972&amp;h=360&amp;zc=1&amp;q=80\" style=\"width:972px;height:360px;\" alt=\"Aliens perigosos por todo lado\" \/>\r\n                    <span><h4>Aliens perigosos por todo lado<\/h4>Fique experto - Os Mantis e sua rainha trai\u00e7oeira n\u00e3o v\u00e3o ceder facilmente!<\/span>\r\n                <\/a>\r\n    <\/div><\/div>\n<div class=\"teaser\">&nbsp;<\/div>\n<h1 class=\"headline-home\">Pirate Galaxy &#8211; A Aventura Espacial \u00e9pica 3D<\/h1>\n<div class=\"one_third\">\n<div class=\"Banner\">\n<div class=\"BannerInn\">\n<p class=\"BannerHead\">Caracter\u00edsticas<\/p>\n<h2 class=\"BannerH\">Pirate Galaxy &#8211; jogo espacial online com gr\u00e1ficos 3D de \u00faltima gera\u00e7\u00e3o<\/h2>\n<div class=\"BannerText2\">\n<ul>\n<li>Jogue de gra\u00e7a ? no seu navegador<\/li>\n<li>Desfrute de gr\u00e1ficos 3D<\/li>\n<li>Domine o intenso combate espacial t\u00e1tico<\/li>\n<li>Explore um universo vasto, com in\u00fameros planetas<\/li>\n<li>Jogue numa hist\u00f3ria creativa com um enredo emocionante<\/li>\n<\/ul>\n<\/div>\n<\/div>\n<\/div>\n<\/div>\n<div class=\"one_third_m\">\n<p class=\"headline-home2 headline-home2-pos\">Reboque<\/p>\n<div class=\"lyte-wrapper fourthree\" style=\"width:420px;max-width:100%;margin:5px;\"><div class=\"lyMe\" id=\"WYL_PxWxWpf8rP8\"><div id=\"lyte_PxWxWpf8rP8\" data-src=\"https:\/\/pirategalaxy.com\/wp-content\/plugins\/wp-youtube-lyte\/lyteCache.php?origThumbUrl=%2F%2Fi.ytimg.com%2Fvi%2FPxWxWpf8rP8%2Fhqdefault.jpg\" class=\"pL\"><div class=\"tC\"><div class=\"tT\"><\/div><\/div><div class=\"play\"><\/div><div class=\"ctrl\"><div class=\"Lctrl\"><\/div><div class=\"Rctrl\"><\/div><\/div><\/div><noscript><a href=\"https:\/\/youtu.be\/PxWxWpf8rP8\" rel=\"nofollow\"><img class=\"colorbox-7701\"  loading=\"lazy\" decoding=\"async\" src=\"https:\/\/pirategalaxy.com\/wp-content\/plugins\/wp-youtube-lyte\/lyteCache.php?origThumbUrl=https%3A%2F%2Fi.ytimg.com%2Fvi%2FPxWxWpf8rP8%2F0.jpg\" alt=\"YouTube video thumbnail\" width=\"420\" height=\"295\" \/><br \/>Assista a este v\u00eddeo no YouTube<\/a><\/noscript><\/div><\/div><div class=\"lL\" style=\"max-width:100%;width:420px;margin:5px;\"><\/div>\n<\/p><\/div>\n<div class=\"one_third_last\">\n<div class=\"image1\">&nbsp;<\/div>\n<\/div>\n<p><img decoding=\"async\" class=\"hr-home colorbox-7701\" src=\"\/wp-content\/themes\/arras\/images\/pirategalaxy\/isolator_small.png\" alt=\"separator pirate galaxy\"><\/p>\n<div class=\"one_third\">\n<p class=\"headline-home2 headline-home2-pos headline-left\">Screenshots<\/p>\n<div class=\"gallery\"><dl class='gallery-item'>\n\t\t\t<dt class='gallery-icon landscape'>\n\t\t\t\t<a href='https:\/\/pirategalaxy.com\/wp-content\/uploads\/2012\/10\/PG04.jpg'><img loading=\"lazy\" decoding=\"async\" width=\"130\" height=\"80\" src=\"https:\/\/pirategalaxy.com\/wp-content\/uploads\/2012\/10\/PG04-130x80.jpg\" class=\"attachment-gallery_thumbnail size-gallery_thumbnail colorbox-7701 \" alt=\"Pirate Galaxy - Space Ship\" aria-describedby=\"gallery-1-15787\" \/><\/a>\n\t\t\t<\/dt>\n\t\t\t\t<dd class='wp-caption-text gallery-caption' id='gallery-1-15787'>\n\t\t\t\tPirate Galaxy Screenshot &#8211; A Pirate Galaxy space ship in space\n\t\t\t\t<\/dd><\/dl><dl class='gallery-item'>\n\t\t\t<dt class='gallery-icon landscape'>\n\t\t\t\t<a href='https:\/\/pirategalaxy.com\/wp-content\/uploads\/2012\/10\/PG05.jpg'><img loading=\"lazy\" decoding=\"async\" width=\"130\" height=\"80\" src=\"https:\/\/pirategalaxy.com\/wp-content\/uploads\/2012\/10\/PG05-130x80.jpg\" class=\"attachment-gallery_thumbnail size-gallery_thumbnail colorbox-7701 \" alt=\"Pirate Galaxy - Space Ship Battle\" aria-describedby=\"gallery-1-15788\" \/><\/a>\n\t\t\t<\/dt>\n\t\t\t\t<dd class='wp-caption-text gallery-caption' id='gallery-1-15788'>\n\t\t\t\tPirate Galaxy Screenshot &#8211; A Pirate Galaxy space ship in battle\n\t\t\t\t<\/dd><\/dl><br style=\"clear: both\" \/><dl class='gallery-item'>\n\t\t\t<dt class='gallery-icon landscape'>\n\t\t\t\t<a href='https:\/\/pirategalaxy.com\/wp-content\/uploads\/2012\/10\/PG06.jpg'><img loading=\"lazy\" decoding=\"async\" width=\"130\" height=\"80\" src=\"https:\/\/pirategalaxy.com\/wp-content\/uploads\/2012\/10\/PG06-130x80.jpg\" class=\"attachment-gallery_thumbnail size-gallery_thumbnail colorbox-7701 \" alt=\"Pirate Galaxy - Fantastic Planets\" aria-describedby=\"gallery-1-15789\" \/><\/a>\n\t\t\t<\/dt>\n\t\t\t\t<dd class='wp-caption-text gallery-caption' id='gallery-1-15789'>\n\t\t\t\tPirate Galaxy Screenshot &#8211; A fantastic Pirate Galaxy space planet\n\t\t\t\t<\/dd><\/dl><dl class='gallery-item'>\n\t\t\t<dt class='gallery-icon landscape'>\n\t\t\t\t<a href='https:\/\/pirategalaxy.com\/wp-content\/uploads\/2012\/10\/PG07.jpg'><img loading=\"lazy\" decoding=\"async\" width=\"130\" height=\"80\" src=\"https:\/\/pirategalaxy.com\/wp-content\/uploads\/2012\/10\/PG07-130x80.jpg\" class=\"attachment-gallery_thumbnail size-gallery_thumbnail colorbox-7701 \" alt=\"Pirate Galaxy - Battle Over the Ocean\" aria-describedby=\"gallery-1-15790\" \/><\/a>\n\t\t\t<\/dt>\n\t\t\t\t<dd class='wp-caption-text gallery-caption' id='gallery-1-15790'>\n\t\t\t\tPirate Galaxy Screenshot &#8211; A 3D space battle over the ocean\n\t\t\t\t<\/dd><\/dl><br style=\"clear: both\" \/><dl class='gallery-item'>\n\t\t\t<dt class='gallery-icon landscape'>\n\t\t\t\t<a href='https:\/\/pirategalaxy.com\/wp-content\/uploads\/2012\/10\/PG09.jpg'><img loading=\"lazy\" decoding=\"async\" width=\"130\" height=\"80\" src=\"https:\/\/pirategalaxy.com\/wp-content\/uploads\/2012\/10\/PG09-130x80.jpg\" class=\"attachment-gallery_thumbnail size-gallery_thumbnail colorbox-7701 \" alt=\"Pirate Galaxy - Solar System\" aria-describedby=\"gallery-1-15791\" \/><\/a>\n\t\t\t<\/dt>\n\t\t\t\t<dd class='wp-caption-text gallery-caption' id='gallery-1-15791'>\n\t\t\t\tPirate Galaxy Screenshot &#8211;  Pirate Galaxy offers you different solar systems\n\t\t\t\t<\/dd><\/dl><dl class='gallery-item'>\n\t\t\t<dt class='gallery-icon landscape'>\n\t\t\t\t<a href='https:\/\/pirategalaxy.com\/wp-content\/uploads\/2012\/10\/PG10.jpg'><img loading=\"lazy\" decoding=\"async\" width=\"130\" height=\"80\" src=\"https:\/\/pirategalaxy.com\/wp-content\/uploads\/2012\/10\/PG10-130x80.jpg\" class=\"attachment-gallery_thumbnail size-gallery_thumbnail colorbox-7701 \" alt=\"Pirate Galaxy - Orbit View\" aria-describedby=\"gallery-1-15792\" \/><\/a>\n\t\t\t<\/dt>\n\t\t\t\t<dd class='wp-caption-text gallery-caption' id='gallery-1-15792'>\n\t\t\t\tPirate Galaxy Screenshot &#8211;  Pirate Galaxy fantastic orbit view\n\t\t\t\t<\/dd><\/dl><br style=\"clear: both\" \/><dl class='gallery-item'>\n\t\t\t<dt class='gallery-icon landscape'>\n\t\t\t\t<a href='https:\/\/pirategalaxy.com\/wp-content\/uploads\/2012\/10\/PG11.jpg'><img loading=\"lazy\" decoding=\"async\" width=\"130\" height=\"80\" src=\"https:\/\/pirategalaxy.com\/wp-content\/uploads\/2012\/10\/PG11-130x80.jpg\" class=\"attachment-gallery_thumbnail size-gallery_thumbnail colorbox-7701 \" alt=\"Pirate Galaxy - User Interface\" aria-describedby=\"gallery-1-15793\" \/><\/a>\n\t\t\t<\/dt>\n\t\t\t\t<dd class='wp-caption-text gallery-caption' id='gallery-1-15793'>\n\t\t\t\tPirate Galaxy Screenshot &#8211;  Pirate Galaxy offers you a unique user interface\n\t\t\t\t<\/dd><\/dl><dl class='gallery-item'>\n\t\t\t<dt class='gallery-icon landscape'>\n\t\t\t\t<a href='https:\/\/pirategalaxy.com\/wp-content\/uploads\/2012\/10\/PG12.jpg'><img loading=\"lazy\" decoding=\"async\" width=\"130\" height=\"80\" src=\"https:\/\/pirategalaxy.com\/wp-content\/uploads\/2012\/10\/PG12-130x80.jpg\" class=\"attachment-gallery_thumbnail size-gallery_thumbnail colorbox-7701 \" alt=\"Pirate Galaxy - Space Station\" aria-describedby=\"gallery-1-15794\" \/><\/a>\n\t\t\t<\/dt>\n\t\t\t\t<dd class='wp-caption-text gallery-caption' id='gallery-1-15794'>\n\t\t\t\tPirate Galaxy Screenshot &#8211;  Pirate Galaxy space station\n\t\t\t\t<\/dd><\/dl><br style=\"clear: both\" \/>\n\t\t<\/div>\n\n<\/div>\n<div class=\"two_thirds\">\n<p class=\"headline-home2 headline-home2-pos\">Hist\u00f3ria<\/p>\n<h2 class=\"Texth2\">Pirate Galaxy &#8211; O jogo espacial para Piratas<\/h2>\n<p>O jogo espacial Pirate Galaxy coloca voc\u00ea na posi\u00e7\u00e3o de um contrabandista em uma das \u00faltimas colonias de seres humanos. Pirate Galaxy \u00e9 um jogo \u00e9pico com numerosos sistemas solares e milhares de miss\u00f5es. Para sobreviver voc\u00ea tem que combater os inimigos que o esperam.<\/p>\n<h2 class=\"Texth2\">Pirate Galaxy: O Imp\u00e9rio est\u00e1 corrompido!<\/h2>\n<p>Enquanto as col\u00f4nias humanas eram invadidas pelo Mantis, o Imp\u00e9rio os tra\u00edu e os abandonou. Em desvantagem as for\u00e7as coloniais tentavam combater os invasores alien\u00edgenas. Muitas casas foram perdidas, a resist\u00eancia derrotada. O sistema do jogo de espa\u00e7o de Vega, esconderijo das for\u00e7as coloniais, teme que os rumores de um ataque final contra sua defesa sejam verdade. Eles tamb\u00e9m enfrentam uma outra amea\u00e7a: contrabandistas, pilotos de jogos do espa\u00e7o desesperados, que tra\u00edram a sua pr\u00f3pria esp\u00e9cie apenas para colocarem as suas m\u00e3os em alguns cristais de Cryonite que s\u00e3o muito valiosos no espa\u00e7o e nos planetas de minera\u00e7\u00e3o do sistema solar do jogo. Com o Mantis prestes a atacar, as for\u00e7as coloniais e jogadores fora-da-lei do espa\u00e7o ir\u00e3o conseguir derrotar seu inimigo em comum?<\/p>\n<h2 class=\"Texth2\">Junte-se a Pirate Galaxy!<\/h2>\n<p>Voc\u00ea come\u00e7a como um contrabandista, roubando para voc\u00ea mesmo e tem que completar as miss\u00f5es do jogo espacial com personagens obscuros. Mas em algum momento, contrabandistas e guardas coloniais devem trabalhar juntos para combater os Mantis. Pirate Galaxy \u00e9 um jogo fant\u00e1stico espacial em 3D online para jogar direto no seu navegador (MMO). Jogue agora gratuitamente.<\/p>\n<div class=\"playnow-home\">\n<div style=\"left: 72px; position: relative; top: 39px;\"><a id=\"playnow\" class=\"colorbox-link cboxElement\" href=\"https:\/\/api.pirategalaxy.com\/account.php\/start\/pirategalaxy?lang=pt&amp;affiliateId=0&amp;campaignId=0&amp;referrer=\"><img class=\"colorbox-7701\"  decoding=\"async\" src=\"\/wp-content\/themes\/arras\/images\/pirategalaxy\/playnow\/pt\/cta_playnow.gif\" alt=\"\"><\/a><\/div>\n<\/div>\n<\/div>\n","protected":false},"excerpt":{"rendered":"<p>&nbsp; Pirate Galaxy &#8211; A Aventura Espacial \u00e9pica 3D Caracter\u00edsticas Pirate Galaxy &#8211; jogo espacial online com gr\u00e1ficos 3D de \u00faltima gera\u00e7\u00e3o Jogue de gra\u00e7a ? no seu navegador Desfrute [&hellip;]<\/p>\n","protected":false},"author":29,"featured_media":453,"parent":0,"menu_order":0,"comment_status":"closed","ping_status":"closed","template":"pagetpl-onecolumn-home-pg.php","meta":{"footnotes":"","_links_to":"","_links_to_target":""},"class_list":["post-7701","page","type-page","status-publish","has-post-thumbnail","hentry"],"yoast_head":"<!-- This site is optimized with the Yoast SEO plugin v27.3 - https:\/\/yoast.com\/product\/yoast-seo-wordpress\/ -->\n<title>Pirate Galaxy - A Aventura Espacial \u00e9pica 3D<\/title>\n<meta name=\"description\" content=\"Pirate Galaxy, o jogo gr\u00e1tis Online em 3D de alta defini\u00e7\u00e3o. Explore todo um universo repleto de diferentes sistemas solares e centenas de miss\u00f5es. Jogue agora gratuitamente.\" \/>\n<meta name=\"robots\" content=\"index, follow, max-snippet:-1, max-image-preview:large, max-video-preview:-1\" \/>\n<link rel=\"canonical\" href=\"https:\/\/pirategalaxy.com\/pt\/\" \/>\n<meta property=\"og:locale\" content=\"pt_BR\" \/>\n<meta property=\"og:type\" content=\"article\" \/>\n<meta property=\"og:title\" content=\"Pirate Galaxy - A Aventura Espacial \u00e9pica 3D\" \/>\n<meta property=\"og:description\" content=\"Pirate Galaxy, o jogo gr\u00e1tis Online em 3D de alta defini\u00e7\u00e3o. Explore todo um universo repleto de diferentes sistemas solares e centenas de miss\u00f5es. Jogue agora gratuitamente.\" \/>\n<meta property=\"og:url\" content=\"https:\/\/pirategalaxy.com\/pt\/\" \/>\n<meta property=\"og:site_name\" content=\"Pirate Galaxy\" \/>\n<meta property=\"article:modified_time\" content=\"2022-11-24T15:07:27+00:00\" \/>\n<meta property=\"og:image\" content=\"https:\/\/pirategalaxy.com\/wp-content\/uploads\/2012\/10\/PG04-130x80.jpg\" \/>\n<meta name=\"twitter:label1\" content=\"Est. tempo de leitura\" \/>\n\t<meta name=\"twitter:data1\" content=\"2 minutos\" \/>\n<script type=\"application\/ld+json\" class=\"yoast-schema-graph\">{\"@context\":\"https:\\\/\\\/schema.org\",\"@graph\":[{\"@type\":\"WebPage\",\"@id\":\"https:\\\/\\\/pirategalaxy.com\\\/pt\\\/\",\"url\":\"https:\\\/\\\/pirategalaxy.com\\\/pt\\\/\",\"name\":\"Pirate Galaxy - A Aventura Espacial \u00e9pica 3D\",\"isPartOf\":{\"@id\":\"https:\\\/\\\/pirategalaxy.com\\\/en\\\/#website\"},\"primaryImageOfPage\":{\"@id\":\"https:\\\/\\\/pirategalaxy.com\\\/pt\\\/#primaryimage\"},\"image\":{\"@id\":\"https:\\\/\\\/pirategalaxy.com\\\/pt\\\/#primaryimage\"},\"thumbnailUrl\":\"https:\\\/\\\/pirategalaxy.com\\\/wp-content\\\/uploads\\\/2011\\\/02\\\/teaser_09.jpg\",\"datePublished\":\"2012-10-31T09:22:47+00:00\",\"dateModified\":\"2022-11-24T15:07:27+00:00\",\"description\":\"Pirate Galaxy, o jogo gr\u00e1tis Online em 3D de alta defini\u00e7\u00e3o. Explore todo um universo repleto de diferentes sistemas solares e centenas de miss\u00f5es. Jogue agora gratuitamente.\",\"breadcrumb\":{\"@id\":\"https:\\\/\\\/pirategalaxy.com\\\/pt\\\/#breadcrumb\"},\"inLanguage\":\"pt-BR\",\"potentialAction\":[{\"@type\":\"ReadAction\",\"target\":[\"https:\\\/\\\/pirategalaxy.com\\\/pt\\\/\"]}]},{\"@type\":\"ImageObject\",\"inLanguage\":\"pt-BR\",\"@id\":\"https:\\\/\\\/pirategalaxy.com\\\/pt\\\/#primaryimage\",\"url\":\"https:\\\/\\\/pirategalaxy.com\\\/wp-content\\\/uploads\\\/2011\\\/02\\\/teaser_09.jpg\",\"contentUrl\":\"https:\\\/\\\/pirategalaxy.com\\\/wp-content\\\/uploads\\\/2011\\\/02\\\/teaser_09.jpg\",\"width\":\"640\",\"height\":\"250\"},{\"@type\":\"BreadcrumbList\",\"@id\":\"https:\\\/\\\/pirategalaxy.com\\\/pt\\\/#breadcrumb\",\"itemListElement\":[{\"@type\":\"ListItem\",\"position\":1,\"name\":\"Home\",\"item\":\"https:\\\/\\\/pirategalaxy.com\\\/pt\\\/\"},{\"@type\":\"ListItem\",\"position\":2,\"name\":\"In\u00edcio\"}]},{\"@type\":\"WebSite\",\"@id\":\"https:\\\/\\\/pirategalaxy.com\\\/en\\\/#website\",\"url\":\"https:\\\/\\\/pirategalaxy.com\\\/en\\\/\",\"name\":\"Pirate Galaxy\",\"description\":\"\",\"potentialAction\":[{\"@type\":\"SearchAction\",\"target\":{\"@type\":\"EntryPoint\",\"urlTemplate\":\"https:\\\/\\\/pirategalaxy.com\\\/en\\\/?s={search_term_string}\"},\"query-input\":{\"@type\":\"PropertyValueSpecification\",\"valueRequired\":true,\"valueName\":\"search_term_string\"}}],\"inLanguage\":\"pt-BR\"}]}<\/script>\n<!-- \/ Yoast SEO plugin. -->","yoast_head_json":{"title":"Pirate Galaxy - A Aventura Espacial \u00e9pica 3D","description":"Pirate Galaxy, o jogo gr\u00e1tis Online em 3D de alta defini\u00e7\u00e3o. Explore todo um universo repleto de diferentes sistemas solares e centenas de miss\u00f5es. Jogue agora gratuitamente.","robots":{"index":"index","follow":"follow","max-snippet":"max-snippet:-1","max-image-preview":"max-image-preview:large","max-video-preview":"max-video-preview:-1"},"canonical":"https:\/\/pirategalaxy.com\/pt\/","og_locale":"pt_BR","og_type":"article","og_title":"Pirate Galaxy - A Aventura Espacial \u00e9pica 3D","og_description":"Pirate Galaxy, o jogo gr\u00e1tis Online em 3D de alta defini\u00e7\u00e3o. Explore todo um universo repleto de diferentes sistemas solares e centenas de miss\u00f5es. Jogue agora gratuitamente.","og_url":"https:\/\/pirategalaxy.com\/pt\/","og_site_name":"Pirate Galaxy","article_modified_time":"2022-11-24T15:07:27+00:00","og_image":[{"url":"https:\/\/pirategalaxy.com\/wp-content\/uploads\/2012\/10\/PG04-130x80.jpg","type":"","width":"","height":""}],"twitter_misc":{"Est. tempo de leitura":"2 minutos"},"schema":{"@context":"https:\/\/schema.org","@graph":[{"@type":"WebPage","@id":"https:\/\/pirategalaxy.com\/pt\/","url":"https:\/\/pirategalaxy.com\/pt\/","name":"Pirate Galaxy - A Aventura Espacial \u00e9pica 3D","isPartOf":{"@id":"https:\/\/pirategalaxy.com\/en\/#website"},"primaryImageOfPage":{"@id":"https:\/\/pirategalaxy.com\/pt\/#primaryimage"},"image":{"@id":"https:\/\/pirategalaxy.com\/pt\/#primaryimage"},"thumbnailUrl":"https:\/\/pirategalaxy.com\/wp-content\/uploads\/2011\/02\/teaser_09.jpg","datePublished":"2012-10-31T09:22:47+00:00","dateModified":"2022-11-24T15:07:27+00:00","description":"Pirate Galaxy, o jogo gr\u00e1tis Online em 3D de alta defini\u00e7\u00e3o. Explore todo um universo repleto de diferentes sistemas solares e centenas de miss\u00f5es. Jogue agora gratuitamente.","breadcrumb":{"@id":"https:\/\/pirategalaxy.com\/pt\/#breadcrumb"},"inLanguage":"pt-BR","potentialAction":[{"@type":"ReadAction","target":["https:\/\/pirategalaxy.com\/pt\/"]}]},{"@type":"ImageObject","inLanguage":"pt-BR","@id":"https:\/\/pirategalaxy.com\/pt\/#primaryimage","url":"https:\/\/pirategalaxy.com\/wp-content\/uploads\/2011\/02\/teaser_09.jpg","contentUrl":"https:\/\/pirategalaxy.com\/wp-content\/uploads\/2011\/02\/teaser_09.jpg","width":"640","height":"250"},{"@type":"BreadcrumbList","@id":"https:\/\/pirategalaxy.com\/pt\/#breadcrumb","itemListElement":[{"@type":"ListItem","position":1,"name":"Home","item":"https:\/\/pirategalaxy.com\/pt\/"},{"@type":"ListItem","position":2,"name":"In\u00edcio"}]},{"@type":"WebSite","@id":"https:\/\/pirategalaxy.com\/en\/#website","url":"https:\/\/pirategalaxy.com\/en\/","name":"Pirate Galaxy","description":"","potentialAction":[{"@type":"SearchAction","target":{"@type":"EntryPoint","urlTemplate":"https:\/\/pirategalaxy.com\/en\/?s={search_term_string}"},"query-input":{"@type":"PropertyValueSpecification","valueRequired":true,"valueName":"search_term_string"}}],"inLanguage":"pt-BR"}]}},"_links":{"self":[{"href":"https:\/\/pirategalaxy.com\/pt\/wp-json\/wp\/v2\/pages\/7701","targetHints":{"allow":["GET"]}}],"collection":[{"href":"https:\/\/pirategalaxy.com\/pt\/wp-json\/wp\/v2\/pages"}],"about":[{"href":"https:\/\/pirategalaxy.com\/pt\/wp-json\/wp\/v2\/types\/page"}],"author":[{"embeddable":true,"href":"https:\/\/pirategalaxy.com\/pt\/wp-json\/wp\/v2\/users\/29"}],"replies":[{"embeddable":true,"href":"https:\/\/pirategalaxy.com\/pt\/wp-json\/wp\/v2\/comments?post=7701"}],"version-history":[{"count":4,"href":"https:\/\/pirategalaxy.com\/pt\/wp-json\/wp\/v2\/pages\/7701\/revisions"}],"predecessor-version":[{"id":314445,"href":"https:\/\/pirategalaxy.com\/pt\/wp-json\/wp\/v2\/pages\/7701\/revisions\/314445"}],"wp:featuredmedia":[{"embeddable":true,"href":"https:\/\/pirategalaxy.com\/pt\/wp-json\/wp\/v2\/media\/453"}],"wp:attachment":[{"href":"https:\/\/pirategalaxy.com\/pt\/wp-json\/wp\/v2\/media?parent=7701"}],"curies":[{"name":"wp","href":"https:\/\/api.w.org\/{rel}","templated":true}]}}