{"id":7697,"date":"2011-01-03T15:30:11","date_gmt":"2011-01-03T14:30:11","guid":{"rendered":"http:\/\/pirategalaxy.com\/faq-7"},"modified":"2015-10-26T14:07:34","modified_gmt":"2015-10-26T13:07:34","slug":"faq","status":"publish","type":"page","link":"https:\/\/pirategalaxy.com\/pt\/faq\/","title":{"rendered":"FAQ"},"content":{"rendered":"<p class=\"navi-down\">\n<h1 class=\"headline_page\"><span>Pirate Galaxy &#8211; FAQ<\/span><\/h1>\n<p class=\"back-button\"><a class=\"back-block\" href=\"http:\/\/pirategalaxy.com\/pt\/\">In\u00edcio<\/a><\/p>\n<div class=\"one_half\">\n<h2>Perguntas gerais sobre o jogo on-line Pirate Galaxy:<\/h2>\n<h3>O que \u00e9 o Pirate Galaxy?<\/h3>\n<p>Pirate Galaxy \u00e9 um jogo premiado MMO de fic\u00e7\u00e3o cient\u00edfica sobre a resist\u00eancia da humanidade contra uma esp\u00e9cie alien\u00edgena chamada Mantis. Ele \u00e9 gr\u00e1tis para jogar e fornece em tempo real gr\u00e1ficos 3D diretamente no seu navegador. Desfrute de combates t\u00e1ticos com naves espaciais de combate, torne-se parte de uma hist\u00f3ria espetacular e convide seus amigos para emocionantes miss\u00f5es contra o inimigo.<\/p>\n<h3>Quanto custa Pirate Galaxy?<\/h3>\n<p>Pirate Galaxy \u00e9 absolutamente gr\u00e1tis. Voc\u00ea pode registrar e jogar de gra\u00e7a. Sem obriga\u00e7\u00f5es, sem dados pessoais, sem assinatura, sem armadilhas. Voc\u00ea est\u00e1 convidado para se juntar a nossa crescente comunidade sem nenhum custo.<\/p>\n<h3>O que eu ganho jogando gr\u00e1tis?<\/h3>\n<p>Tudo. Pirate Galaxy oferece todo o jogo de gra\u00e7a.<\/p>\n<h3>Qual \u00e9 o futuro de Pirate Galaxy?<\/h3>\n<p>Pirate Galaxy vai continuar a crescer. Temos muitas ideias que queremos trazer para nossos f\u00e3s. O jogo \u00e9 atualizado cada duas semanas. As novidades podem ser lidas neste site ou em nossos f\u00f3runs.<\/p>\n<p><img class=\"colorbox-7697\"  decoding=\"async\" alt=\"separator pirate galaxy\" src=\"\/wp-content\/themes\/arras\/images\/pirategalaxy\/faq-pic.png\" \/><\/p>\n<\/div>\n<div class=\"one_half_last\">\n<h2>Perguntas gerais sobre Splitscreen Games:<\/h2>\n<h3>Quantos megabytes eu tenho que baixar?<\/h3>\n<p>Pirate Galaxy vai continuar a crescer. Temos muitas ideias que queremos trazer para nossos f\u00e3s. O jogo \u00e9 atualizado cada duas semanas. As novidades podem ser lidas neste site ou em nossos f\u00f3runs.<\/p>\n<h3>Eu n\u00e3o gosto de jogos de navegador, e voc\u00ea?<\/h3>\n<p>Pirate Galaxy vai continuar a crescer. Temos muitas ideias que queremos trazer para nossos f\u00e3s. O jogo \u00e9 atualizado cada duas semanas. As novidades podem ser lidas neste site ou em nossos f\u00f3runs.<\/p>\n<h3>Quais s\u00e3o as plataformas suportadas?<\/h3>\n<p>Por enquanto, Pirate Galaxy \u00e9 exclusivo para PCs com Windows.<\/p>\n<\/div>\n<div class=\"full\"><img decoding=\"async\" class=\"hr3 colorbox-7697\" alt=\"separator pirate galaxy\" src=\"\/wp-content\/themes\/arras\/images\/pirategalaxy\/isolator_big.png\" \/><br \/>\n<img decoding=\"async\" class=\"hr2 colorbox-7697\" alt=\"separator2 Pirate Galaxy\" src=\"\/wp-content\/themes\/arras\/images\/pirategalaxy\/background_faker.png\" \/><\/div>\n","protected":false},"excerpt":{"rendered":"<p>Pirate Galaxy &#8211; FAQ In\u00edcio Perguntas gerais sobre o jogo on-line Pirate Galaxy: O que \u00e9 o Pirate Galaxy? Pirate Galaxy \u00e9 um jogo premiado MMO de fic\u00e7\u00e3o cient\u00edfica sobre [&hellip;]<\/p>\n","protected":false},"author":11,"featured_media":-1,"parent":0,"menu_order":0,"comment_status":"closed","ping_status":"closed","template":"pagetpl-onecolumn.php","meta":{"footnotes":"","_links_to":"","_links_to_target":""},"class_list":["post-7697","page","type-page","status-publish","has-post-thumbnail","hentry"],"yoast_head":"<!-- This site is optimized with the Yoast SEO plugin v27.4 - https:\/\/yoast.com\/product\/yoast-seo-wordpress\/ -->\n<title>FAQ - Pirate Galaxy<\/title>\n<meta name=\"description\" content=\"Frequently asked questions about Pirate Galaxy.\" \/>\n<meta name=\"robots\" content=\"index, follow, max-snippet:-1, max-image-preview:large, max-video-preview:-1\" \/>\n<link rel=\"canonical\" href=\"https:\/\/pirategalaxy.com\/pt\/faq\/\" \/>\n<meta property=\"og:locale\" content=\"pt_BR\" \/>\n<meta property=\"og:type\" content=\"article\" \/>\n<meta property=\"og:title\" content=\"FAQ - Pirate Galaxy\" \/>\n<meta property=\"og:description\" content=\"Frequently asked questions about Pirate Galaxy.\" \/>\n<meta property=\"og:url\" content=\"https:\/\/pirategalaxy.com\/pt\/faq\/\" \/>\n<meta property=\"og:site_name\" content=\"Pirate Galaxy\" \/>\n<meta property=\"article:modified_time\" content=\"2015-10-26T13:07:34+00:00\" \/>\n<meta name=\"twitter:label1\" content=\"Est. tempo de leitura\" \/>\n\t<meta name=\"twitter:data1\" content=\"1 minuto\" \/>\n<script type=\"application\/ld+json\" class=\"yoast-schema-graph\">{\"@context\":\"https:\\\/\\\/schema.org\",\"@graph\":[{\"@type\":\"WebPage\",\"@id\":\"https:\\\/\\\/pirategalaxy.com\\\/pt\\\/faq\\\/\",\"url\":\"https:\\\/\\\/pirategalaxy.com\\\/pt\\\/faq\\\/\",\"name\":\"FAQ - Pirate Galaxy\",\"isPartOf\":{\"@id\":\"https:\\\/\\\/pirategalaxy.com\\\/en\\\/#website\"},\"datePublished\":\"2011-01-03T14:30:11+00:00\",\"dateModified\":\"2015-10-26T13:07:34+00:00\",\"description\":\"Frequently asked questions about Pirate Galaxy.\",\"breadcrumb\":{\"@id\":\"https:\\\/\\\/pirategalaxy.com\\\/pt\\\/faq\\\/#breadcrumb\"},\"inLanguage\":\"pt-BR\",\"potentialAction\":[{\"@type\":\"ReadAction\",\"target\":[\"https:\\\/\\\/pirategalaxy.com\\\/pt\\\/faq\\\/\"]}]},{\"@type\":\"BreadcrumbList\",\"@id\":\"https:\\\/\\\/pirategalaxy.com\\\/pt\\\/faq\\\/#breadcrumb\",\"itemListElement\":[{\"@type\":\"ListItem\",\"position\":1,\"name\":\"Home\",\"item\":\"https:\\\/\\\/pirategalaxy.com\\\/pt\\\/\"},{\"@type\":\"ListItem\",\"position\":2,\"name\":\"FAQ\"}]},{\"@type\":\"WebSite\",\"@id\":\"https:\\\/\\\/pirategalaxy.com\\\/en\\\/#website\",\"url\":\"https:\\\/\\\/pirategalaxy.com\\\/en\\\/\",\"name\":\"Pirate Galaxy\",\"description\":\"\",\"potentialAction\":[{\"@type\":\"SearchAction\",\"target\":{\"@type\":\"EntryPoint\",\"urlTemplate\":\"https:\\\/\\\/pirategalaxy.com\\\/en\\\/?s={search_term_string}\"},\"query-input\":{\"@type\":\"PropertyValueSpecification\",\"valueRequired\":true,\"valueName\":\"search_term_string\"}}],\"inLanguage\":\"pt-BR\"}]}<\/script>\n<!-- \/ Yoast SEO plugin. -->","yoast_head_json":{"title":"FAQ - Pirate Galaxy","description":"Frequently asked questions about Pirate Galaxy.","robots":{"index":"index","follow":"follow","max-snippet":"max-snippet:-1","max-image-preview":"max-image-preview:large","max-video-preview":"max-video-preview:-1"},"canonical":"https:\/\/pirategalaxy.com\/pt\/faq\/","og_locale":"pt_BR","og_type":"article","og_title":"FAQ - Pirate Galaxy","og_description":"Frequently asked questions about Pirate Galaxy.","og_url":"https:\/\/pirategalaxy.com\/pt\/faq\/","og_site_name":"Pirate Galaxy","article_modified_time":"2015-10-26T13:07:34+00:00","twitter_misc":{"Est. tempo de leitura":"1 minuto"},"schema":{"@context":"https:\/\/schema.org","@graph":[{"@type":"WebPage","@id":"https:\/\/pirategalaxy.com\/pt\/faq\/","url":"https:\/\/pirategalaxy.com\/pt\/faq\/","name":"FAQ - Pirate Galaxy","isPartOf":{"@id":"https:\/\/pirategalaxy.com\/en\/#website"},"datePublished":"2011-01-03T14:30:11+00:00","dateModified":"2015-10-26T13:07:34+00:00","description":"Frequently asked questions about Pirate Galaxy.","breadcrumb":{"@id":"https:\/\/pirategalaxy.com\/pt\/faq\/#breadcrumb"},"inLanguage":"pt-BR","potentialAction":[{"@type":"ReadAction","target":["https:\/\/pirategalaxy.com\/pt\/faq\/"]}]},{"@type":"BreadcrumbList","@id":"https:\/\/pirategalaxy.com\/pt\/faq\/#breadcrumb","itemListElement":[{"@type":"ListItem","position":1,"name":"Home","item":"https:\/\/pirategalaxy.com\/pt\/"},{"@type":"ListItem","position":2,"name":"FAQ"}]},{"@type":"WebSite","@id":"https:\/\/pirategalaxy.com\/en\/#website","url":"https:\/\/pirategalaxy.com\/en\/","name":"Pirate Galaxy","description":"","potentialAction":[{"@type":"SearchAction","target":{"@type":"EntryPoint","urlTemplate":"https:\/\/pirategalaxy.com\/en\/?s={search_term_string}"},"query-input":{"@type":"PropertyValueSpecification","valueRequired":true,"valueName":"search_term_string"}}],"inLanguage":"pt-BR"}]}},"_links":{"self":[{"href":"https:\/\/pirategalaxy.com\/pt\/wp-json\/wp\/v2\/pages\/7697","targetHints":{"allow":["GET"]}}],"collection":[{"href":"https:\/\/pirategalaxy.com\/pt\/wp-json\/wp\/v2\/pages"}],"about":[{"href":"https:\/\/pirategalaxy.com\/pt\/wp-json\/wp\/v2\/types\/page"}],"author":[{"embeddable":true,"href":"https:\/\/pirategalaxy.com\/pt\/wp-json\/wp\/v2\/users\/11"}],"replies":[{"embeddable":true,"href":"https:\/\/pirategalaxy.com\/pt\/wp-json\/wp\/v2\/comments?post=7697"}],"version-history":[{"count":0,"href":"https:\/\/pirategalaxy.com\/pt\/wp-json\/wp\/v2\/pages\/7697\/revisions"}],"wp:featuredmedia":[{"embeddable":true,"href":"https:\/\/pirategalaxy.com\/pt\/wp-json\/"}],"wp:attachment":[{"href":"https:\/\/pirategalaxy.com\/pt\/wp-json\/wp\/v2\/media?parent=7697"}],"curies":[{"name":"wp","href":"https:\/\/api.w.org\/{rel}","templated":true}]}}