{"id":3301,"date":"2011-02-13T17:41:35","date_gmt":"2011-02-13T16:41:35","guid":{"rendered":"http:\/\/pirategalaxy.com\/kontakt"},"modified":"2019-07-08T16:29:50","modified_gmt":"2019-07-08T14:29:50","slug":"kontakt","status":"publish","type":"page","link":"https:\/\/pirategalaxy.com\/pl\/kontakt\/","title":{"rendered":"Kontakt"},"content":{"rendered":"<p class=\"navi-down\">\n<h1 class=\"headline_page\">Kontakt<\/h1>\n<p class=\"back-button\"><a class=\"back-block\" href=\"http:\/\/pirategalaxy.com\/pl\/\">Powr\u00f3t<\/a>&gt;<\/p>\n<div class=\"one_half\">\n<div class=\"Banner\">\n<div class=\"BannerInn\">\n<p class=\"BannerHead\">ADRES<\/p>\n<h2 class=\"BannerH\">Splitscreen Studios GmbH<br \/>\nBlumenau 138<br \/>\n22089 Hamburg<br \/>\nGermany<\/h2>\n<div class=\"BannerText2\" style=\"left: -22px;\"><a title=\"www.splitscreen-games.com\" href=\"http:\/\/splitscreen-games.com\">www.splitscreen-games.com<\/a>&gt;<\/p>\n<p>CEO: Alexandre Miguel Maia<\/p>\n<p>USt-IdNr.: DE259607791<br \/>\nHRB 105028 (Amtsgericht Hamburg)<\/p>\n<\/div>\n<\/div>\n<\/div>\n<\/div>\n<div class=\"one_half_last\">\n<p class=\"headline-home2 headline-home2-pos\">Kontakt<\/p>\n<p><strong>W sprawach biznesowych prosimy o kontakt pod adresem: <\/strong><br \/>\ninfo [at] splitscreenstudios.com<\/p>\n<p><strong>Po pomoc techniczn\u0105 prosimy o kontakt pod adresem: <\/strong><br \/>\nsupport [at] splitscreenstudios.com<\/p>\n<p><strong>Osoba odpowiedzialna za ochron\u0119 dzieci i m\u0142odzie\u017cy w grze: <\/strong><br \/>\nWiebke Kirchhoff<br \/>\njugendschutz [at] splitscreenstudios.com<\/p>\n<\/div>\n<div class=\"full\"><img decoding=\"async\" class=\"hr3 colorbox-3301\" src=\"\/wp-content\/themes\/arras\/images\/pirategalaxy\/isolator_big.png\" alt=\"separator pirate galaxy\" \/><br \/>\n<img decoding=\"async\" class=\"hr2 colorbox-3301\" src=\"\/wp-content\/themes\/arras\/images\/pirategalaxy\/background_faker.png\" alt=\"separator2 Pirate Galaxy\" \/><\/p>\n<\/div>\n","protected":false},"excerpt":{"rendered":"<p>Kontakt Powr\u00f3t&gt; ADRES Splitscreen Studios GmbH Blumenau 138 22089 Hamburg Germany www.splitscreen-games.com&gt; CEO: Alexandre Miguel Maia USt-IdNr.: DE259607791 HRB 105028 (Amtsgericht Hamburg) Kontakt W sprawach biznesowych prosimy o kontakt pod [&hellip;]<\/p>\n","protected":false},"author":11,"featured_media":-1,"parent":0,"menu_order":0,"comment_status":"closed","ping_status":"closed","template":"pagetpl-onecolumn.php","meta":{"footnotes":"","_links_to":"","_links_to_target":""},"class_list":["post-3301","page","type-page","status-publish","has-post-thumbnail","hentry"],"yoast_head":"<!-- This site is optimized with the Yoast SEO plugin v27.3 - https:\/\/yoast.com\/product\/yoast-seo-wordpress\/ -->\n<title>Kontakt - Pirate Galaxy<\/title>\n<meta name=\"description\" content=\"Splitscreen Studios GmbH. Standort: Planckstrasse 13, 22765 Hamburg Germany\" \/>\n<meta name=\"robots\" content=\"index, follow, max-snippet:-1, max-image-preview:large, max-video-preview:-1\" \/>\n<link rel=\"canonical\" href=\"https:\/\/pirategalaxy.com\/pl\/kontakt\/\" \/>\n<meta property=\"og:locale\" content=\"pl_PL\" \/>\n<meta property=\"og:type\" content=\"article\" \/>\n<meta property=\"og:title\" content=\"Kontakt - Pirate Galaxy\" \/>\n<meta property=\"og:description\" content=\"Splitscreen Studios GmbH. Standort: Planckstrasse 13, 22765 Hamburg Germany\" \/>\n<meta property=\"og:url\" content=\"https:\/\/pirategalaxy.com\/pl\/kontakt\/\" \/>\n<meta property=\"og:site_name\" content=\"Pirate Galaxy\" \/>\n<meta property=\"article:modified_time\" content=\"2019-07-08T14:29:50+00:00\" \/>\n<script type=\"application\/ld+json\" class=\"yoast-schema-graph\">{\"@context\":\"https:\\\/\\\/schema.org\",\"@graph\":[{\"@type\":\"WebPage\",\"@id\":\"https:\\\/\\\/pirategalaxy.com\\\/pl\\\/kontakt\\\/\",\"url\":\"https:\\\/\\\/pirategalaxy.com\\\/pl\\\/kontakt\\\/\",\"name\":\"Kontakt - Pirate Galaxy\",\"isPartOf\":{\"@id\":\"https:\\\/\\\/pirategalaxy.com\\\/en\\\/#website\"},\"datePublished\":\"2011-02-13T16:41:35+00:00\",\"dateModified\":\"2019-07-08T14:29:50+00:00\",\"description\":\"Splitscreen Studios GmbH. Standort: Planckstrasse 13, 22765 Hamburg Germany\",\"breadcrumb\":{\"@id\":\"https:\\\/\\\/pirategalaxy.com\\\/pl\\\/kontakt\\\/#breadcrumb\"},\"inLanguage\":\"pl-PL\",\"potentialAction\":[{\"@type\":\"ReadAction\",\"target\":[\"https:\\\/\\\/pirategalaxy.com\\\/pl\\\/kontakt\\\/\"]}]},{\"@type\":\"BreadcrumbList\",\"@id\":\"https:\\\/\\\/pirategalaxy.com\\\/pl\\\/kontakt\\\/#breadcrumb\",\"itemListElement\":[{\"@type\":\"ListItem\",\"position\":1,\"name\":\"Home\",\"item\":\"https:\\\/\\\/pirategalaxy.com\\\/pl\\\/\"},{\"@type\":\"ListItem\",\"position\":2,\"name\":\"Kontakt\"}]},{\"@type\":\"WebSite\",\"@id\":\"https:\\\/\\\/pirategalaxy.com\\\/en\\\/#website\",\"url\":\"https:\\\/\\\/pirategalaxy.com\\\/en\\\/\",\"name\":\"Pirate Galaxy\",\"description\":\"\",\"potentialAction\":[{\"@type\":\"SearchAction\",\"target\":{\"@type\":\"EntryPoint\",\"urlTemplate\":\"https:\\\/\\\/pirategalaxy.com\\\/en\\\/?s={search_term_string}\"},\"query-input\":{\"@type\":\"PropertyValueSpecification\",\"valueRequired\":true,\"valueName\":\"search_term_string\"}}],\"inLanguage\":\"pl-PL\"}]}<\/script>\n<!-- \/ Yoast SEO plugin. -->","yoast_head_json":{"title":"Kontakt - Pirate Galaxy","description":"Splitscreen Studios GmbH. Standort: Planckstrasse 13, 22765 Hamburg Germany","robots":{"index":"index","follow":"follow","max-snippet":"max-snippet:-1","max-image-preview":"max-image-preview:large","max-video-preview":"max-video-preview:-1"},"canonical":"https:\/\/pirategalaxy.com\/pl\/kontakt\/","og_locale":"pl_PL","og_type":"article","og_title":"Kontakt - Pirate Galaxy","og_description":"Splitscreen Studios GmbH. Standort: Planckstrasse 13, 22765 Hamburg Germany","og_url":"https:\/\/pirategalaxy.com\/pl\/kontakt\/","og_site_name":"Pirate Galaxy","article_modified_time":"2019-07-08T14:29:50+00:00","schema":{"@context":"https:\/\/schema.org","@graph":[{"@type":"WebPage","@id":"https:\/\/pirategalaxy.com\/pl\/kontakt\/","url":"https:\/\/pirategalaxy.com\/pl\/kontakt\/","name":"Kontakt - Pirate Galaxy","isPartOf":{"@id":"https:\/\/pirategalaxy.com\/en\/#website"},"datePublished":"2011-02-13T16:41:35+00:00","dateModified":"2019-07-08T14:29:50+00:00","description":"Splitscreen Studios GmbH. Standort: Planckstrasse 13, 22765 Hamburg Germany","breadcrumb":{"@id":"https:\/\/pirategalaxy.com\/pl\/kontakt\/#breadcrumb"},"inLanguage":"pl-PL","potentialAction":[{"@type":"ReadAction","target":["https:\/\/pirategalaxy.com\/pl\/kontakt\/"]}]},{"@type":"BreadcrumbList","@id":"https:\/\/pirategalaxy.com\/pl\/kontakt\/#breadcrumb","itemListElement":[{"@type":"ListItem","position":1,"name":"Home","item":"https:\/\/pirategalaxy.com\/pl\/"},{"@type":"ListItem","position":2,"name":"Kontakt"}]},{"@type":"WebSite","@id":"https:\/\/pirategalaxy.com\/en\/#website","url":"https:\/\/pirategalaxy.com\/en\/","name":"Pirate Galaxy","description":"","potentialAction":[{"@type":"SearchAction","target":{"@type":"EntryPoint","urlTemplate":"https:\/\/pirategalaxy.com\/en\/?s={search_term_string}"},"query-input":{"@type":"PropertyValueSpecification","valueRequired":true,"valueName":"search_term_string"}}],"inLanguage":"pl-PL"}]}},"_links":{"self":[{"href":"https:\/\/pirategalaxy.com\/pl\/wp-json\/wp\/v2\/pages\/3301","targetHints":{"allow":["GET"]}}],"collection":[{"href":"https:\/\/pirategalaxy.com\/pl\/wp-json\/wp\/v2\/pages"}],"about":[{"href":"https:\/\/pirategalaxy.com\/pl\/wp-json\/wp\/v2\/types\/page"}],"author":[{"embeddable":true,"href":"https:\/\/pirategalaxy.com\/pl\/wp-json\/wp\/v2\/users\/11"}],"replies":[{"embeddable":true,"href":"https:\/\/pirategalaxy.com\/pl\/wp-json\/wp\/v2\/comments?post=3301"}],"version-history":[{"count":0,"href":"https:\/\/pirategalaxy.com\/pl\/wp-json\/wp\/v2\/pages\/3301\/revisions"}],"wp:featuredmedia":[{"embeddable":true,"href":"https:\/\/pirategalaxy.com\/pl\/wp-json\/"}],"wp:attachment":[{"href":"https:\/\/pirategalaxy.com\/pl\/wp-json\/wp\/v2\/media?parent=3301"}],"curies":[{"name":"wp","href":"https:\/\/api.w.org\/{rel}","templated":true}]}}