{"id":3291,"date":"2011-01-03T15:30:11","date_gmt":"2011-01-03T14:30:11","guid":{"rendered":"http:\/\/pirategalaxy.com\/faq-4"},"modified":"2018-03-21T10:21:09","modified_gmt":"2018-03-21T09:21:09","slug":"faq-4","status":"publish","type":"page","link":"https:\/\/pirategalaxy.com\/pl\/faq-4\/","title":{"rendered":"FAQ"},"content":{"rendered":"<p class=\"navi-down\">\n<h1 class=\"headline_page\"><span>Pirate Galaxy &#8211; FAQ<\/span><\/h1>\n<p class=\"back-button\"><a class=\"back-block\" href=\"http:\/\/pirategalaxy.com\/pl\/\">Powr\u00f3t <\/a><\/p>\n<div class=\"one_half\">\n<h2>Og\u00f3lne pytania o Pirate Galaxy:<\/h2>\n<h3>Czym jest Pirate Galaxy?<\/h3>\n<p>Pirate Galaxy to gra typu science fiction MMO, kt\u00f3ra zdoby\u0142a wiele nagr\u00f3d i wyr\u00f3\u017cnie\u0144, opowiadaj\u0105ca o walce rasy ludzkiej przeciwko obcemu gatunkowi zwanemu Modliszkami. Jest to ca\u0142kowicie darmowa gra, kt\u00f3ra zapewnia wysokiej jako\u015bci grafik\u0119 3D bezpo\u015brednio w Twojej przegl\u0105darce. Do\u015bwiadcz dynamicznych, lecz zar\u00f3wno taktycznych walk pomi\u0119dzy statkami kosmicznymi, zosta\u0144 cz\u0119\u015bci\u0105 niesamowitej histori i zapro\u015b swoich przyjaci\u00f3\u0142 do udzia\u0142u w ekscytuj\u0105cych misjach przeciwko wsp\u00f3lnemu wrogowi.<\/p>\n<h3>Ile kosztuje Pirate Galaxy?<\/h3>\n<p>Pirate Galaxy jest ca\u0142kowicie za darmo. Mo\u017cesz si\u0119 zarejestrowa\u0107 i gra\u0107 bez ponoszenia \u017cadnych koszt\u00f3w. \u017badnych zobowi\u0105za\u0144, \u017cadnego podawania danych osobistych, \u017cadnych abonament\u00f3w czy subskrypcji, \u017cadnych haczyk\u00f3w. Z przyjemno\u015bci\u0105 powitamy Ci\u0119 w naszej rosn\u0105cej spo\u0142eczno\u015bci bez wydawania nawet grosika.<\/p>\n<h3>Co otrzymuj\u0119 graj\u0105c za darmo?<\/h3>\n<p>Wszystko. Pirate Galaxy oferuje wszystkie elementy gry ca\u0142kowicie za darmo.<\/p>\n<h3>Jaka przysz\u0142o\u015b\u0107 czeka Pirate Galaxy?<\/h3>\n<p>Pirate Galaxy b\u0119dzie wci\u0105\u017c si\u0119 rozwija\u0107. Mamy mn\u00f3stwo pomys\u0142\u00f3w, kt\u00f3re chcemy wcieli\u0107 w \u017cycie dla fan\u00f3w naszej gry. Gra jest aktualizowana co kilkana\u015bcie tygodni. O tym, co b\u0119dzie nastepne, mo\u017cna przeczyta\u0107 na tej stronie lub na naszym forum.<\/p>\n<p><img class=\"colorbox-3291\"  decoding=\"async\" alt=\"separator pirate galaxy\" src=\"\/wp-content\/themes\/arras\/images\/pirategalaxy\/faq-pic.png\" style=\"display:none\"\/><\/p>\n<\/div>\n<div class=\"one_half_last\">\n<h2>Pytania odno\u015bnie Splitscreen Games i naszych gier:<\/h2>\n<h3>Ile danych musz\u0119 \u015bci\u0105gn\u0105\u0107?<\/h3>\n<p>Pirate Galaxy b\u0119dzie wci\u0105\u017c si\u0119 rozwija\u0107. Mamy mn\u00f3stwo pomys\u0142\u00f3w, kt\u00f3re chcemy wcieli\u0107 w \u017cycie dla fan\u00f3w naszej gry. Gra jest aktualizowana co kilkana\u015bcie tygodni. O tym, co b\u0119dzie nastepne, mo\u017cna przeczyta\u0107 na tej stronie lub na naszym forum.<\/p>\n<h3>Nie lubi\u0119 gier przegl\u0105darkowych, a wy?<\/h3>\n<p>Pirate Galaxy b\u0119dzie wci\u0105\u017c si\u0119 rozwija\u0107. Mamy mn\u00f3stwo pomys\u0142\u00f3w, kt\u00f3re chcemy wcieli\u0107 w \u017cycie dla fan\u00f3w naszej gry. Gra jest aktualizowana co kilkana\u015bcie tygodni. O tym, co b\u0119dzie nastepne, mo\u017cna przeczyta\u0107 na tej stronie lub na naszym forum.<\/p>\n<h3>Jakie platformy obs\u0142uguje gra?<\/h3>\n<p>Na chwil\u0119 obecn\u0105 Pirate Galaxy jest dost\u0119pne jedynie pod Windowsem.<\/p>\n<\/div>\n<div class=\"full\"><img decoding=\"async\" class=\"hr3 colorbox-3291\" alt=\"separator pirate galaxy\" src=\"\/wp-content\/themes\/arras\/images\/pirategalaxy\/isolator_big.png\" \/><br \/>\n<img decoding=\"async\" class=\"hr2 colorbox-3291\" alt=\"separator2 Pirate Galaxy\" src=\"\/wp-content\/themes\/arras\/images\/pirategalaxy\/background_faker.png\" \/><\/div>\n","protected":false},"excerpt":{"rendered":"<p>Pirate Galaxy &#8211; FAQ Powr\u00f3t Og\u00f3lne pytania o Pirate Galaxy: Czym jest Pirate Galaxy? Pirate Galaxy to gra typu science fiction MMO, kt\u00f3ra zdoby\u0142a wiele nagr\u00f3d i wyr\u00f3\u017cnie\u0144, opowiadaj\u0105ca o [&hellip;]<\/p>\n","protected":false},"author":11,"featured_media":-1,"parent":0,"menu_order":0,"comment_status":"closed","ping_status":"closed","template":"pagetpl-onecolumn.php","meta":{"footnotes":"","_links_to":"","_links_to_target":""},"class_list":["post-3291","page","type-page","status-publish","has-post-thumbnail","hentry"],"yoast_head":"<!-- This site is optimized with the Yoast SEO plugin v27.5 - https:\/\/yoast.com\/product\/yoast-seo-wordpress\/ -->\n<title>FAQ - Pirate Galaxy<\/title>\n<meta name=\"description\" content=\"Cz\u0119sto zadawane pytania o Pirate Galaxy.\" \/>\n<meta name=\"robots\" content=\"index, follow, max-snippet:-1, max-image-preview:large, max-video-preview:-1\" \/>\n<link rel=\"canonical\" href=\"https:\/\/pirategalaxy.com\/pl\/faq-4\/\" \/>\n<meta property=\"og:locale\" content=\"pl_PL\" \/>\n<meta property=\"og:type\" content=\"article\" \/>\n<meta property=\"og:title\" content=\"FAQ - Pirate Galaxy\" \/>\n<meta property=\"og:description\" content=\"Cz\u0119sto zadawane pytania o Pirate Galaxy.\" \/>\n<meta property=\"og:url\" content=\"https:\/\/pirategalaxy.com\/pl\/faq-4\/\" \/>\n<meta property=\"og:site_name\" content=\"Pirate Galaxy\" \/>\n<meta property=\"article:modified_time\" content=\"2018-03-21T09:21:09+00:00\" \/>\n<meta name=\"twitter:label1\" content=\"Szacowany czas czytania\" \/>\n\t<meta name=\"twitter:data1\" content=\"2 minuty\" \/>\n<script type=\"application\/ld+json\" class=\"yoast-schema-graph\">{\"@context\":\"https:\\\/\\\/schema.org\",\"@graph\":[{\"@type\":\"WebPage\",\"@id\":\"https:\\\/\\\/pirategalaxy.com\\\/pl\\\/faq-4\\\/\",\"url\":\"https:\\\/\\\/pirategalaxy.com\\\/pl\\\/faq-4\\\/\",\"name\":\"FAQ - Pirate Galaxy\",\"isPartOf\":{\"@id\":\"https:\\\/\\\/pirategalaxy.com\\\/en\\\/#website\"},\"datePublished\":\"2011-01-03T14:30:11+00:00\",\"dateModified\":\"2018-03-21T09:21:09+00:00\",\"description\":\"Cz\u0119sto zadawane pytania o Pirate Galaxy.\",\"breadcrumb\":{\"@id\":\"https:\\\/\\\/pirategalaxy.com\\\/pl\\\/faq-4\\\/#breadcrumb\"},\"inLanguage\":\"pl-PL\",\"potentialAction\":[{\"@type\":\"ReadAction\",\"target\":[\"https:\\\/\\\/pirategalaxy.com\\\/pl\\\/faq-4\\\/\"]}]},{\"@type\":\"BreadcrumbList\",\"@id\":\"https:\\\/\\\/pirategalaxy.com\\\/pl\\\/faq-4\\\/#breadcrumb\",\"itemListElement\":[{\"@type\":\"ListItem\",\"position\":1,\"name\":\"Home\",\"item\":\"https:\\\/\\\/pirategalaxy.com\\\/pl\\\/\"},{\"@type\":\"ListItem\",\"position\":2,\"name\":\"FAQ\"}]},{\"@type\":\"WebSite\",\"@id\":\"https:\\\/\\\/pirategalaxy.com\\\/en\\\/#website\",\"url\":\"https:\\\/\\\/pirategalaxy.com\\\/en\\\/\",\"name\":\"Pirate Galaxy\",\"description\":\"\",\"potentialAction\":[{\"@type\":\"SearchAction\",\"target\":{\"@type\":\"EntryPoint\",\"urlTemplate\":\"https:\\\/\\\/pirategalaxy.com\\\/en\\\/?s={search_term_string}\"},\"query-input\":{\"@type\":\"PropertyValueSpecification\",\"valueRequired\":true,\"valueName\":\"search_term_string\"}}],\"inLanguage\":\"pl-PL\"}]}<\/script>\n<!-- \/ Yoast SEO plugin. -->","yoast_head_json":{"title":"FAQ - Pirate Galaxy","description":"Cz\u0119sto zadawane pytania o Pirate Galaxy.","robots":{"index":"index","follow":"follow","max-snippet":"max-snippet:-1","max-image-preview":"max-image-preview:large","max-video-preview":"max-video-preview:-1"},"canonical":"https:\/\/pirategalaxy.com\/pl\/faq-4\/","og_locale":"pl_PL","og_type":"article","og_title":"FAQ - Pirate Galaxy","og_description":"Cz\u0119sto zadawane pytania o Pirate Galaxy.","og_url":"https:\/\/pirategalaxy.com\/pl\/faq-4\/","og_site_name":"Pirate Galaxy","article_modified_time":"2018-03-21T09:21:09+00:00","twitter_misc":{"Szacowany czas czytania":"2 minuty"},"schema":{"@context":"https:\/\/schema.org","@graph":[{"@type":"WebPage","@id":"https:\/\/pirategalaxy.com\/pl\/faq-4\/","url":"https:\/\/pirategalaxy.com\/pl\/faq-4\/","name":"FAQ - Pirate Galaxy","isPartOf":{"@id":"https:\/\/pirategalaxy.com\/en\/#website"},"datePublished":"2011-01-03T14:30:11+00:00","dateModified":"2018-03-21T09:21:09+00:00","description":"Cz\u0119sto zadawane pytania o Pirate Galaxy.","breadcrumb":{"@id":"https:\/\/pirategalaxy.com\/pl\/faq-4\/#breadcrumb"},"inLanguage":"pl-PL","potentialAction":[{"@type":"ReadAction","target":["https:\/\/pirategalaxy.com\/pl\/faq-4\/"]}]},{"@type":"BreadcrumbList","@id":"https:\/\/pirategalaxy.com\/pl\/faq-4\/#breadcrumb","itemListElement":[{"@type":"ListItem","position":1,"name":"Home","item":"https:\/\/pirategalaxy.com\/pl\/"},{"@type":"ListItem","position":2,"name":"FAQ"}]},{"@type":"WebSite","@id":"https:\/\/pirategalaxy.com\/en\/#website","url":"https:\/\/pirategalaxy.com\/en\/","name":"Pirate Galaxy","description":"","potentialAction":[{"@type":"SearchAction","target":{"@type":"EntryPoint","urlTemplate":"https:\/\/pirategalaxy.com\/en\/?s={search_term_string}"},"query-input":{"@type":"PropertyValueSpecification","valueRequired":true,"valueName":"search_term_string"}}],"inLanguage":"pl-PL"}]}},"_links":{"self":[{"href":"https:\/\/pirategalaxy.com\/pl\/wp-json\/wp\/v2\/pages\/3291","targetHints":{"allow":["GET"]}}],"collection":[{"href":"https:\/\/pirategalaxy.com\/pl\/wp-json\/wp\/v2\/pages"}],"about":[{"href":"https:\/\/pirategalaxy.com\/pl\/wp-json\/wp\/v2\/types\/page"}],"author":[{"embeddable":true,"href":"https:\/\/pirategalaxy.com\/pl\/wp-json\/wp\/v2\/users\/11"}],"replies":[{"embeddable":true,"href":"https:\/\/pirategalaxy.com\/pl\/wp-json\/wp\/v2\/comments?post=3291"}],"version-history":[{"count":0,"href":"https:\/\/pirategalaxy.com\/pl\/wp-json\/wp\/v2\/pages\/3291\/revisions"}],"wp:featuredmedia":[{"embeddable":true,"href":"https:\/\/pirategalaxy.com\/pl\/wp-json\/"}],"wp:attachment":[{"href":"https:\/\/pirategalaxy.com\/pl\/wp-json\/wp\/v2\/media?parent=3291"}],"curies":[{"name":"wp","href":"https:\/\/api.w.org\/{rel}","templated":true}]}}