{"id":4338,"date":"2011-01-03T15:30:11","date_gmt":"2011-01-03T14:30:11","guid":{"rendered":"http:\/\/pirategalaxy.com\/?page_id=4338"},"modified":"2018-02-01T14:59:45","modified_gmt":"2018-02-01T13:59:45","slug":"faq-5","status":"publish","type":"page","link":"https:\/\/pirategalaxy.com\/it\/faq-5\/","title":{"rendered":"FAQ"},"content":{"rendered":"<p class=\"navi-down\">\n<h1 class=\"headline_page\">Pirate Galaxy &#8211; FAQ<\/h1>\n<p class=\"back-button\"><a class=\"back-block\" href=\"http:\/\/pirategalaxy.com\/it\/\">Indietro<\/a><\/p>\n<div class=\"one_half\">\n<h2>Domande generali su Pirate Galaxy:<\/h2>\n<h3>Che cosa \u00e8 Pirate Galaxy?<\/h3>\n<p>Pirate Galaxy \u00e8 il premiato MMO sulla resistenza dell&#8217;umanit\u00e0 contro una specie aliena chiamata Mantis. Si gioca gratuitamente e fornisce una grafica 3D in tempo reale direttamente nel tuo browser. Goditi i combattimenti con astronavi veloci, la tattica, diventare parte di una trama spettacolare e invita i tuoi amici in emozionanti missioni contro il nemico.<\/p>\n<h3>Quanto costa Pirate Galaxy?<\/h3>\n<p>Pirate Galaxy \u00e8 assolutamente gratuito. \u00c8 possibile registrarsi e giocare gratuitamente. Senza obblighi, senza dati personali, nessun abbonamento, senza trappole. Siete invitati ad aderire alla nostra crescente comunit\u00e0 senza alcun costo.<\/p>\n<h3>Che cosa ottengo giocando gratis?<\/h3>\n<p>Tutto. Pirate Galaxy offre gratuitamente tutte le caratteristiche del gioco.<\/p>\n<h3>Qual \u00e8 il futuro di Pirate Galaxy?<\/h3>\n<p>Pirate Galaxy continuer\u00e0 a crescere. Abbiamo un sacco di idee che vogliamo far uscire. Il gioco viene aggiornato ogni paio di settimane. Ogni novit\u00e0 pu\u00f2 essere letta su questo sito o nel nostro forum.<\/p>\n<p><img class=\"colorbox-4338\"  decoding=\"async\" alt=\"separator pirate galaxy\" src=\"\/wp-content\/themes\/arras\/images\/pirategalaxy\/faq-pic.png\" \/><\/p>\n<\/div>\n<div class=\"one_half_last\">\n<h2>Domande generali su Splitscreen Games:<\/h2>\n<h3>Quanti dati devo scaricare?<\/h3>\n<p>Pirate Galaxy comes with Pirate Galaxy \u00e8 dotato di grafica 3D dettagliata, ma puoi giocare direttamente nel tuo browser. In pochi secondi sarai seduto nella tua astronave. In ogni caso, \u00e8 ovviamente anche possibile installare il gioco sul disco rigido. Il client di installazione \u00e8 disponibile sulla pagina di download e comporta solo 20 MB ? anche in questo caso sei pronto in un paio di secondi. Entrambe le opzioni consentono di giocare a schermo intero a risoluzioni di qualit\u00e0 HD.<\/p>\n<h3>Non amo i giochi per browser, voi?<\/h3>\n<p>Certo, ci piacciono i giochi per browser. Ma ricorda, Pirate Galaxy non \u00e8 il solito Browser Game. Esso \u00e8 azione MMO in tempo reale, come quelli per console. \u00c8 un gioco completo che si lancia nel browser e ti permette di giocare ovunque ti trovi.<\/p>\n<h3>Quali piattaforme supportate?<\/h3>\n<p>Per ora, Pirate Galaxy \u00e8 esclusivo per i PC Windows.<\/p>\n<\/div>\n<div class=\"full\"><img decoding=\"async\" class=\"hr3 colorbox-4338\" alt=\"separator pirate galaxy\" src=\"\/wp-content\/themes\/arras\/images\/pirategalaxy\/isolator_big.png\" \/><br \/>\n<img decoding=\"async\" class=\"hr2 colorbox-4338\" alt=\"separator2 Pirate Galaxy\" src=\"\/wp-content\/themes\/arras\/images\/pirategalaxy\/background_faker.png\" \/><\/div>\n","protected":false},"excerpt":{"rendered":"<p>Pirate Galaxy &#8211; FAQ Indietro Domande generali su Pirate Galaxy: Che cosa \u00e8 Pirate Galaxy? Pirate Galaxy \u00e8 il premiato MMO sulla resistenza dell&#8217;umanit\u00e0 contro una specie aliena chiamata Mantis. [&hellip;]<\/p>\n","protected":false},"author":29,"featured_media":-1,"parent":0,"menu_order":0,"comment_status":"closed","ping_status":"closed","template":"pagetpl-onecolumn.php","meta":{"footnotes":"","_links_to":"","_links_to_target":""},"class_list":["post-4338","page","type-page","status-publish","has-post-thumbnail","hentry"],"yoast_head":"<!-- This site is optimized with the Yoast SEO plugin v27.3 - https:\/\/yoast.com\/product\/yoast-seo-wordpress\/ -->\n<title>FAQ - Pirate Galaxy<\/title>\n<meta name=\"description\" content=\"Domande frequenti su Pirate Galaxy.\" \/>\n<meta name=\"robots\" content=\"index, follow, max-snippet:-1, max-image-preview:large, max-video-preview:-1\" \/>\n<link rel=\"canonical\" href=\"https:\/\/pirategalaxy.com\/it\/faq-5\/\" \/>\n<meta property=\"og:locale\" content=\"it_IT\" \/>\n<meta property=\"og:type\" content=\"article\" \/>\n<meta property=\"og:title\" content=\"FAQ - Pirate Galaxy\" \/>\n<meta property=\"og:description\" content=\"Domande frequenti su Pirate Galaxy.\" \/>\n<meta property=\"og:url\" content=\"https:\/\/pirategalaxy.com\/it\/faq-5\/\" \/>\n<meta property=\"og:site_name\" content=\"Pirate Galaxy\" \/>\n<meta property=\"article:modified_time\" content=\"2018-02-01T13:59:45+00:00\" \/>\n<meta name=\"twitter:label1\" content=\"Tempo di lettura stimato\" \/>\n\t<meta name=\"twitter:data1\" content=\"2 minuti\" \/>\n<script type=\"application\/ld+json\" class=\"yoast-schema-graph\">{\"@context\":\"https:\\\/\\\/schema.org\",\"@graph\":[{\"@type\":\"WebPage\",\"@id\":\"https:\\\/\\\/pirategalaxy.com\\\/it\\\/faq-5\\\/\",\"url\":\"https:\\\/\\\/pirategalaxy.com\\\/it\\\/faq-5\\\/\",\"name\":\"FAQ - Pirate Galaxy\",\"isPartOf\":{\"@id\":\"https:\\\/\\\/pirategalaxy.com\\\/en\\\/#website\"},\"datePublished\":\"2011-01-03T14:30:11+00:00\",\"dateModified\":\"2018-02-01T13:59:45+00:00\",\"description\":\"Domande frequenti su Pirate Galaxy.\",\"breadcrumb\":{\"@id\":\"https:\\\/\\\/pirategalaxy.com\\\/it\\\/faq-5\\\/#breadcrumb\"},\"inLanguage\":\"it-IT\",\"potentialAction\":[{\"@type\":\"ReadAction\",\"target\":[\"https:\\\/\\\/pirategalaxy.com\\\/it\\\/faq-5\\\/\"]}]},{\"@type\":\"BreadcrumbList\",\"@id\":\"https:\\\/\\\/pirategalaxy.com\\\/it\\\/faq-5\\\/#breadcrumb\",\"itemListElement\":[{\"@type\":\"ListItem\",\"position\":1,\"name\":\"Home\",\"item\":\"https:\\\/\\\/pirategalaxy.com\\\/it\\\/\"},{\"@type\":\"ListItem\",\"position\":2,\"name\":\"FAQ\"}]},{\"@type\":\"WebSite\",\"@id\":\"https:\\\/\\\/pirategalaxy.com\\\/en\\\/#website\",\"url\":\"https:\\\/\\\/pirategalaxy.com\\\/en\\\/\",\"name\":\"Pirate Galaxy\",\"description\":\"\",\"potentialAction\":[{\"@type\":\"SearchAction\",\"target\":{\"@type\":\"EntryPoint\",\"urlTemplate\":\"https:\\\/\\\/pirategalaxy.com\\\/en\\\/?s={search_term_string}\"},\"query-input\":{\"@type\":\"PropertyValueSpecification\",\"valueRequired\":true,\"valueName\":\"search_term_string\"}}],\"inLanguage\":\"it-IT\"}]}<\/script>\n<!-- \/ Yoast SEO plugin. -->","yoast_head_json":{"title":"FAQ - Pirate Galaxy","description":"Domande frequenti su Pirate Galaxy.","robots":{"index":"index","follow":"follow","max-snippet":"max-snippet:-1","max-image-preview":"max-image-preview:large","max-video-preview":"max-video-preview:-1"},"canonical":"https:\/\/pirategalaxy.com\/it\/faq-5\/","og_locale":"it_IT","og_type":"article","og_title":"FAQ - Pirate Galaxy","og_description":"Domande frequenti su Pirate Galaxy.","og_url":"https:\/\/pirategalaxy.com\/it\/faq-5\/","og_site_name":"Pirate Galaxy","article_modified_time":"2018-02-01T13:59:45+00:00","twitter_misc":{"Tempo di lettura stimato":"2 minuti"},"schema":{"@context":"https:\/\/schema.org","@graph":[{"@type":"WebPage","@id":"https:\/\/pirategalaxy.com\/it\/faq-5\/","url":"https:\/\/pirategalaxy.com\/it\/faq-5\/","name":"FAQ - Pirate Galaxy","isPartOf":{"@id":"https:\/\/pirategalaxy.com\/en\/#website"},"datePublished":"2011-01-03T14:30:11+00:00","dateModified":"2018-02-01T13:59:45+00:00","description":"Domande frequenti su Pirate Galaxy.","breadcrumb":{"@id":"https:\/\/pirategalaxy.com\/it\/faq-5\/#breadcrumb"},"inLanguage":"it-IT","potentialAction":[{"@type":"ReadAction","target":["https:\/\/pirategalaxy.com\/it\/faq-5\/"]}]},{"@type":"BreadcrumbList","@id":"https:\/\/pirategalaxy.com\/it\/faq-5\/#breadcrumb","itemListElement":[{"@type":"ListItem","position":1,"name":"Home","item":"https:\/\/pirategalaxy.com\/it\/"},{"@type":"ListItem","position":2,"name":"FAQ"}]},{"@type":"WebSite","@id":"https:\/\/pirategalaxy.com\/en\/#website","url":"https:\/\/pirategalaxy.com\/en\/","name":"Pirate Galaxy","description":"","potentialAction":[{"@type":"SearchAction","target":{"@type":"EntryPoint","urlTemplate":"https:\/\/pirategalaxy.com\/en\/?s={search_term_string}"},"query-input":{"@type":"PropertyValueSpecification","valueRequired":true,"valueName":"search_term_string"}}],"inLanguage":"it-IT"}]}},"_links":{"self":[{"href":"https:\/\/pirategalaxy.com\/it\/wp-json\/wp\/v2\/pages\/4338","targetHints":{"allow":["GET"]}}],"collection":[{"href":"https:\/\/pirategalaxy.com\/it\/wp-json\/wp\/v2\/pages"}],"about":[{"href":"https:\/\/pirategalaxy.com\/it\/wp-json\/wp\/v2\/types\/page"}],"author":[{"embeddable":true,"href":"https:\/\/pirategalaxy.com\/it\/wp-json\/wp\/v2\/users\/29"}],"replies":[{"embeddable":true,"href":"https:\/\/pirategalaxy.com\/it\/wp-json\/wp\/v2\/comments?post=4338"}],"version-history":[{"count":0,"href":"https:\/\/pirategalaxy.com\/it\/wp-json\/wp\/v2\/pages\/4338\/revisions"}],"wp:featuredmedia":[{"embeddable":true,"href":"https:\/\/pirategalaxy.com\/it\/wp-json\/"}],"wp:attachment":[{"href":"https:\/\/pirategalaxy.com\/it\/wp-json\/wp\/v2\/media?parent=4338"}],"curies":[{"name":"wp","href":"https:\/\/api.w.org\/{rel}","templated":true}]}}