{"id":4329,"date":"2012-10-31T10:22:47","date_gmt":"2012-10-31T09:22:47","guid":{"rendered":"http:\/\/pirategalaxy.com\/?page_id=4329"},"modified":"2022-11-24T16:05:34","modified_gmt":"2022-11-24T15:05:34","slug":"home","status":"publish","type":"page","link":"https:\/\/pirategalaxy.com\/it\/","title":{"rendered":"Home"},"content":{"rendered":"<!-- Start vSlider options -->\r\n<script type=\"text\/javascript\">\r\nvar $jq = jQuery.noConflict(); $jq(document).ready(function() { \r\n    $jq('#homeIt').coinslider({ width: 972,     height: 360, spw: 3, sph: 2, delay: 6000, sDelay: 60, opacity: 0.7, titleSpeed: 0, effect: 'fade', navigation: false, links : true, stickynav: true, hoverPause: true }); }); \r\n    <\/script>\r\n<!-- Begin vSlider options -->\r\n<style type=\"text\/css\" media=\"screen\">\r\n#homeItcontainer {\r\n    margin: 0px -5px -5px -1px;\r\n    float:none;\r\n    }\r\n#homeIt { \r\n    width: 972px; \r\n    height: 360px;\r\n    overflow: hidden; \r\n    position: relative; \r\n    }\r\n    \r\n\r\n    #homeIt a, #homeIt a img {\r\n        border: none !important; \r\n        text-decoration: none !important; \r\n        outline: none !important;\r\n        } \r\n        \r\n    #homeIt h4 {\r\n        color: #FFFFFF !important;\r\n        margin: 0px !important;padding: 0px !important;\r\n        font-family: Arial, Helvetica, sans-serif !important;\r\n        font-size: 16px !important;}\r\n        \r\n    #homeIt .cs-title {\r\n        background: #000000;\r\n        color: #FFFFFF  !important;\r\n        font-family: Arial, Helvetica, sans-serif !important;\r\n        font-size: 12px !important;\r\n        letter-spacing: normal !important;line-height: normal !important;}\r\n        \r\n    #homeIt .cs-title{ position:absolute;\r\n    width: 962px; padding: 10px;        }\r\n        #homeItcontainer .cs-buttons {clear:both; font-size: 0px; margin: ; float: left; }\r\n       #cs-button-homeIt{ z-index:999;outline:none;}\r\n                #homeItcontainer .cs-buttons { font-size: 0px; padding: 10px; float: left; outline: none !important;}\r\n           #homeItcontainer .cs-buttons a { margin-left: 5px; height: 15px; width: 15px; float: left; \r\n                            background: url('https:\/\/pirategalaxy.com\/wp-content\/plugins\/vslider\/images\/default_style.png') no-repeat;background-position:top;\r\n                                                text-indent: -1000px;\r\n                                                outline: none !important;\r\n                             }\r\n             #homeItcontainer .cs-buttons a:hover  { background: url('https:\/\/pirategalaxy.com\/wp-content\/plugins\/vslider\/images\/default_style.png') no-repeat;background-position: bottom;top:15px;outline: none !important;}\r\n            #homeItcontainer  a.cs-active { background: url('https:\/\/pirategalaxy.com\/wp-content\/plugins\/vslider\/images\/default_style.png') no-repeat;background-position:bottom;outline: none !important;}          \r\n                                \r\n        \r\n                 #homeIt  .cs-prev,#homeIt  .cs-next { outline:none; }\r\n           #homeIt  .cs-prev {margin-left:8px; line-height: 30px;width: 30px;height:30px; background: url('https:\/\/pirategalaxy.com\/wp-content\/plugins\/vslider\/images\/nav_style2_arrows-prev.png')no-repeat; text-indent: -999px;}\r\n      #homeIt  .cs-next {margin-right: 5px; line-height: 30px;width: 30px;height:30px; background: url('https:\/\/pirategalaxy.com\/wp-content\/plugins\/vslider\/images\/nav_style2_arrows-next.png')no-repeat; text-indent: -999px;}\r\n         \r\n       #homeIt,#homeIt img {\r\n        border:0px solid #000; \r\n        border-radius:0px;\r\n        -moz-border-radius:0px;\r\n        -webkit-border-radius:0px;\r\n        }\r\n<\/style>\r\n<!-- End vSlider options -->\r\n    <div id=\"homeItcontainer\">\r\n    <div id=\"homeIt\">       <a href=\"\" style=\"background:#fff;\" target=\"\">\r\n              <img class=\"colorbox-4329\"  decoding=\"async\" src=\"https:\/\/pirategalaxy.com\/wp-content\/plugins\/vslider\/timthumb.php?src=http%3A%2F%2Fpirategalaxy.com%2Fwp-content%2Fuploads%2F2012%2F10%2Fteaser_01.jpg&amp;w=972&amp;h=360&amp;zc=1&amp;q=80\" style=\"width:972px;height:360px;\" alt=\"Una trama epica\" \/>\r\n                    <span><h4>Una trama epica<\/h4>Da piccolo contrabbandiere che a malapena tira a campare a salvatore dell'umanit\u00e0. Tutto \u00e8 possibile!<\/span>\r\n                <\/a>\r\n           <a href=\"\" style=\"background:#fff;\" target=\"\">\r\n              <img class=\"colorbox-4329\"  decoding=\"async\" src=\"https:\/\/pirategalaxy.com\/wp-content\/plugins\/vslider\/timthumb.php?src=http%3A%2F%2Fpirategalaxy.com%2Fwp-content%2Fuploads%2F2012%2F10%2Fteaser_02.jpg&amp;w=972&amp;h=360&amp;zc=1&amp;q=80\" style=\"width:972px;height:360px;\" alt=\"Un incredibile avventura science fiction\" \/>\r\n                    <span><h4>Un incredibile avventura science fiction<\/h4>Esplora un intero universo con diversi sistemi solari e centinaia di missioni!<\/span>\r\n                <\/a>\r\n           <a href=\"\" style=\"background:#fff;\" target=\"\">\r\n              <img class=\"colorbox-4329\"  decoding=\"async\" src=\"https:\/\/pirategalaxy.com\/wp-content\/plugins\/vslider\/timthumb.php?src=http%3A%2F%2Fpirategalaxy.com%2Fwp-content%2Fuploads%2F2012%2F10%2Fteaser_03.jpg&amp;w=972&amp;h=360&amp;zc=1&amp;q=80\" style=\"width:972px;height:360px;\" alt=\"Pericolosi alieni ovunque\" \/>\r\n                    <span><h4>Pericolosi alieni ovunque<\/h4>Sei stato avvertito \u2012 la mantide e la loro infida regina non si arrendono facilmente!<\/span>\r\n                <\/a>\r\n    <\/div><\/div>\n<div class=\"teaser\"><\/div>\n<h1 class=\"headline-home\">Pirate Galaxy ? l&#8217;epica avventura spaziale 3D<\/h1>\n<div class=\"one_third\">\n<div class=\"Banner\">\n<div class=\"BannerInn\">\n<p class=\"BannerHead\">Caratteristiche<\/p>\n<h2 class=\"BannerH\">Pirate Galaxy &#8211; il 3D Online di nuova generazione<\/h2>\n<div class=\"BannerText2\">\n<ul>\n<li>Gioca gratis ? nel tuo browser<\/li>\n<li>Godetevi la ricca grafica 3D<\/li>\n<li>Domina l&#8217;intenso combattimento tattico con la tua astronave<\/li>\n<li>Esplora un universo composto da innumerevoli pianeti<\/li>\n<li>Vivi una trama intensa<\/li>\n<\/ul>\n<\/div>\n<\/div>\n<\/div>\n<\/div>\n<div class=\"one_third_m\">\n<p class=\"headline-home2 headline-home2-pos\">Trailer<\/p>\n<div class=\"lyte-wrapper fourthree\" style=\"width:420px;max-width:100%;margin:5px;\"><div class=\"lyMe\" id=\"WYL_PxWxWpf8rP8\"><div id=\"lyte_PxWxWpf8rP8\" data-src=\"https:\/\/pirategalaxy.com\/wp-content\/plugins\/wp-youtube-lyte\/lyteCache.php?origThumbUrl=%2F%2Fi.ytimg.com%2Fvi%2FPxWxWpf8rP8%2Fhqdefault.jpg\" class=\"pL\"><div class=\"tC\"><div class=\"tT\"><\/div><\/div><div class=\"play\"><\/div><div class=\"ctrl\"><div class=\"Lctrl\"><\/div><div class=\"Rctrl\"><\/div><\/div><\/div><noscript><a href=\"https:\/\/youtu.be\/PxWxWpf8rP8\" rel=\"nofollow\"><img class=\"colorbox-4329\"  loading=\"lazy\" decoding=\"async\" src=\"https:\/\/pirategalaxy.com\/wp-content\/plugins\/wp-youtube-lyte\/lyteCache.php?origThumbUrl=https%3A%2F%2Fi.ytimg.com%2Fvi%2FPxWxWpf8rP8%2F0.jpg\" alt=\"YouTube video thumbnail\" width=\"420\" height=\"295\" \/><br \/>Guarda questo video su YouTube<\/a><\/noscript><\/div><\/div><div class=\"lL\" style=\"max-width:100%;width:420px;margin:5px;\"><\/div><\/p>\n<\/div>\n<div class=\"one_third_last\">\n<div class=\"image1\"><\/div>\n<\/div>\n<p><img decoding=\"async\" class=\"hr-home colorbox-4329\" src=\"\/wp-content\/themes\/arras\/images\/pirategalaxy\/isolator_small.png\" alt=\"separator pirate galaxy\"><\/p>\n<div class=\"one_third\">\n<p class=\"headline-home2 headline-home2-pos headline-left\">SCREENSHOTS<\/p>\n<div class=\"gallery\"><dl class='gallery-item'>\n\t\t\t<dt class='gallery-icon landscape'>\n\t\t\t\t<a href='https:\/\/pirategalaxy.com\/wp-content\/uploads\/2012\/10\/PG04.jpg'><img loading=\"lazy\" decoding=\"async\" width=\"130\" height=\"80\" src=\"https:\/\/pirategalaxy.com\/wp-content\/uploads\/2012\/10\/PG04-130x80.jpg\" class=\"attachment-gallery_thumbnail size-gallery_thumbnail colorbox-4329 \" alt=\"Pirate Galaxy - Space Ship\" aria-describedby=\"gallery-1-15787\" \/><\/a>\n\t\t\t<\/dt>\n\t\t\t\t<dd class='wp-caption-text gallery-caption' id='gallery-1-15787'>\n\t\t\t\tPirate Galaxy Screenshot &#8211; A Pirate Galaxy space ship in space\n\t\t\t\t<\/dd><\/dl><dl class='gallery-item'>\n\t\t\t<dt class='gallery-icon landscape'>\n\t\t\t\t<a href='https:\/\/pirategalaxy.com\/wp-content\/uploads\/2012\/10\/PG05.jpg'><img loading=\"lazy\" decoding=\"async\" width=\"130\" height=\"80\" src=\"https:\/\/pirategalaxy.com\/wp-content\/uploads\/2012\/10\/PG05-130x80.jpg\" class=\"attachment-gallery_thumbnail size-gallery_thumbnail colorbox-4329 \" alt=\"Pirate Galaxy - Space Ship Battle\" aria-describedby=\"gallery-1-15788\" \/><\/a>\n\t\t\t<\/dt>\n\t\t\t\t<dd class='wp-caption-text gallery-caption' id='gallery-1-15788'>\n\t\t\t\tPirate Galaxy Screenshot &#8211; A Pirate Galaxy space ship in battle\n\t\t\t\t<\/dd><\/dl><br style=\"clear: both\" \/><dl class='gallery-item'>\n\t\t\t<dt class='gallery-icon landscape'>\n\t\t\t\t<a href='https:\/\/pirategalaxy.com\/wp-content\/uploads\/2012\/10\/PG06.jpg'><img loading=\"lazy\" decoding=\"async\" width=\"130\" height=\"80\" src=\"https:\/\/pirategalaxy.com\/wp-content\/uploads\/2012\/10\/PG06-130x80.jpg\" class=\"attachment-gallery_thumbnail size-gallery_thumbnail colorbox-4329 \" alt=\"Pirate Galaxy - Fantastic Planets\" aria-describedby=\"gallery-1-15789\" \/><\/a>\n\t\t\t<\/dt>\n\t\t\t\t<dd class='wp-caption-text gallery-caption' id='gallery-1-15789'>\n\t\t\t\tPirate Galaxy Screenshot &#8211; A fantastic Pirate Galaxy space planet\n\t\t\t\t<\/dd><\/dl><dl class='gallery-item'>\n\t\t\t<dt class='gallery-icon landscape'>\n\t\t\t\t<a href='https:\/\/pirategalaxy.com\/wp-content\/uploads\/2012\/10\/PG07.jpg'><img loading=\"lazy\" decoding=\"async\" width=\"130\" height=\"80\" src=\"https:\/\/pirategalaxy.com\/wp-content\/uploads\/2012\/10\/PG07-130x80.jpg\" class=\"attachment-gallery_thumbnail size-gallery_thumbnail colorbox-4329 \" alt=\"Pirate Galaxy - Battle Over the Ocean\" aria-describedby=\"gallery-1-15790\" \/><\/a>\n\t\t\t<\/dt>\n\t\t\t\t<dd class='wp-caption-text gallery-caption' id='gallery-1-15790'>\n\t\t\t\tPirate Galaxy Screenshot &#8211; A 3D space battle over the ocean\n\t\t\t\t<\/dd><\/dl><br style=\"clear: both\" \/><dl class='gallery-item'>\n\t\t\t<dt class='gallery-icon landscape'>\n\t\t\t\t<a href='https:\/\/pirategalaxy.com\/wp-content\/uploads\/2012\/10\/PG09.jpg'><img loading=\"lazy\" decoding=\"async\" width=\"130\" height=\"80\" src=\"https:\/\/pirategalaxy.com\/wp-content\/uploads\/2012\/10\/PG09-130x80.jpg\" class=\"attachment-gallery_thumbnail size-gallery_thumbnail colorbox-4329 \" alt=\"Pirate Galaxy - Solar System\" aria-describedby=\"gallery-1-15791\" \/><\/a>\n\t\t\t<\/dt>\n\t\t\t\t<dd class='wp-caption-text gallery-caption' id='gallery-1-15791'>\n\t\t\t\tPirate Galaxy Screenshot &#8211;  Pirate Galaxy offers you different solar systems\n\t\t\t\t<\/dd><\/dl><dl class='gallery-item'>\n\t\t\t<dt class='gallery-icon landscape'>\n\t\t\t\t<a href='https:\/\/pirategalaxy.com\/wp-content\/uploads\/2012\/10\/PG10.jpg'><img loading=\"lazy\" decoding=\"async\" width=\"130\" height=\"80\" src=\"https:\/\/pirategalaxy.com\/wp-content\/uploads\/2012\/10\/PG10-130x80.jpg\" class=\"attachment-gallery_thumbnail size-gallery_thumbnail colorbox-4329 \" alt=\"Pirate Galaxy - Orbit View\" aria-describedby=\"gallery-1-15792\" \/><\/a>\n\t\t\t<\/dt>\n\t\t\t\t<dd class='wp-caption-text gallery-caption' id='gallery-1-15792'>\n\t\t\t\tPirate Galaxy Screenshot &#8211;  Pirate Galaxy fantastic orbit view\n\t\t\t\t<\/dd><\/dl><br style=\"clear: both\" \/><dl class='gallery-item'>\n\t\t\t<dt class='gallery-icon landscape'>\n\t\t\t\t<a href='https:\/\/pirategalaxy.com\/wp-content\/uploads\/2012\/10\/PG11.jpg'><img loading=\"lazy\" decoding=\"async\" width=\"130\" height=\"80\" src=\"https:\/\/pirategalaxy.com\/wp-content\/uploads\/2012\/10\/PG11-130x80.jpg\" class=\"attachment-gallery_thumbnail size-gallery_thumbnail colorbox-4329 \" alt=\"Pirate Galaxy - User Interface\" aria-describedby=\"gallery-1-15793\" \/><\/a>\n\t\t\t<\/dt>\n\t\t\t\t<dd class='wp-caption-text gallery-caption' id='gallery-1-15793'>\n\t\t\t\tPirate Galaxy Screenshot &#8211;  Pirate Galaxy offers you a unique user interface\n\t\t\t\t<\/dd><\/dl><dl class='gallery-item'>\n\t\t\t<dt class='gallery-icon landscape'>\n\t\t\t\t<a href='https:\/\/pirategalaxy.com\/wp-content\/uploads\/2012\/10\/PG12.jpg'><img loading=\"lazy\" decoding=\"async\" width=\"130\" height=\"80\" src=\"https:\/\/pirategalaxy.com\/wp-content\/uploads\/2012\/10\/PG12-130x80.jpg\" class=\"attachment-gallery_thumbnail size-gallery_thumbnail colorbox-4329 \" alt=\"Pirate Galaxy - Space Station\" aria-describedby=\"gallery-1-15794\" \/><\/a>\n\t\t\t<\/dt>\n\t\t\t\t<dd class='wp-caption-text gallery-caption' id='gallery-1-15794'>\n\t\t\t\tPirate Galaxy Screenshot &#8211;  Pirate Galaxy space station\n\t\t\t\t<\/dd><\/dl><br style=\"clear: both\" \/>\n\t\t<\/div>\n\n<\/div>\n<div class=\"two_thirds\">\n<p class=\"headline-home2 headline-home2-pos\">Storia<\/p>\n<h2 class=\"Texth2\">Pirate Galaxy &#8211; L&#8217;avventura per pirati dello spazio<\/h2>\n<p class=\"z-index\">Il gioco spaziale Pirate Galaxy ti mette nei panni di un contrabbandiere in una delle ultime colonie dell&#8217;umanit\u00e0. Pirate Galaxy \u00e8 un gioco epico con numerosi pianeta e migliaia di missioni. Per sopravvivere, \u00e8 necessario combattere attraverso la galassia.<\/p>\n<h2 class=\"Texth2\">Pirate Galaxy: L&#8217;Impero \u00e8 corrotto!<\/h2>\n<p class=\"z-index\">Le colonie umane sono state invase da Mantis, l&#8217;impero che li trad\u00ec. In inferiorit\u00e0 numerica, le forze coloniali hanno lottato con il crescente potere degli intrusi alieni. Un sacco di case sono state perse, la resistenza frantumata. Il sistema Vega, nascondiglio delle forze coloniali, teme le voci di un attacco finale contro di loro. Ma devono anche affrontare un&#8217;altra minaccia\\: contrabbandieri, disperati cosmonauti, che tradiscono il loro proprio genere solo per mettere le mani su alcuni preziosi cristalli di Cryonite in uno spazio pieno di pianeti con ricche miniere. Con la Mantide pronta ad attaccare, potranno le forze coloniali e i fuorilegge spaziali resistere al loro nemico comune?<\/p>\n<h2 class=\"Texth2\">Partecipa al gioco spaziale Pirate Galaxy!<\/h2>\n<p>Cominci come un contrabbandiere, completando le missioni per loschi personaggi. Ma a un certo punto, i contrabbandieri e le guardie coloniale devono unirsi per combattere la mantide. Pirate Galaxy \u00e8 un gioco fantastico online in 3D per il tuo browser (MMO). Gioca adesso gratis.<\/p>\n<div class=\"playnow-home\">\n<div style=\"left: 72px; position: relative; top: 39px;\"><a id=\"playnow\" class=\"colorbox-link cboxElement\" href=\"https:\/\/api.pirategalaxy.com\/account.php\/start\/pirategalaxy?lang=it&amp;affiliateId=0&amp;campaignId=0&amp;referrer=\"><img class=\"colorbox-4329\"  decoding=\"async\" src=\"\/wp-content\/themes\/arras\/images\/pirategalaxy\/playnow\/it\/cta_playnow.gif\" alt=\"\"><\/a><\/div>\n<\/div>\n<\/div>\n","protected":false},"excerpt":{"rendered":"<p>Pirate Galaxy ? l&#8217;epica avventura spaziale 3D Caratteristiche Pirate Galaxy &#8211; il 3D Online di nuova generazione Gioca gratis ? nel tuo browser Godetevi la ricca grafica 3D Domina l&#8217;intenso [&hellip;]<\/p>\n","protected":false},"author":29,"featured_media":453,"parent":0,"menu_order":0,"comment_status":"closed","ping_status":"closed","template":"pagetpl-onecolumn-home-pg.php","meta":{"footnotes":"","_links_to":"","_links_to_target":""},"class_list":["post-4329","page","type-page","status-publish","has-post-thumbnail","hentry"],"yoast_head":"<!-- This site is optimized with the Yoast SEO plugin v27.3 - https:\/\/yoast.com\/product\/yoast-seo-wordpress\/ -->\n<title>Pirate Galaxy \u2012 L&#039;epica avventura spaziale 3D<\/title>\n<meta name=\"description\" content=\"Pirate Galaxy, il gioco Online 3D gratuito di alto livello. Esplora un intero universo riempito di diversi sistemi solari e centinaia di missioni.\" \/>\n<meta name=\"robots\" content=\"index, follow, max-snippet:-1, max-image-preview:large, max-video-preview:-1\" \/>\n<link rel=\"canonical\" href=\"https:\/\/pirategalaxy.com\/it\/\" \/>\n<meta property=\"og:locale\" content=\"it_IT\" \/>\n<meta property=\"og:type\" content=\"article\" \/>\n<meta property=\"og:title\" content=\"Pirate Galaxy \u2012 L&#039;epica avventura spaziale 3D\" \/>\n<meta property=\"og:description\" content=\"Pirate Galaxy, il gioco Online 3D gratuito di alto livello. Esplora un intero universo riempito di diversi sistemi solari e centinaia di missioni.\" \/>\n<meta property=\"og:url\" content=\"https:\/\/pirategalaxy.com\/it\/\" \/>\n<meta property=\"og:site_name\" content=\"Pirate Galaxy\" \/>\n<meta property=\"article:modified_time\" content=\"2022-11-24T15:05:34+00:00\" \/>\n<meta property=\"og:image\" content=\"https:\/\/pirategalaxy.com\/wp-content\/uploads\/2012\/10\/PG04-130x80.jpg\" \/>\n<meta name=\"twitter:label1\" content=\"Tempo di lettura stimato\" \/>\n\t<meta name=\"twitter:data1\" content=\"2 minuti\" \/>\n<script type=\"application\/ld+json\" class=\"yoast-schema-graph\">{\"@context\":\"https:\\\/\\\/schema.org\",\"@graph\":[{\"@type\":\"WebPage\",\"@id\":\"https:\\\/\\\/pirategalaxy.com\\\/it\\\/\",\"url\":\"https:\\\/\\\/pirategalaxy.com\\\/it\\\/\",\"name\":\"Pirate Galaxy \u2012 L'epica avventura spaziale 3D\",\"isPartOf\":{\"@id\":\"https:\\\/\\\/pirategalaxy.com\\\/en\\\/#website\"},\"primaryImageOfPage\":{\"@id\":\"https:\\\/\\\/pirategalaxy.com\\\/it\\\/#primaryimage\"},\"image\":{\"@id\":\"https:\\\/\\\/pirategalaxy.com\\\/it\\\/#primaryimage\"},\"thumbnailUrl\":\"https:\\\/\\\/pirategalaxy.com\\\/wp-content\\\/uploads\\\/2011\\\/02\\\/teaser_09.jpg\",\"datePublished\":\"2012-10-31T09:22:47+00:00\",\"dateModified\":\"2022-11-24T15:05:34+00:00\",\"description\":\"Pirate Galaxy, il gioco Online 3D gratuito di alto livello. Esplora un intero universo riempito di diversi sistemi solari e centinaia di missioni.\",\"breadcrumb\":{\"@id\":\"https:\\\/\\\/pirategalaxy.com\\\/it\\\/#breadcrumb\"},\"inLanguage\":\"it-IT\",\"potentialAction\":[{\"@type\":\"ReadAction\",\"target\":[\"https:\\\/\\\/pirategalaxy.com\\\/it\\\/\"]}]},{\"@type\":\"ImageObject\",\"inLanguage\":\"it-IT\",\"@id\":\"https:\\\/\\\/pirategalaxy.com\\\/it\\\/#primaryimage\",\"url\":\"https:\\\/\\\/pirategalaxy.com\\\/wp-content\\\/uploads\\\/2011\\\/02\\\/teaser_09.jpg\",\"contentUrl\":\"https:\\\/\\\/pirategalaxy.com\\\/wp-content\\\/uploads\\\/2011\\\/02\\\/teaser_09.jpg\",\"width\":\"640\",\"height\":\"250\"},{\"@type\":\"BreadcrumbList\",\"@id\":\"https:\\\/\\\/pirategalaxy.com\\\/it\\\/#breadcrumb\",\"itemListElement\":[{\"@type\":\"ListItem\",\"position\":1,\"name\":\"Home\",\"item\":\"https:\\\/\\\/pirategalaxy.com\\\/it\\\/\"},{\"@type\":\"ListItem\",\"position\":2,\"name\":\"Home\"}]},{\"@type\":\"WebSite\",\"@id\":\"https:\\\/\\\/pirategalaxy.com\\\/en\\\/#website\",\"url\":\"https:\\\/\\\/pirategalaxy.com\\\/en\\\/\",\"name\":\"Pirate Galaxy\",\"description\":\"\",\"potentialAction\":[{\"@type\":\"SearchAction\",\"target\":{\"@type\":\"EntryPoint\",\"urlTemplate\":\"https:\\\/\\\/pirategalaxy.com\\\/en\\\/?s={search_term_string}\"},\"query-input\":{\"@type\":\"PropertyValueSpecification\",\"valueRequired\":true,\"valueName\":\"search_term_string\"}}],\"inLanguage\":\"it-IT\"}]}<\/script>\n<!-- \/ Yoast SEO plugin. -->","yoast_head_json":{"title":"Pirate Galaxy \u2012 L'epica avventura spaziale 3D","description":"Pirate Galaxy, il gioco Online 3D gratuito di alto livello. Esplora un intero universo riempito di diversi sistemi solari e centinaia di missioni.","robots":{"index":"index","follow":"follow","max-snippet":"max-snippet:-1","max-image-preview":"max-image-preview:large","max-video-preview":"max-video-preview:-1"},"canonical":"https:\/\/pirategalaxy.com\/it\/","og_locale":"it_IT","og_type":"article","og_title":"Pirate Galaxy \u2012 L'epica avventura spaziale 3D","og_description":"Pirate Galaxy, il gioco Online 3D gratuito di alto livello. Esplora un intero universo riempito di diversi sistemi solari e centinaia di missioni.","og_url":"https:\/\/pirategalaxy.com\/it\/","og_site_name":"Pirate Galaxy","article_modified_time":"2022-11-24T15:05:34+00:00","og_image":[{"url":"https:\/\/pirategalaxy.com\/wp-content\/uploads\/2012\/10\/PG04-130x80.jpg","type":"","width":"","height":""}],"twitter_misc":{"Tempo di lettura stimato":"2 minuti"},"schema":{"@context":"https:\/\/schema.org","@graph":[{"@type":"WebPage","@id":"https:\/\/pirategalaxy.com\/it\/","url":"https:\/\/pirategalaxy.com\/it\/","name":"Pirate Galaxy \u2012 L'epica avventura spaziale 3D","isPartOf":{"@id":"https:\/\/pirategalaxy.com\/en\/#website"},"primaryImageOfPage":{"@id":"https:\/\/pirategalaxy.com\/it\/#primaryimage"},"image":{"@id":"https:\/\/pirategalaxy.com\/it\/#primaryimage"},"thumbnailUrl":"https:\/\/pirategalaxy.com\/wp-content\/uploads\/2011\/02\/teaser_09.jpg","datePublished":"2012-10-31T09:22:47+00:00","dateModified":"2022-11-24T15:05:34+00:00","description":"Pirate Galaxy, il gioco Online 3D gratuito di alto livello. Esplora un intero universo riempito di diversi sistemi solari e centinaia di missioni.","breadcrumb":{"@id":"https:\/\/pirategalaxy.com\/it\/#breadcrumb"},"inLanguage":"it-IT","potentialAction":[{"@type":"ReadAction","target":["https:\/\/pirategalaxy.com\/it\/"]}]},{"@type":"ImageObject","inLanguage":"it-IT","@id":"https:\/\/pirategalaxy.com\/it\/#primaryimage","url":"https:\/\/pirategalaxy.com\/wp-content\/uploads\/2011\/02\/teaser_09.jpg","contentUrl":"https:\/\/pirategalaxy.com\/wp-content\/uploads\/2011\/02\/teaser_09.jpg","width":"640","height":"250"},{"@type":"BreadcrumbList","@id":"https:\/\/pirategalaxy.com\/it\/#breadcrumb","itemListElement":[{"@type":"ListItem","position":1,"name":"Home","item":"https:\/\/pirategalaxy.com\/it\/"},{"@type":"ListItem","position":2,"name":"Home"}]},{"@type":"WebSite","@id":"https:\/\/pirategalaxy.com\/en\/#website","url":"https:\/\/pirategalaxy.com\/en\/","name":"Pirate Galaxy","description":"","potentialAction":[{"@type":"SearchAction","target":{"@type":"EntryPoint","urlTemplate":"https:\/\/pirategalaxy.com\/en\/?s={search_term_string}"},"query-input":{"@type":"PropertyValueSpecification","valueRequired":true,"valueName":"search_term_string"}}],"inLanguage":"it-IT"}]}},"_links":{"self":[{"href":"https:\/\/pirategalaxy.com\/it\/wp-json\/wp\/v2\/pages\/4329","targetHints":{"allow":["GET"]}}],"collection":[{"href":"https:\/\/pirategalaxy.com\/it\/wp-json\/wp\/v2\/pages"}],"about":[{"href":"https:\/\/pirategalaxy.com\/it\/wp-json\/wp\/v2\/types\/page"}],"author":[{"embeddable":true,"href":"https:\/\/pirategalaxy.com\/it\/wp-json\/wp\/v2\/users\/29"}],"replies":[{"embeddable":true,"href":"https:\/\/pirategalaxy.com\/it\/wp-json\/wp\/v2\/comments?post=4329"}],"version-history":[{"count":4,"href":"https:\/\/pirategalaxy.com\/it\/wp-json\/wp\/v2\/pages\/4329\/revisions"}],"predecessor-version":[{"id":314441,"href":"https:\/\/pirategalaxy.com\/it\/wp-json\/wp\/v2\/pages\/4329\/revisions\/314441"}],"wp:featuredmedia":[{"embeddable":true,"href":"https:\/\/pirategalaxy.com\/it\/wp-json\/wp\/v2\/media\/453"}],"wp:attachment":[{"href":"https:\/\/pirategalaxy.com\/it\/wp-json\/wp\/v2\/media?parent=4329"}],"curies":[{"name":"wp","href":"https:\/\/api.w.org\/{rel}","templated":true}]}}