{"id":4088,"date":"2012-10-31T10:22:47","date_gmt":"2012-10-31T09:22:47","guid":{"rendered":"http:\/\/pirategalaxy.com\/?page_id=4088"},"modified":"2022-11-24T16:04:46","modified_gmt":"2022-11-24T15:04:46","slug":"accueil","status":"publish","type":"page","link":"https:\/\/pirategalaxy.com\/fr\/","title":{"rendered":"Accueil"},"content":{"rendered":"<!-- Start vSlider options -->\r\n<script type=\"text\/javascript\">\r\nvar $jq = jQuery.noConflict(); $jq(document).ready(function() { \r\n    $jq('#homeFr').coinslider({ width: 972,     height: 360, spw: 3, sph: 2, delay: 6000, sDelay: 60, opacity: 0.7, titleSpeed: 0, effect: 'fade', navigation: false, links : true, stickynav: true, hoverPause: true }); }); \r\n    <\/script>\r\n<!-- Begin vSlider options -->\r\n<style type=\"text\/css\" media=\"screen\">\r\n#homeFrcontainer {\r\n    margin: 0px -5px -5px -1px;\r\n    float:none;\r\n    }\r\n#homeFr { \r\n    width: 972px; \r\n    height: 360px;\r\n    overflow: hidden; \r\n    position: relative; \r\n    }\r\n    \r\n\r\n    #homeFr a, #homeFr a img {\r\n        border: none !important; \r\n        text-decoration: none !important; \r\n        outline: none !important;\r\n        } \r\n        \r\n    #homeFr h4 {\r\n        color: #FFFFFF !important;\r\n        margin: 0px !important;padding: 0px !important;\r\n        font-family: Arial, Helvetica, sans-serif !important;\r\n        font-size: 16px !important;}\r\n        \r\n    #homeFr .cs-title {\r\n        background: #000000;\r\n        color: #FFFFFF  !important;\r\n        font-family: Arial, Helvetica, sans-serif !important;\r\n        font-size: 12px !important;\r\n        letter-spacing: normal !important;line-height: normal !important;}\r\n        \r\n    #homeFr .cs-title{ position:absolute;\r\n    width: 962px; padding: 10px;        }\r\n        #homeFrcontainer .cs-buttons {clear:both; font-size: 0px; margin: ; float: left; }\r\n       #cs-button-homeFr{ z-index:999;outline:none;}\r\n                #homeFrcontainer .cs-buttons { font-size: 0px; padding: 10px; float: left; outline: none !important;}\r\n           #homeFrcontainer .cs-buttons a { margin-left: 5px; height: 15px; width: 15px; float: left; \r\n                            background: url('https:\/\/pirategalaxy.com\/wp-content\/plugins\/vslider\/images\/default_style.png') no-repeat;background-position:top;\r\n                                                text-indent: -1000px;\r\n                                                outline: none !important;\r\n                             }\r\n             #homeFrcontainer .cs-buttons a:hover  { background: url('https:\/\/pirategalaxy.com\/wp-content\/plugins\/vslider\/images\/default_style.png') no-repeat;background-position: bottom;top:15px;outline: none !important;}\r\n            #homeFrcontainer  a.cs-active { background: url('https:\/\/pirategalaxy.com\/wp-content\/plugins\/vslider\/images\/default_style.png') no-repeat;background-position:bottom;outline: none !important;}          \r\n                                \r\n        \r\n                 #homeFr  .cs-prev,#homeFr  .cs-next { outline:none; }\r\n           #homeFr  .cs-prev {margin-left:8px; line-height: 30px;width: 30px;height:30px; background: url('https:\/\/pirategalaxy.com\/wp-content\/plugins\/vslider\/images\/nav_style2_arrows-prev.png')no-repeat; text-indent: -999px;}\r\n      #homeFr  .cs-next {margin-right: 5px; line-height: 30px;width: 30px;height:30px; background: url('https:\/\/pirategalaxy.com\/wp-content\/plugins\/vslider\/images\/nav_style2_arrows-next.png')no-repeat; text-indent: -999px;}\r\n         \r\n       #homeFr,#homeFr img {\r\n        border:0px solid #FFFFFF; \r\n        border-radius:0px;\r\n        -moz-border-radius:0px;\r\n        -webkit-border-radius:0px;\r\n        }\r\n<\/style>\r\n<!-- End vSlider options -->\r\n    <div id=\"homeFrcontainer\">\r\n    <div id=\"homeFr\">       <a href=\"\" style=\"background:#fff;\" target=\"\">\r\n              <img class=\"colorbox-4088\"  decoding=\"async\" src=\"https:\/\/pirategalaxy.com\/wp-content\/plugins\/vslider\/timthumb.php?src=http%3A%2F%2Fpirategalaxy.com%2Fwp-content%2Fuploads%2F2012%2F10%2Fteaser_01.jpg&amp;w=972&amp;h=360&amp;zc=1&amp;q=80\" style=\"width:972px;height:360px;\" alt=\"Une aventure \u00e9pique\" \/>\r\n                    <span><h4>Une aventure \u00e9pique<\/h4>De petit contrebandier qui gagne durement sa vie \u00e0 Sauveur de l'humanit\u00e9 ... Tout est possible!<\/span>\r\n                <\/a>\r\n           <a href=\"\" style=\"background:#fff;\" target=\"\">\r\n              <img class=\"colorbox-4088\"  decoding=\"async\" src=\"https:\/\/pirategalaxy.com\/wp-content\/plugins\/vslider\/timthumb.php?src=http%3A%2F%2Fpirategalaxy.com%2Fwp-content%2Fuploads%2F2012%2F10%2Fteaser_02.jpg&amp;w=972&amp;h=360&amp;zc=1&amp;q=80\" style=\"width:972px;height:360px;\" alt=\"Une incroyable aventure de Science-Fiction\" \/>\r\n                    <span><h4>Une incroyable aventure de Science-Fiction<\/h4>Explorez tout un univers compos\u00e9 de plusieurs syst\u00e8mes solaires diff\u00e9rents et de centaines de qu\u00eates!<\/span>\r\n                <\/a>\r\n           <a href=\"\" style=\"background:#fff;\" target=\"\">\r\n              <img class=\"colorbox-4088\"  decoding=\"async\" src=\"https:\/\/pirategalaxy.com\/wp-content\/plugins\/vslider\/timthumb.php?src=http%3A%2F%2Fpirategalaxy.com%2Fwp-content%2Fuploads%2F2012%2F10%2Fteaser_03.jpg&amp;w=972&amp;h=360&amp;zc=1&amp;q=80\" style=\"width:972px;height:360px;\" alt=\"De Dangereux Aliens Partout\" \/>\r\n                    <span><h4>De Dangereux Aliens Partout<\/h4>Vous \u00eates avertis, les Mantis et leur reine ne se rendent pas facilement !<\/span>\r\n                <\/a>\r\n    <\/div><\/div>\n<div class=\"teaser\">&nbsp;<\/div>\n<h1 class=\"headline-home\">Pirate Galaxy, l\u2019\u00c9pique Aventure de l&rsquo;Espace en 3D<\/h1>\n<div class=\"one_third\">\n<div class=\"Banner\">\n<div class=\"BannerInn\">\n<p class=\"BannerHead\">FEATURES<\/p>\n<h2 class=\"BannerH\">Pirate Galaxy, le Jeu Spatial en Ligne en 3D Haut de Gamme<\/h2>\n<div class=\"BannerText2\">\n<ul>\n<li>Jouez gratuitement depuis votre navigateur<\/li>\n<li>Profitez de riches graphismes en 3D<\/li>\n<li>Dominez les intenses et tactiques combats de vaisseaux spatiaux<\/li>\n<li>Explorez ce vaste univers compos\u00e9 d&rsquo;innombrables plan\u00e8tes<\/li>\n<li>Vivez une histoire intense<\/li>\n<\/ul>\n<\/div>\n<\/div>\n<\/div>\n<\/div>\n<div class=\"one_third_m\">\n<p class=\"headline-home2 headline-home2-pos\">TRAILER<\/p>\n<div class=\"lyte-wrapper fourthree\" style=\"width:420px;max-width:100%;margin:5px;\"><div class=\"lyMe\" id=\"WYL_PxWxWpf8rP8\"><div id=\"lyte_PxWxWpf8rP8\" data-src=\"https:\/\/pirategalaxy.com\/wp-content\/plugins\/wp-youtube-lyte\/lyteCache.php?origThumbUrl=%2F%2Fi.ytimg.com%2Fvi%2FPxWxWpf8rP8%2Fhqdefault.jpg\" class=\"pL\"><div class=\"tC\"><div class=\"tT\"><\/div><\/div><div class=\"play\"><\/div><div class=\"ctrl\"><div class=\"Lctrl\"><\/div><div class=\"Rctrl\"><\/div><\/div><\/div><noscript><a href=\"https:\/\/youtu.be\/PxWxWpf8rP8\" rel=\"nofollow\"><img class=\"colorbox-4088\"  loading=\"lazy\" decoding=\"async\" src=\"https:\/\/pirategalaxy.com\/wp-content\/plugins\/wp-youtube-lyte\/lyteCache.php?origThumbUrl=https%3A%2F%2Fi.ytimg.com%2Fvi%2FPxWxWpf8rP8%2F0.jpg\" alt=\"YouTube video thumbnail\" width=\"420\" height=\"295\" \/><br \/>Lire cette vid\u00e9o sur YouTube<\/a><\/noscript><\/div><\/div><div class=\"lL\" style=\"max-width:100%;width:420px;margin:5px;\"><\/div><\/p>\n<\/div>\n<div class=\"one_third_last\">\n<div class=\"image1\">&nbsp;<\/div>\n<\/div>\n<p><img decoding=\"async\" class=\"hr-home colorbox-4088\" src=\"\/wp-content\/themes\/arras\/images\/pirategalaxy\/isolator_small.png\" alt=\"separator pirate galaxy\"><\/p>\n<div class=\"one_third\">\n<p class=\"headline-home2 headline-home2-pos headline-left\">Captures d&rsquo;\u00e9cran<\/p>\n<div class=\"gallery\"><dl class='gallery-item'>\n\t\t\t<dt class='gallery-icon landscape'>\n\t\t\t\t<a href='https:\/\/pirategalaxy.com\/wp-content\/uploads\/2012\/10\/PG04.jpg'><img loading=\"lazy\" decoding=\"async\" width=\"130\" height=\"80\" src=\"https:\/\/pirategalaxy.com\/wp-content\/uploads\/2012\/10\/PG04-130x80.jpg\" class=\"attachment-gallery_thumbnail size-gallery_thumbnail colorbox-4088 \" alt=\"Pirate Galaxy - Space Ship\" aria-describedby=\"gallery-1-15787\" \/><\/a>\n\t\t\t<\/dt>\n\t\t\t\t<dd class='wp-caption-text gallery-caption' id='gallery-1-15787'>\n\t\t\t\tPirate Galaxy Screenshot &#8211; A Pirate Galaxy space ship in space\n\t\t\t\t<\/dd><\/dl><dl class='gallery-item'>\n\t\t\t<dt class='gallery-icon landscape'>\n\t\t\t\t<a href='https:\/\/pirategalaxy.com\/wp-content\/uploads\/2012\/10\/PG05.jpg'><img loading=\"lazy\" decoding=\"async\" width=\"130\" height=\"80\" src=\"https:\/\/pirategalaxy.com\/wp-content\/uploads\/2012\/10\/PG05-130x80.jpg\" class=\"attachment-gallery_thumbnail size-gallery_thumbnail colorbox-4088 \" alt=\"Pirate Galaxy - Space Ship Battle\" aria-describedby=\"gallery-1-15788\" \/><\/a>\n\t\t\t<\/dt>\n\t\t\t\t<dd class='wp-caption-text gallery-caption' id='gallery-1-15788'>\n\t\t\t\tPirate Galaxy Screenshot &#8211; A Pirate Galaxy space ship in battle\n\t\t\t\t<\/dd><\/dl><br style=\"clear: both\" \/><dl class='gallery-item'>\n\t\t\t<dt class='gallery-icon landscape'>\n\t\t\t\t<a href='https:\/\/pirategalaxy.com\/wp-content\/uploads\/2012\/10\/PG06.jpg'><img loading=\"lazy\" decoding=\"async\" width=\"130\" height=\"80\" src=\"https:\/\/pirategalaxy.com\/wp-content\/uploads\/2012\/10\/PG06-130x80.jpg\" class=\"attachment-gallery_thumbnail size-gallery_thumbnail colorbox-4088 \" alt=\"Pirate Galaxy - Fantastic Planets\" aria-describedby=\"gallery-1-15789\" \/><\/a>\n\t\t\t<\/dt>\n\t\t\t\t<dd class='wp-caption-text gallery-caption' id='gallery-1-15789'>\n\t\t\t\tPirate Galaxy Screenshot &#8211; A fantastic Pirate Galaxy space planet\n\t\t\t\t<\/dd><\/dl><dl class='gallery-item'>\n\t\t\t<dt class='gallery-icon landscape'>\n\t\t\t\t<a href='https:\/\/pirategalaxy.com\/wp-content\/uploads\/2012\/10\/PG07.jpg'><img loading=\"lazy\" decoding=\"async\" width=\"130\" height=\"80\" src=\"https:\/\/pirategalaxy.com\/wp-content\/uploads\/2012\/10\/PG07-130x80.jpg\" class=\"attachment-gallery_thumbnail size-gallery_thumbnail colorbox-4088 \" alt=\"Pirate Galaxy - Battle Over the Ocean\" aria-describedby=\"gallery-1-15790\" \/><\/a>\n\t\t\t<\/dt>\n\t\t\t\t<dd class='wp-caption-text gallery-caption' id='gallery-1-15790'>\n\t\t\t\tPirate Galaxy Screenshot &#8211; A 3D space battle over the ocean\n\t\t\t\t<\/dd><\/dl><br style=\"clear: both\" \/><dl class='gallery-item'>\n\t\t\t<dt class='gallery-icon landscape'>\n\t\t\t\t<a href='https:\/\/pirategalaxy.com\/wp-content\/uploads\/2012\/10\/PG09.jpg'><img loading=\"lazy\" decoding=\"async\" width=\"130\" height=\"80\" src=\"https:\/\/pirategalaxy.com\/wp-content\/uploads\/2012\/10\/PG09-130x80.jpg\" class=\"attachment-gallery_thumbnail size-gallery_thumbnail colorbox-4088 \" alt=\"Pirate Galaxy - Solar System\" aria-describedby=\"gallery-1-15791\" \/><\/a>\n\t\t\t<\/dt>\n\t\t\t\t<dd class='wp-caption-text gallery-caption' id='gallery-1-15791'>\n\t\t\t\tPirate Galaxy Screenshot &#8211;  Pirate Galaxy offers you different solar systems\n\t\t\t\t<\/dd><\/dl><dl class='gallery-item'>\n\t\t\t<dt class='gallery-icon landscape'>\n\t\t\t\t<a href='https:\/\/pirategalaxy.com\/wp-content\/uploads\/2012\/10\/PG10.jpg'><img loading=\"lazy\" decoding=\"async\" width=\"130\" height=\"80\" src=\"https:\/\/pirategalaxy.com\/wp-content\/uploads\/2012\/10\/PG10-130x80.jpg\" class=\"attachment-gallery_thumbnail size-gallery_thumbnail colorbox-4088 \" alt=\"Pirate Galaxy - Orbit View\" aria-describedby=\"gallery-1-15792\" \/><\/a>\n\t\t\t<\/dt>\n\t\t\t\t<dd class='wp-caption-text gallery-caption' id='gallery-1-15792'>\n\t\t\t\tPirate Galaxy Screenshot &#8211;  Pirate Galaxy fantastic orbit view\n\t\t\t\t<\/dd><\/dl><br style=\"clear: both\" \/><dl class='gallery-item'>\n\t\t\t<dt class='gallery-icon landscape'>\n\t\t\t\t<a href='https:\/\/pirategalaxy.com\/wp-content\/uploads\/2012\/10\/PG11.jpg'><img loading=\"lazy\" decoding=\"async\" width=\"130\" height=\"80\" src=\"https:\/\/pirategalaxy.com\/wp-content\/uploads\/2012\/10\/PG11-130x80.jpg\" class=\"attachment-gallery_thumbnail size-gallery_thumbnail colorbox-4088 \" alt=\"Pirate Galaxy - User Interface\" aria-describedby=\"gallery-1-15793\" \/><\/a>\n\t\t\t<\/dt>\n\t\t\t\t<dd class='wp-caption-text gallery-caption' id='gallery-1-15793'>\n\t\t\t\tPirate Galaxy Screenshot &#8211;  Pirate Galaxy offers you a unique user interface\n\t\t\t\t<\/dd><\/dl><dl class='gallery-item'>\n\t\t\t<dt class='gallery-icon landscape'>\n\t\t\t\t<a href='https:\/\/pirategalaxy.com\/wp-content\/uploads\/2012\/10\/PG12.jpg'><img loading=\"lazy\" decoding=\"async\" width=\"130\" height=\"80\" src=\"https:\/\/pirategalaxy.com\/wp-content\/uploads\/2012\/10\/PG12-130x80.jpg\" class=\"attachment-gallery_thumbnail size-gallery_thumbnail colorbox-4088 \" alt=\"Pirate Galaxy - Space Station\" aria-describedby=\"gallery-1-15794\" \/><\/a>\n\t\t\t<\/dt>\n\t\t\t\t<dd class='wp-caption-text gallery-caption' id='gallery-1-15794'>\n\t\t\t\tPirate Galaxy Screenshot &#8211;  Pirate Galaxy space station\n\t\t\t\t<\/dd><\/dl><br style=\"clear: both\" \/>\n\t\t<\/div>\n\n<\/div>\n<div class=\"two_thirds\">\n<p class=\"headline-home2 headline-home2-pos\">HISTOIRE<\/p>\n<h2 class=\"Texth2\">Pirate Galaxy, le Jeu des Pirates de l&rsquo;Espace<\/h2>\n<p class=\"z-index\">Le jeu spatial Pirate Galaxy vous transporte dans la peau d&rsquo;un contrebandier dans l&rsquo;une des derni\u00e8res colonies de l&rsquo;humanit\u00e9. Pirate Galaxy est un jeu spatial \u00e9pique avec de nombreux syst\u00e8mes plan\u00e9taires et des milliers de qu\u00eates. Pour survivre, il faudra vous frayer un chemin \u00e0 travers la galaxie.<\/p>\n<h2 class=\"Texth2\">Pirate Galaxy : l&rsquo;Empire est corrompu !<\/h2>\n<p class=\"z-index\">Les colonies humaines sont submerg\u00e9es par les Mantis, l&rsquo;Empire les a trahies. En inf\u00e9riorit\u00e9 num\u00e9rique face aux ennemis, les troupes coloniales font face \u00e0 la mont\u00e9 en puissance des invasions aliens. Beaucoup de maisons furent d\u00e9truites, la r\u00e9sistance a \u00e9t\u00e9 bris\u00e9e. Dans le syst\u00e8me Vega, repaire des forces coloniales, les rumeurs d&rsquo;un assaut final Mantis font craindre le pire aux derni\u00e8res d\u00e9fenses. Mais les troupes coloniales sont confront\u00e9es \u00e0 une autre menace : les contrebandiers, ces pilotes de l&rsquo;espace d\u00e9sesp\u00e9r\u00e9s, qui trahissent leur propre race juste pour mettre la main sur quelques pr\u00e9cieux cristaux de Cryonite en provenance des riches plan\u00e8tes mini\u00e8res du syst\u00e8me. Avec les Mantis sur le point d&rsquo;attaquer, les forces coloniales et les hors-la-loi de l&rsquo;espace sauront ils r\u00e9sister \u00e0 leur ennemi commun?<\/p>\n<h2 class=\"Texth2\">Rejoignez le jeu Spatial Pirate Galaxy !<\/h2>\n<pVous d\u00e9butez comme contrebandier, volant pour votre propre bien-\u00eatre, effectuant des missions dans l'espace pour des personnages louches. Mais \u00e0 un certain moment, contrebandiers et forces coloniales devront faire \u00e9quipe pour riposter aux Mantis. Pirate Galaxy est un fantastique jeu en ligne et en 3D sur votre navigateur (MMO). Jouez maintenant gratuitement.<\/p>\n<div class=\"playnow-home\">\n<div style=\"left: 72px; position: relative; top: 39px;\"><a id=\"playnow\" class=\"colorbox-link cboxElement\" href=\"https:\/\/api.pirategalaxy.com\/account.php\/start\/pirategalaxy?lang=en&amp;affiliateId=0&amp;campaignId=0&amp;referrer=\"><img class=\"colorbox-4088\"  decoding=\"async\" src=\"\/wp-content\/themes\/arras\/images\/pirategalaxy\/playnow\/en\/cta_playnow.gif\" alt=\"\"><\/a><\/div>\n<\/div>\n<\/div>\n","protected":false},"excerpt":{"rendered":"<p>&nbsp; Pirate Galaxy, l\u2019\u00c9pique Aventure de l&rsquo;Espace en 3D FEATURES Pirate Galaxy, le Jeu Spatial en Ligne en 3D Haut de Gamme Jouez gratuitement depuis votre navigateur Profitez de riches [&hellip;]<\/p>\n","protected":false},"author":29,"featured_media":453,"parent":0,"menu_order":0,"comment_status":"closed","ping_status":"closed","template":"pagetpl-onecolumn-home-pg.php","meta":{"footnotes":"","_links_to":"","_links_to_target":""},"class_list":["post-4088","page","type-page","status-publish","has-post-thumbnail","hentry"],"yoast_head":"<!-- This site is optimized with the Yoast SEO plugin v27.4 - https:\/\/yoast.com\/product\/yoast-seo-wordpress\/ -->\n<title>Pirate Galaxy, l\u2019\u00c9pique Aventure de l&#039;Espace en 3D<\/title>\n<meta name=\"description\" content=\"Pirate Galaxy, le jeu gratuit 3D Haut de gamme en ligne. Explorez tout un univers rempli de diff\u00e9rents syst\u00e8mes solaires et de centaines de qu\u00eates.\" \/>\n<meta name=\"robots\" content=\"index, follow, max-snippet:-1, max-image-preview:large, max-video-preview:-1\" \/>\n<link rel=\"canonical\" href=\"https:\/\/pirategalaxy.com\/fr\/\" \/>\n<meta property=\"og:locale\" content=\"fr_FR\" \/>\n<meta property=\"og:type\" content=\"article\" \/>\n<meta property=\"og:title\" content=\"Pirate Galaxy, l\u2019\u00c9pique Aventure de l&#039;Espace en 3D\" \/>\n<meta property=\"og:description\" content=\"Pirate Galaxy, le jeu gratuit 3D Haut de gamme en ligne. Explorez tout un univers rempli de diff\u00e9rents syst\u00e8mes solaires et de centaines de qu\u00eates.\" \/>\n<meta property=\"og:url\" content=\"https:\/\/pirategalaxy.com\/fr\/\" \/>\n<meta property=\"og:site_name\" content=\"Pirate Galaxy\" \/>\n<meta property=\"article:modified_time\" content=\"2022-11-24T15:04:46+00:00\" \/>\n<meta property=\"og:image\" content=\"https:\/\/pirategalaxy.com\/wp-content\/uploads\/2012\/10\/PG04-130x80.jpg\" \/>\n<meta name=\"twitter:label1\" content=\"Dur\u00e9e de lecture estim\u00e9e\" \/>\n\t<meta name=\"twitter:data1\" content=\"2 minutes\" \/>\n<script type=\"application\/ld+json\" class=\"yoast-schema-graph\">{\"@context\":\"https:\\\/\\\/schema.org\",\"@graph\":[{\"@type\":\"WebPage\",\"@id\":\"https:\\\/\\\/pirategalaxy.com\\\/fr\\\/\",\"url\":\"https:\\\/\\\/pirategalaxy.com\\\/fr\\\/\",\"name\":\"Pirate Galaxy, l\u2019\u00c9pique Aventure de l'Espace en 3D\",\"isPartOf\":{\"@id\":\"https:\\\/\\\/pirategalaxy.com\\\/en\\\/#website\"},\"primaryImageOfPage\":{\"@id\":\"https:\\\/\\\/pirategalaxy.com\\\/fr\\\/#primaryimage\"},\"image\":{\"@id\":\"https:\\\/\\\/pirategalaxy.com\\\/fr\\\/#primaryimage\"},\"thumbnailUrl\":\"https:\\\/\\\/pirategalaxy.com\\\/wp-content\\\/uploads\\\/2011\\\/02\\\/teaser_09.jpg\",\"datePublished\":\"2012-10-31T09:22:47+00:00\",\"dateModified\":\"2022-11-24T15:04:46+00:00\",\"description\":\"Pirate Galaxy, le jeu gratuit 3D Haut de gamme en ligne. Explorez tout un univers rempli de diff\u00e9rents syst\u00e8mes solaires et de centaines de qu\u00eates.\",\"breadcrumb\":{\"@id\":\"https:\\\/\\\/pirategalaxy.com\\\/fr\\\/#breadcrumb\"},\"inLanguage\":\"fr-FR\",\"potentialAction\":[{\"@type\":\"ReadAction\",\"target\":[\"https:\\\/\\\/pirategalaxy.com\\\/fr\\\/\"]}]},{\"@type\":\"ImageObject\",\"inLanguage\":\"fr-FR\",\"@id\":\"https:\\\/\\\/pirategalaxy.com\\\/fr\\\/#primaryimage\",\"url\":\"https:\\\/\\\/pirategalaxy.com\\\/wp-content\\\/uploads\\\/2011\\\/02\\\/teaser_09.jpg\",\"contentUrl\":\"https:\\\/\\\/pirategalaxy.com\\\/wp-content\\\/uploads\\\/2011\\\/02\\\/teaser_09.jpg\",\"width\":\"640\",\"height\":\"250\"},{\"@type\":\"BreadcrumbList\",\"@id\":\"https:\\\/\\\/pirategalaxy.com\\\/fr\\\/#breadcrumb\",\"itemListElement\":[{\"@type\":\"ListItem\",\"position\":1,\"name\":\"Home\",\"item\":\"https:\\\/\\\/pirategalaxy.com\\\/fr\\\/\"},{\"@type\":\"ListItem\",\"position\":2,\"name\":\"Accueil\"}]},{\"@type\":\"WebSite\",\"@id\":\"https:\\\/\\\/pirategalaxy.com\\\/en\\\/#website\",\"url\":\"https:\\\/\\\/pirategalaxy.com\\\/en\\\/\",\"name\":\"Pirate Galaxy\",\"description\":\"\",\"potentialAction\":[{\"@type\":\"SearchAction\",\"target\":{\"@type\":\"EntryPoint\",\"urlTemplate\":\"https:\\\/\\\/pirategalaxy.com\\\/en\\\/?s={search_term_string}\"},\"query-input\":{\"@type\":\"PropertyValueSpecification\",\"valueRequired\":true,\"valueName\":\"search_term_string\"}}],\"inLanguage\":\"fr-FR\"}]}<\/script>\n<!-- \/ Yoast SEO plugin. -->","yoast_head_json":{"title":"Pirate Galaxy, l\u2019\u00c9pique Aventure de l'Espace en 3D","description":"Pirate Galaxy, le jeu gratuit 3D Haut de gamme en ligne. Explorez tout un univers rempli de diff\u00e9rents syst\u00e8mes solaires et de centaines de qu\u00eates.","robots":{"index":"index","follow":"follow","max-snippet":"max-snippet:-1","max-image-preview":"max-image-preview:large","max-video-preview":"max-video-preview:-1"},"canonical":"https:\/\/pirategalaxy.com\/fr\/","og_locale":"fr_FR","og_type":"article","og_title":"Pirate Galaxy, l\u2019\u00c9pique Aventure de l'Espace en 3D","og_description":"Pirate Galaxy, le jeu gratuit 3D Haut de gamme en ligne. Explorez tout un univers rempli de diff\u00e9rents syst\u00e8mes solaires et de centaines de qu\u00eates.","og_url":"https:\/\/pirategalaxy.com\/fr\/","og_site_name":"Pirate Galaxy","article_modified_time":"2022-11-24T15:04:46+00:00","og_image":[{"url":"https:\/\/pirategalaxy.com\/wp-content\/uploads\/2012\/10\/PG04-130x80.jpg","type":"","width":"","height":""}],"twitter_misc":{"Dur\u00e9e de lecture estim\u00e9e":"2 minutes"},"schema":{"@context":"https:\/\/schema.org","@graph":[{"@type":"WebPage","@id":"https:\/\/pirategalaxy.com\/fr\/","url":"https:\/\/pirategalaxy.com\/fr\/","name":"Pirate Galaxy, l\u2019\u00c9pique Aventure de l'Espace en 3D","isPartOf":{"@id":"https:\/\/pirategalaxy.com\/en\/#website"},"primaryImageOfPage":{"@id":"https:\/\/pirategalaxy.com\/fr\/#primaryimage"},"image":{"@id":"https:\/\/pirategalaxy.com\/fr\/#primaryimage"},"thumbnailUrl":"https:\/\/pirategalaxy.com\/wp-content\/uploads\/2011\/02\/teaser_09.jpg","datePublished":"2012-10-31T09:22:47+00:00","dateModified":"2022-11-24T15:04:46+00:00","description":"Pirate Galaxy, le jeu gratuit 3D Haut de gamme en ligne. Explorez tout un univers rempli de diff\u00e9rents syst\u00e8mes solaires et de centaines de qu\u00eates.","breadcrumb":{"@id":"https:\/\/pirategalaxy.com\/fr\/#breadcrumb"},"inLanguage":"fr-FR","potentialAction":[{"@type":"ReadAction","target":["https:\/\/pirategalaxy.com\/fr\/"]}]},{"@type":"ImageObject","inLanguage":"fr-FR","@id":"https:\/\/pirategalaxy.com\/fr\/#primaryimage","url":"https:\/\/pirategalaxy.com\/wp-content\/uploads\/2011\/02\/teaser_09.jpg","contentUrl":"https:\/\/pirategalaxy.com\/wp-content\/uploads\/2011\/02\/teaser_09.jpg","width":"640","height":"250"},{"@type":"BreadcrumbList","@id":"https:\/\/pirategalaxy.com\/fr\/#breadcrumb","itemListElement":[{"@type":"ListItem","position":1,"name":"Home","item":"https:\/\/pirategalaxy.com\/fr\/"},{"@type":"ListItem","position":2,"name":"Accueil"}]},{"@type":"WebSite","@id":"https:\/\/pirategalaxy.com\/en\/#website","url":"https:\/\/pirategalaxy.com\/en\/","name":"Pirate Galaxy","description":"","potentialAction":[{"@type":"SearchAction","target":{"@type":"EntryPoint","urlTemplate":"https:\/\/pirategalaxy.com\/en\/?s={search_term_string}"},"query-input":{"@type":"PropertyValueSpecification","valueRequired":true,"valueName":"search_term_string"}}],"inLanguage":"fr-FR"}]}},"_links":{"self":[{"href":"https:\/\/pirategalaxy.com\/fr\/wp-json\/wp\/v2\/pages\/4088","targetHints":{"allow":["GET"]}}],"collection":[{"href":"https:\/\/pirategalaxy.com\/fr\/wp-json\/wp\/v2\/pages"}],"about":[{"href":"https:\/\/pirategalaxy.com\/fr\/wp-json\/wp\/v2\/types\/page"}],"author":[{"embeddable":true,"href":"https:\/\/pirategalaxy.com\/fr\/wp-json\/wp\/v2\/users\/29"}],"replies":[{"embeddable":true,"href":"https:\/\/pirategalaxy.com\/fr\/wp-json\/wp\/v2\/comments?post=4088"}],"version-history":[{"count":7,"href":"https:\/\/pirategalaxy.com\/fr\/wp-json\/wp\/v2\/pages\/4088\/revisions"}],"predecessor-version":[{"id":314438,"href":"https:\/\/pirategalaxy.com\/fr\/wp-json\/wp\/v2\/pages\/4088\/revisions\/314438"}],"wp:featuredmedia":[{"embeddable":true,"href":"https:\/\/pirategalaxy.com\/fr\/wp-json\/wp\/v2\/media\/453"}],"wp:attachment":[{"href":"https:\/\/pirategalaxy.com\/fr\/wp-json\/wp\/v2\/media?parent=4088"}],"curies":[{"name":"wp","href":"https:\/\/api.w.org\/{rel}","templated":true}]}}