{"id":3289,"date":"2011-01-03T15:30:11","date_gmt":"2011-01-03T14:30:11","guid":{"rendered":"http:\/\/pirategalaxy.com\/faq-3"},"modified":"2018-02-01T14:57:34","modified_gmt":"2018-02-01T13:57:34","slug":"faq-3","status":"publish","type":"page","link":"https:\/\/pirategalaxy.com\/fr\/faq-3\/","title":{"rendered":"FAQ"},"content":{"rendered":"<p class=\"navi-down\">\n<h1 class=\"headline_page\"><span>Pirate Galaxy &#8211; FAQ<\/span><\/h1>\n<p class=\"back-button\"><a class=\"back-block\" href=\"http:\/\/pirategalaxy.com\/fr\/\">Accueil<\/a><\/p>\n<div class=\"one_half\">\n<h2>Questions G\u00e9n\u00e9rales au sujet du jeu en ligne Pirate Galaxy:<\/h2>\n<h3>Qu&rsquo;est-ce que Pirate Galaxy?<\/h3>\n<p>Pirate Galaxy est un jeu MMO de science fiction prim\u00e9 sur la r\u00e9sistance de l&rsquo;humanit\u00e9 face \u00e0 une esp\u00e8ce extraterrestre appel\u00e9e Mantis. C&rsquo;est un jeu gratuit qui offre des graphismes 3D en temps r\u00e9el directement sur votre navigateur. Participez \u00e0 des combats tactiques de vaisseaux spatiaux \u00e0 un rythme effr\u00e9n\u00e9, prenez part \u00e0 une histoire spectaculaire et invitez vos amis pour des missions passionnantes en vous unissant contre l&rsquo;ennemi.<\/p>\n<h3>Combien coute Pirate Galaxy?<\/h3>\n<p>Pirate Galaxy est absolument gratuit. Vous pouvez vous inscrire et jouer gratuitement. Aucune obligation, aucune donn\u00e9e personnelle, sans abonnement et sans pi\u00e8ge. Vous \u00eates invit\u00e9s \u00e0 rejoindre notre communaut\u00e9 sans frais.<\/p>\n<h3>Qu&rsquo;est-ce que j&rsquo;obtiens en jouant gratuitement?<\/h3>\n<p>Tout. Pirate Galaxy offre tous les \u00e9l\u00e9ments du jeu gratuitement.<\/p>\n<h3>Quel avenir pour Pirate Galaxy?<\/h3>\n<p>Pirate Galaxy continue de grandir. Nous avons beaucoup d&rsquo;id\u00e9es, que nous voulons partager avec nos fans. Le jeu est mis \u00e0 jour toutes les deux semaines. Les nouveaut\u00e9s peuvent \u00eatre consult\u00e9es sur notre site ou sur nos forums.<\/p>\n<p><img class=\"colorbox-3289\"  decoding=\"async\" alt=\"separator pirate galaxy\" src=\"\/wp-content\/themes\/arras\/images\/pirategalaxy\/faq-pic.png\" \/><\/p>\n<\/div>\n<div class=\"one_half_last\">\n<h2>Questions g\u00e9n\u00e9rales au sujet des jeux Splitscreen:<\/h2>\n<h3>Combien de donn\u00e9es je dois t\u00e9l\u00e9charger?<\/h3>\n<p>Pirate Galaxy est livr\u00e9 avec des graphismes 3D, mais vous pouvez jouer directement depuis votre navigateur sans t\u00e9l\u00e9chargement requis. En quelques secondes, vous serez aux commandes de votre vaisseau spatial. Mais vous pouvez \u00e9galement installer le jeu directement sur votre disque dur. L&rsquo;installation du client est disponible sur notre page de t\u00e9l\u00e9chargement pour une taille de 20 m\u00e9gaoctets seulement et \u00e9galement pr\u00eat en quelques secondes. De cette fa\u00e7on, vous pourrez profiter d&rsquo;une r\u00e9solution du jeu en plein \u00e9cran et allant jusqu&rsquo;\u00e0 une qualit\u00e9 HD.<\/p>\n<h3>Je n&rsquo;aime pas les jeux par navigateur, et vous?<\/h3>\n<p>Bien s\u00fbr, nous aimons les jeux par navigateur. Mais rappelez-vous, Pirate Galaxy n&rsquo;est pas un jeu par navigateur moyen. C&rsquo;est un jeu d&rsquo;action MMO en temps r\u00e9el comme vous avez connu dans votre magasin de jeux local. C&rsquo;est un jeu tr\u00e8s complet qui se lance simplement depuis votre navigateur et vous permet de jouer de partout o\u00f9 vous \u00eates.<\/p>\n<h3>Quel syst\u00e8me est requis?<\/h3>\n<p>Pour le moment, Pirate Galaxy fonctionne exclusivement sur les PC Windows.<\/p>\n<\/div>\n<div class=\"full\"><img decoding=\"async\" class=\"hr3 colorbox-3289\" alt=\"separator pirate galaxy\" src=\"\/wp-content\/themes\/arras\/images\/pirategalaxy\/isolator_big.png\" \/><br \/>\n<img decoding=\"async\" class=\"hr2 colorbox-3289\" alt=\"separator2 Pirate Galaxy\" src=\"\/wp-content\/themes\/arras\/images\/pirategalaxy\/background_faker.png\" \/><\/div>\n","protected":false},"excerpt":{"rendered":"<p>Pirate Galaxy &#8211; FAQ Accueil Questions G\u00e9n\u00e9rales au sujet du jeu en ligne Pirate Galaxy: Qu&rsquo;est-ce que Pirate Galaxy? Pirate Galaxy est un jeu MMO de science fiction prim\u00e9 sur [&hellip;]<\/p>\n","protected":false},"author":11,"featured_media":-1,"parent":0,"menu_order":0,"comment_status":"closed","ping_status":"closed","template":"pagetpl-onecolumn.php","meta":{"footnotes":"","_links_to":"","_links_to_target":""},"class_list":["post-3289","page","type-page","status-publish","has-post-thumbnail","hentry"],"yoast_head":"<!-- This site is optimized with the Yoast SEO plugin v27.3 - https:\/\/yoast.com\/product\/yoast-seo-wordpress\/ -->\n<title>FAQ - Pirate Galaxy<\/title>\n<meta name=\"description\" content=\"Questions fr\u00e9quentes \u00e0 propos de Pirate Galaxy.\" \/>\n<meta name=\"robots\" content=\"index, follow, max-snippet:-1, max-image-preview:large, max-video-preview:-1\" \/>\n<link rel=\"canonical\" href=\"https:\/\/pirategalaxy.com\/fr\/faq-3\/\" \/>\n<meta property=\"og:locale\" content=\"fr_FR\" \/>\n<meta property=\"og:type\" content=\"article\" \/>\n<meta property=\"og:title\" content=\"FAQ - Pirate Galaxy\" \/>\n<meta property=\"og:description\" content=\"Questions fr\u00e9quentes \u00e0 propos de Pirate Galaxy.\" \/>\n<meta property=\"og:url\" content=\"https:\/\/pirategalaxy.com\/fr\/faq-3\/\" \/>\n<meta property=\"og:site_name\" content=\"Pirate Galaxy\" \/>\n<meta property=\"article:modified_time\" content=\"2018-02-01T13:57:34+00:00\" \/>\n<meta name=\"twitter:label1\" content=\"Dur\u00e9e de lecture estim\u00e9e\" \/>\n\t<meta name=\"twitter:data1\" content=\"2 minutes\" \/>\n<script type=\"application\/ld+json\" class=\"yoast-schema-graph\">{\"@context\":\"https:\\\/\\\/schema.org\",\"@graph\":[{\"@type\":\"WebPage\",\"@id\":\"https:\\\/\\\/pirategalaxy.com\\\/fr\\\/faq-3\\\/\",\"url\":\"https:\\\/\\\/pirategalaxy.com\\\/fr\\\/faq-3\\\/\",\"name\":\"FAQ - Pirate Galaxy\",\"isPartOf\":{\"@id\":\"https:\\\/\\\/pirategalaxy.com\\\/en\\\/#website\"},\"datePublished\":\"2011-01-03T14:30:11+00:00\",\"dateModified\":\"2018-02-01T13:57:34+00:00\",\"description\":\"Questions fr\u00e9quentes \u00e0 propos de Pirate Galaxy.\",\"breadcrumb\":{\"@id\":\"https:\\\/\\\/pirategalaxy.com\\\/fr\\\/faq-3\\\/#breadcrumb\"},\"inLanguage\":\"fr-FR\",\"potentialAction\":[{\"@type\":\"ReadAction\",\"target\":[\"https:\\\/\\\/pirategalaxy.com\\\/fr\\\/faq-3\\\/\"]}]},{\"@type\":\"BreadcrumbList\",\"@id\":\"https:\\\/\\\/pirategalaxy.com\\\/fr\\\/faq-3\\\/#breadcrumb\",\"itemListElement\":[{\"@type\":\"ListItem\",\"position\":1,\"name\":\"Home\",\"item\":\"https:\\\/\\\/pirategalaxy.com\\\/fr\\\/\"},{\"@type\":\"ListItem\",\"position\":2,\"name\":\"FAQ\"}]},{\"@type\":\"WebSite\",\"@id\":\"https:\\\/\\\/pirategalaxy.com\\\/en\\\/#website\",\"url\":\"https:\\\/\\\/pirategalaxy.com\\\/en\\\/\",\"name\":\"Pirate Galaxy\",\"description\":\"\",\"potentialAction\":[{\"@type\":\"SearchAction\",\"target\":{\"@type\":\"EntryPoint\",\"urlTemplate\":\"https:\\\/\\\/pirategalaxy.com\\\/en\\\/?s={search_term_string}\"},\"query-input\":{\"@type\":\"PropertyValueSpecification\",\"valueRequired\":true,\"valueName\":\"search_term_string\"}}],\"inLanguage\":\"fr-FR\"}]}<\/script>\n<!-- \/ Yoast SEO plugin. -->","yoast_head_json":{"title":"FAQ - Pirate Galaxy","description":"Questions fr\u00e9quentes \u00e0 propos de Pirate Galaxy.","robots":{"index":"index","follow":"follow","max-snippet":"max-snippet:-1","max-image-preview":"max-image-preview:large","max-video-preview":"max-video-preview:-1"},"canonical":"https:\/\/pirategalaxy.com\/fr\/faq-3\/","og_locale":"fr_FR","og_type":"article","og_title":"FAQ - Pirate Galaxy","og_description":"Questions fr\u00e9quentes \u00e0 propos de Pirate Galaxy.","og_url":"https:\/\/pirategalaxy.com\/fr\/faq-3\/","og_site_name":"Pirate Galaxy","article_modified_time":"2018-02-01T13:57:34+00:00","twitter_misc":{"Dur\u00e9e de lecture estim\u00e9e":"2 minutes"},"schema":{"@context":"https:\/\/schema.org","@graph":[{"@type":"WebPage","@id":"https:\/\/pirategalaxy.com\/fr\/faq-3\/","url":"https:\/\/pirategalaxy.com\/fr\/faq-3\/","name":"FAQ - Pirate Galaxy","isPartOf":{"@id":"https:\/\/pirategalaxy.com\/en\/#website"},"datePublished":"2011-01-03T14:30:11+00:00","dateModified":"2018-02-01T13:57:34+00:00","description":"Questions fr\u00e9quentes \u00e0 propos de Pirate Galaxy.","breadcrumb":{"@id":"https:\/\/pirategalaxy.com\/fr\/faq-3\/#breadcrumb"},"inLanguage":"fr-FR","potentialAction":[{"@type":"ReadAction","target":["https:\/\/pirategalaxy.com\/fr\/faq-3\/"]}]},{"@type":"BreadcrumbList","@id":"https:\/\/pirategalaxy.com\/fr\/faq-3\/#breadcrumb","itemListElement":[{"@type":"ListItem","position":1,"name":"Home","item":"https:\/\/pirategalaxy.com\/fr\/"},{"@type":"ListItem","position":2,"name":"FAQ"}]},{"@type":"WebSite","@id":"https:\/\/pirategalaxy.com\/en\/#website","url":"https:\/\/pirategalaxy.com\/en\/","name":"Pirate Galaxy","description":"","potentialAction":[{"@type":"SearchAction","target":{"@type":"EntryPoint","urlTemplate":"https:\/\/pirategalaxy.com\/en\/?s={search_term_string}"},"query-input":{"@type":"PropertyValueSpecification","valueRequired":true,"valueName":"search_term_string"}}],"inLanguage":"fr-FR"}]}},"_links":{"self":[{"href":"https:\/\/pirategalaxy.com\/fr\/wp-json\/wp\/v2\/pages\/3289","targetHints":{"allow":["GET"]}}],"collection":[{"href":"https:\/\/pirategalaxy.com\/fr\/wp-json\/wp\/v2\/pages"}],"about":[{"href":"https:\/\/pirategalaxy.com\/fr\/wp-json\/wp\/v2\/types\/page"}],"author":[{"embeddable":true,"href":"https:\/\/pirategalaxy.com\/fr\/wp-json\/wp\/v2\/users\/11"}],"replies":[{"embeddable":true,"href":"https:\/\/pirategalaxy.com\/fr\/wp-json\/wp\/v2\/comments?post=3289"}],"version-history":[{"count":0,"href":"https:\/\/pirategalaxy.com\/fr\/wp-json\/wp\/v2\/pages\/3289\/revisions"}],"wp:featuredmedia":[{"embeddable":true,"href":"https:\/\/pirategalaxy.com\/fr\/wp-json\/"}],"wp:attachment":[{"href":"https:\/\/pirategalaxy.com\/fr\/wp-json\/wp\/v2\/media?parent=3289"}],"curies":[{"name":"wp","href":"https:\/\/api.w.org\/{rel}","templated":true}]}}