{"id":3270,"date":"2010-12-30T00:18:51","date_gmt":"2010-12-29T23:18:51","guid":{"rendered":"http:\/\/pirategalaxy.com\/media-3"},"modified":"2021-06-02T13:25:57","modified_gmt":"2021-06-02T11:25:57","slug":"media-3","status":"publish","type":"page","link":"https:\/\/pirategalaxy.com\/fr\/media-3\/","title":{"rendered":"M\u00e9dia"},"content":{"rendered":"<p class=\"navi-down\">\n<h1 class=\"headline_page\"><span>Pirate Galaxy &#8211; M\u00e9dia<\/span><\/h1>\n<p class=\"back-button\"><a class=\"back-block\" href=\"http:\/\/pirategalaxy.com\/fr\/\">Accueil<\/a><\/p>\n<h2 class=\"full2\">Trailer<\/h2>\n<div class=\"full\">\n<object style=\"padding-left: 30px;\" width=\"400\" height=\"255\"><param name=\"movie\" value=\"http:\/\/www.youtube.com\/v\/bgHOtwIDEkQ&#038;hl=en&#038;fs=1&#038;showinfo=0\"><\/param><param name=\"allowFullScreen\" value=\"true\"><\/param><param name=\"allowscriptaccess\" value=\"always\"><\/param><embed src=\"http:\/\/www.youtube.com\/v\/bgHOtwIDEkQ&#038;hl=en&#038;fs=1&#038;showinfo=0\" type=\"application\/x-shockwave-flash\" allowscriptaccess=\"always\" allowfullscreen=\"true\" width=\"400\" height=\"255\"><\/embed><\/object>\n<\/div>\n<p><img class=\"colorbox-3270\"  decoding=\"async\" src=\"\/wp-content\/themes\/arras\/images\/pirategalaxy\/isolator_tiny.png\" alt=\"separator pirate galaxy\" \/><\/p>\n<h2 class=\"full2\">Captures d\u2019\u00e9cran<\/h2>\n<div class=\"one_fourth\">\n<p><a href=\"\/wp-content\/gallery\/screenshots\/pg_0311_01.jpg\"><img decoding=\"async\" class=\"aligncenter size-medium wp-image-1925 colorbox-3270\" title=\"Pirate Galaxy - Explorez un Univers Complet\" src=\"\/wp-content\/gallery\/screenshots\/thumbs\/thumbs_pg_0311_01.jpg\" alt=\"Pirate Galaxy - Explorez un Univers Complet\" width=\"130\" border=\"none\" \/><\/a><\/p>\n<p><a href=\"\/wp-content\/gallery\/screenshots\/pg_0311_02.jpg\"><img decoding=\"async\" class=\"aligncenter size-medium wp-image-1925 colorbox-3270\" title=\"Pirate Galaxy - Mission\" src=\"\/wp-content\/gallery\/screenshots\/thumbs\/thumbs_pg_0311_02.jpg\" alt=\"Pirate Galaxy - Mission\" width=\"130\" border=\"none\" \/><\/a><\/p>\n<\/div>\n<div class=\"one_fourth\">\n<p><a href=\"\/wp-content\/gallery\/screenshots\/pg_0311_03.jpg\"><img decoding=\"async\" class=\"aligncenter size-medium wp-image-1925 colorbox-3270\" title=\"Pirate Galaxy - Rassemblement de Vaisseaux Spatiaux en orbite\" src=\"\/wp-content\/gallery\/screenshots\/thumbs\/thumbs_pg_0311_03.jpg\" alt=\"Pirate Galaxy - Rassemblement de Vaisseaux Spatiaux en orbite\" width=\"130\" border=\"none\" \/><\/a><\/p>\n<p><a href=\"\/wp-content\/gallery\/screenshots\/pg_0311_04.jpg\"><img decoding=\"async\" class=\"aligncenter size-medium wp-image-1925 colorbox-3270\" title=\"Pirate Galaxy - Combats \u00c9piques sur les Plan\u00e8tes\" src=\"\/wp-content\/gallery\/screenshots\/thumbs\/thumbs_pg_0311_04.jpg\" alt=\"Pirate Galaxy - Combats \u00c9piques sur les Plan\u00e8tes\" width=\"130\" border=\"none\" \/><\/a><\/p>\n<\/div>\n<div class=\"one_fourth\">\n<a href=\"\/wp-content\/gallery\/screenshots\/pg_0311_05.jpg\"><img decoding=\"async\" class=\"aligncenter size-medium wp-image-1925 colorbox-3270\" title=\"Pirate Galaxy - Combats de Vaisseaux Spatiaux\" src=\"\/wp-content\/gallery\/screenshots\/thumbs\/thumbs_pg_0311_05.jpg\" alt=\"Pirate Galaxy - Combats de Vaisseaux Spatiaux\" width=\"130\" border=\"none\" \/><\/a><\/a><a href=\"\/wp-content\/gallery\/screenshots\/pg_0311_06.jpg\"><img decoding=\"async\" class=\"aligncenter size-medium wp-image-1925 colorbox-3270\" title=\"Pirate Galaxy - Pirates de l'Espace dans les Missions\" src=\"\/wp-content\/gallery\/screenshots\/thumbs\/thumbs_pg_0311_06.jpg\" alt=\"Pirate Galaxy - Pirates de l'Espace dans les Missions\" width=\"130\" border=\"none\" \/><\/a>\n<\/div>\n<div class=\"one_fourth\">\n<a href=\"\/wp-content\/gallery\/screenshots\/pg_0311_07.jpg\"><img decoding=\"async\" class=\"aligncenter size-medium wp-image-1925 colorbox-3270\" title=\"Pirate Galaxy - Vaisseaux Spatiaux\" src=\"\/wp-content\/gallery\/screenshots\/thumbs\/thumbs_pg_0311_07.jpg\" alt=\"Pirate Galaxy - Vaisseaux Spatiaux\" width=\"130\" border=\"none\" \/><\/a><\/a><a href=\"\/wp-content\/gallery\/screenshots\/PG09.jpg\"><img decoding=\"async\" class=\"aligncenter size-medium wp-image-1925 colorbox-3270\" title=\"Pirate Galaxy - Syst\u00e8mes Solaires\" src=\"\/wp-content\/gallery\/screenshots\/thumbs\/thumbs_PG09.jpg\" alt=\"Pirate Galaxy - Syst\u00e8mes Solaires\" width=\"130\" border=\"none\" \/><\/a>\n<\/div>\n<p><img class=\"colorbox-3270\"  decoding=\"async\" src=\"\/wp-content\/themes\/arras\/images\/pirategalaxy\/isolator_tiny.png\" alt=\"separator pirate galaxy\" \/><\/p>\n<h2 class=\"full2\">Fonds d&rsquo;\u00e9cran<\/h2>\n<div class=\"one_half\"><a href=\"http:\/\/pirategalaxy.com\/wp-content\/uploads\/2011\/02\/PG01_4_3_1024x768.jpg\"><img loading=\"lazy\" decoding=\"async\" class=\"alignleft colorbox-3270\" title=\"Pirate Galaxy - Fond d'\u00e9cran 01\" src=\"http:\/\/pirategalaxy.com\/wp-content\/uploads\/2011\/02\/PG01_4_3_1024x768.jpg\" alt=\"Pirate Galaxy - Fond d'\u00e9cran 01\" width=\"256\" height=\"192\" \/><\/a><br \/>\n<a href=\"http:\/\/pirategalaxy.com\/wp-content\/uploads\/2011\/02\/PG01_16_10_1920x1200.jpg\">1920&#215;1200<\/a><br \/>\n<a href=\"http:\/\/pirategalaxy.com\/wp-content\/uploads\/2011\/02\/PG01_16_10_1680x1050.jpg\">1680&#215;1050<\/a><br \/>\n<a href=\"http:\/\/pirategalaxy.com\/wp-content\/uploads\/2011\/02\/PG01_16_10_1280x800.jpg\">1280&#215;800<\/a><br \/>\n<a href=\"http:\/\/pirategalaxy.com\/wp-content\/uploads\/2011\/02\/PG01_5_4_1280x1024.jpg\">1280&#215;1024<\/a><br \/>\n<a href=\"http:\/\/pirategalaxy.com\/wp-content\/uploads\/2011\/02\/PG01_4_3_1600x1200.jpg\">1600&#215;1200<\/a><br \/>\n<a href=\"http:\/\/pirategalaxy.com\/wp-content\/uploads\/2011\/02\/PG01_4_3_1024x768.jpg\">1024&#215;768<\/a><\/div>\n<div class=\"one_half_last\"><a href=\"http:\/\/pirategalaxy.com\/wp-content\/uploads\/2011\/02\/PG02_4_3_1024x768.jpg\"><img loading=\"lazy\" decoding=\"async\" class=\"alignleft colorbox-3270\" title=\"Pirate Galaxy - Fond d'\u00e9cran 02\" src=\"http:\/\/pirategalaxy.com\/wp-content\/uploads\/2011\/02\/PG02_4_3_1024x768.jpg\" alt=\"Pirate Galaxy - Fond d'\u00e9cran 02\" width=\"256\" height=\"192\" \/><\/a><br \/>\n<a href=\"http:\/\/pirategalaxy.com\/wp-content\/uploads\/2011\/02\/PG02_16_10_1920x1200.jpg\">1920&#215;1200<\/a><br \/>\n<a href=\"http:\/\/pirategalaxy.com\/wp-content\/uploads\/2011\/02\/PG02_16_10_1680x1050.jpg\">1680&#215;1050<\/a><br \/>\n<a href=\"http:\/\/pirategalaxy.com\/wp-content\/uploads\/2011\/02\/PG02_16_10_1280x800.jpg\">1280&#215;800<\/a><br \/>\n<a href=\"http:\/\/pirategalaxy.com\/wp-content\/uploads\/2011\/02\/PG02_5_4_1280x1024.jpg\">1280&#215;1024<\/a><br \/>\n<a href=\"http:\/\/pirategalaxy.com\/wp-content\/uploads\/2011\/02\/PG02_4_3_1600x1200.jpg\">1600&#215;1200<\/a><br \/>\n<a href=\"http:\/\/pirategalaxy.com\/wp-content\/uploads\/2011\/02\/PG02_4_3_1024x768.jpg\">1024&#215;768<\/a><\/div>\n<div class=\"one_half\"><a href=\"http:\/\/pirategalaxy.com\/wp-content\/uploads\/2011\/02\/PG03_4_3_1024x768.jpg\"><img loading=\"lazy\" decoding=\"async\" class=\"alignleft colorbox-3270\" title=\"Pirate Galaxy - Fond d'\u00e9cran 03\" src=\"http:\/\/pirategalaxy.com\/wp-content\/uploads\/2011\/02\/PG03_4_3_1024x768.jpg\" alt=\"Pirate Galaxy - Fond d'\u00e9cran 03\" width=\"256\" height=\"192\" \/><\/a><br \/>\n<a href=\"http:\/\/pirategalaxy.com\/wp-content\/uploads\/2011\/02\/PG03_16_10_1920x1200.jpg\">1920&#215;1200<\/a><br \/>\n<a href=\"http:\/\/pirategalaxy.com\/wp-content\/uploads\/2011\/02\/PG03_16_10_1680x1050.jpg\">1680&#215;1050<\/a><br \/>\n<a href=\"http:\/\/pirategalaxy.com\/wp-content\/uploads\/2011\/02\/PG03_16_10_1280x800.jpg\">1280&#215;800<\/a><br \/>\n<a href=\"http:\/\/pirategalaxy.com\/wp-content\/uploads\/2011\/02\/PG03_5_4_1280x1024.jpg\">1280&#215;1024<\/a><br \/>\n<a href=\"http:\/\/pirategalaxy.com\/wp-content\/uploads\/2011\/02\/PG03_4_3_1600x1200.jpg\">1600&#215;1200<\/a><br \/>\n<a href=\"http:\/\/pirategalaxy.com\/wp-content\/uploads\/2011\/02\/PG03_4_3_1024x768.jpg\">1024&#215;768<\/a><\/div>\n<div class=\"one_half_last\"><a href=\"http:\/\/pirategalaxy.com\/wp-content\/uploads\/2011\/02\/PG04_4_3_1024x768.jpg\"><img loading=\"lazy\" decoding=\"async\" class=\"alignleft colorbox-3270\" title=\"Pirate Galaxy - Fond d'\u00e9cran 04\" src=\"http:\/\/pirategalaxy.com\/wp-content\/uploads\/2011\/02\/PG04_4_3_1024x768.jpg\" alt=\"Pirate Galaxy - Fond d'\u00e9cran 04\" width=\"256\" height=\"192\" \/><\/a><br \/>\n<a href=\"http:\/\/pirategalaxy.com\/wp-content\/uploads\/2011\/02\/PG04_16_10_1920x1200.jpg\">1920&#215;1200<\/a><br \/>\n<a href=\"http:\/\/pirategalaxy.com\/wp-content\/uploads\/2011\/02\/PG04_16_10_1680x1050.jpg\">1680&#215;1050<\/a><br \/>\n<a href=\"http:\/\/pirategalaxy.com\/wp-content\/uploads\/2011\/02\/PG04_16_10_1280x800.jpg\">1280&#215;800<\/a><br \/>\n<a href=\"http:\/\/pirategalaxy.com\/wp-content\/uploads\/2011\/02\/PG04_5_4_1280x1024.jpg\">1280&#215;1024<\/a><br \/>\n<a href=\"http:\/\/pirategalaxy.com\/wp-content\/uploads\/2011\/02\/PG04_4_3_1600x1200.jpg\">1600&#215;1200<\/a><br \/>\n<a href=\"http:\/\/pirategalaxy.com\/wp-content\/uploads\/2011\/02\/PG04_4_3_1024x768.jpg\">1024&#215;768<\/a><\/div>\n<p><img class=\"colorbox-3270\"  decoding=\"async\" src=\"\/wp-content\/themes\/arras\/images\/pirategalaxy\/isolator_tiny.png\" alt=\"separator pirate galaxy\" \/><\/p>\n<h2 class=\"full2\">Donload Contenu<\/h2>\n<div class=\"one_half\">\n<h3>Micro Client du Jeu<\/h3>\n<p>Utilisez ce micro client du jeu pour installer Pirate Galaxy sur votre bureau Windows. Il vous permet de lancer le jeu directement \u00e0 partir de celui ou de votre menu &laquo;&nbsp;d\u00e9marer&nbsp;&raquo; sans avoir besoin d&rsquo;un navigateur Web pour le lire. Il vous propose un mode plein \u00e9cran et des fen\u00eatres de r\u00e9solution modifiables.<br \/>\n<a href=\"https:\/\/cdn.splitscreenstudios.com\/splitscreen\/games\/pirategalaxy\/PirateGalaxy_Setup.exe\"><img class=\"colorbox-3270\"  loading=\"lazy\" decoding=\"async\" style=\"margin-left: 105px; margin-top: 15px;\" title=\"Download Game Client\" src=\"http:\/\/pirategalaxy.com\/wp-content\/uploads\/2010\/12\/client_download_pg.png\" alt=\"Download Game Client\" width=\"210\" height=\"85\" \/><\/a><\/p>\n<\/div>\n<div class=\"one_half_last\">\n<h3>Kit de fan<\/h3>\n<p>Le Kit de fan contient du mat\u00e9riel pouvant \u00eatre ut <a href=\"http:\/\/pirategalaxy.com\/wp-content\/uploads\/2011\/02\/pg_presskit.zip\"><img loading=\"lazy\" decoding=\"async\" class=\"alignleft colorbox-3270\" title=\"PackageIcon   Zip\" src=\"http:\/\/pirategalaxy.com\/wp-content\/uploads\/2010\/12\/PackageIcon-Zip-150x150.png\" alt=\"\" width=\"32\" height=\"32\" \/><span style=\"text-decoration: underline;\">Fansite Kit &#8211; 21 MB<\/span><\/a>\n<\/div>\n<div class=\"full\"><img decoding=\"async\" class=\"hr3 colorbox-3270\" src=\"\/wp-content\/themes\/arras\/images\/pirategalaxy\/isolator_big.png\" alt=\"separator pirate galaxy\" \/><br \/>\n<img decoding=\"async\" class=\"hr2 colorbox-3270\" src=\"\/wp-content\/themes\/arras\/images\/pirategalaxy\/background_faker.png\" alt=\"separator2 Pirate Galaxy\" \/><\/div>\n","protected":false},"excerpt":{"rendered":"<p>Pirate Galaxy &#8211; M\u00e9dia Accueil Trailer Captures d\u2019\u00e9cran Fonds d&rsquo;\u00e9cran 1920&#215;1200 1680&#215;1050 1280&#215;800 1280&#215;1024 1600&#215;1200 1024&#215;768 1920&#215;1200 1680&#215;1050 1280&#215;800 1280&#215;1024 1600&#215;1200 1024&#215;768 1920&#215;1200 1680&#215;1050 1280&#215;800 1280&#215;1024 1600&#215;1200 1024&#215;768 1920&#215;1200 1680&#215;1050 [&hellip;]<\/p>\n","protected":false},"author":11,"featured_media":453,"parent":0,"menu_order":0,"comment_status":"closed","ping_status":"closed","template":"pagetpl-onecolumn.php","meta":{"footnotes":"","_links_to":"","_links_to_target":""},"class_list":["post-3270","page","type-page","status-publish","has-post-thumbnail","hentry"],"yoast_head":"<!-- This site is optimized with the Yoast SEO plugin v27.3 - https:\/\/yoast.com\/product\/yoast-seo-wordpress\/ -->\n<title>M\u00e9dia - Pirate Galaxy<\/title>\n<meta name=\"description\" content=\"Pirate Galaxy Media - Art bande-annonce, captures d&#039;\u00e9cran, Fond d&#039;\u00e9cran et Art Conceptuel.\" \/>\n<meta name=\"robots\" content=\"index, follow, max-snippet:-1, max-image-preview:large, max-video-preview:-1\" \/>\n<link rel=\"canonical\" href=\"https:\/\/pirategalaxy.com\/fr\/media-3\/\" \/>\n<meta property=\"og:locale\" content=\"fr_FR\" \/>\n<meta property=\"og:type\" content=\"article\" \/>\n<meta property=\"og:title\" content=\"M\u00e9dia - Pirate Galaxy\" \/>\n<meta property=\"og:description\" content=\"Pirate Galaxy Media - Art bande-annonce, captures d&#039;\u00e9cran, Fond d&#039;\u00e9cran et Art Conceptuel.\" \/>\n<meta property=\"og:url\" content=\"https:\/\/pirategalaxy.com\/fr\/media-3\/\" \/>\n<meta property=\"og:site_name\" content=\"Pirate Galaxy\" \/>\n<meta property=\"article:modified_time\" content=\"2021-06-02T11:25:57+00:00\" \/>\n<meta property=\"og:image\" content=\"https:\/\/pirategalaxy.com\/wp-content\/uploads\/2011\/02\/teaser_09.jpg\" \/>\n\t<meta property=\"og:image:width\" content=\"640\" \/>\n\t<meta property=\"og:image:height\" content=\"250\" \/>\n\t<meta property=\"og:image:type\" content=\"image\/jpeg\" \/>\n<meta name=\"twitter:label1\" content=\"Dur\u00e9e de lecture estim\u00e9e\" \/>\n\t<meta name=\"twitter:data1\" content=\"1 minute\" \/>\n<script type=\"application\/ld+json\" class=\"yoast-schema-graph\">{\"@context\":\"https:\\\/\\\/schema.org\",\"@graph\":[{\"@type\":\"WebPage\",\"@id\":\"https:\\\/\\\/pirategalaxy.com\\\/fr\\\/media-3\\\/\",\"url\":\"https:\\\/\\\/pirategalaxy.com\\\/fr\\\/media-3\\\/\",\"name\":\"M\u00e9dia - Pirate Galaxy\",\"isPartOf\":{\"@id\":\"https:\\\/\\\/pirategalaxy.com\\\/en\\\/#website\"},\"primaryImageOfPage\":{\"@id\":\"https:\\\/\\\/pirategalaxy.com\\\/fr\\\/media-3\\\/#primaryimage\"},\"image\":{\"@id\":\"https:\\\/\\\/pirategalaxy.com\\\/fr\\\/media-3\\\/#primaryimage\"},\"thumbnailUrl\":\"https:\\\/\\\/pirategalaxy.com\\\/wp-content\\\/uploads\\\/2011\\\/02\\\/teaser_09.jpg\",\"datePublished\":\"2010-12-29T23:18:51+00:00\",\"dateModified\":\"2021-06-02T11:25:57+00:00\",\"description\":\"Pirate Galaxy Media - Art bande-annonce, captures d'\u00e9cran, Fond d'\u00e9cran et Art Conceptuel.\",\"breadcrumb\":{\"@id\":\"https:\\\/\\\/pirategalaxy.com\\\/fr\\\/media-3\\\/#breadcrumb\"},\"inLanguage\":\"fr-FR\",\"potentialAction\":[{\"@type\":\"ReadAction\",\"target\":[\"https:\\\/\\\/pirategalaxy.com\\\/fr\\\/media-3\\\/\"]}]},{\"@type\":\"ImageObject\",\"inLanguage\":\"fr-FR\",\"@id\":\"https:\\\/\\\/pirategalaxy.com\\\/fr\\\/media-3\\\/#primaryimage\",\"url\":\"https:\\\/\\\/pirategalaxy.com\\\/wp-content\\\/uploads\\\/2011\\\/02\\\/teaser_09.jpg\",\"contentUrl\":\"https:\\\/\\\/pirategalaxy.com\\\/wp-content\\\/uploads\\\/2011\\\/02\\\/teaser_09.jpg\",\"width\":\"640\",\"height\":\"250\"},{\"@type\":\"BreadcrumbList\",\"@id\":\"https:\\\/\\\/pirategalaxy.com\\\/fr\\\/media-3\\\/#breadcrumb\",\"itemListElement\":[{\"@type\":\"ListItem\",\"position\":1,\"name\":\"Home\",\"item\":\"https:\\\/\\\/pirategalaxy.com\\\/fr\\\/\"},{\"@type\":\"ListItem\",\"position\":2,\"name\":\"M\u00e9dia\"}]},{\"@type\":\"WebSite\",\"@id\":\"https:\\\/\\\/pirategalaxy.com\\\/en\\\/#website\",\"url\":\"https:\\\/\\\/pirategalaxy.com\\\/en\\\/\",\"name\":\"Pirate Galaxy\",\"description\":\"\",\"potentialAction\":[{\"@type\":\"SearchAction\",\"target\":{\"@type\":\"EntryPoint\",\"urlTemplate\":\"https:\\\/\\\/pirategalaxy.com\\\/en\\\/?s={search_term_string}\"},\"query-input\":{\"@type\":\"PropertyValueSpecification\",\"valueRequired\":true,\"valueName\":\"search_term_string\"}}],\"inLanguage\":\"fr-FR\"}]}<\/script>\n<!-- \/ Yoast SEO plugin. -->","yoast_head_json":{"title":"M\u00e9dia - Pirate Galaxy","description":"Pirate Galaxy Media - Art bande-annonce, captures d'\u00e9cran, Fond d'\u00e9cran et Art Conceptuel.","robots":{"index":"index","follow":"follow","max-snippet":"max-snippet:-1","max-image-preview":"max-image-preview:large","max-video-preview":"max-video-preview:-1"},"canonical":"https:\/\/pirategalaxy.com\/fr\/media-3\/","og_locale":"fr_FR","og_type":"article","og_title":"M\u00e9dia - Pirate Galaxy","og_description":"Pirate Galaxy Media - Art bande-annonce, captures d'\u00e9cran, Fond d'\u00e9cran et Art Conceptuel.","og_url":"https:\/\/pirategalaxy.com\/fr\/media-3\/","og_site_name":"Pirate Galaxy","article_modified_time":"2021-06-02T11:25:57+00:00","og_image":[{"width":640,"height":250,"url":"https:\/\/pirategalaxy.com\/wp-content\/uploads\/2011\/02\/teaser_09.jpg","type":"image\/jpeg"}],"twitter_misc":{"Dur\u00e9e de lecture estim\u00e9e":"1 minute"},"schema":{"@context":"https:\/\/schema.org","@graph":[{"@type":"WebPage","@id":"https:\/\/pirategalaxy.com\/fr\/media-3\/","url":"https:\/\/pirategalaxy.com\/fr\/media-3\/","name":"M\u00e9dia - Pirate Galaxy","isPartOf":{"@id":"https:\/\/pirategalaxy.com\/en\/#website"},"primaryImageOfPage":{"@id":"https:\/\/pirategalaxy.com\/fr\/media-3\/#primaryimage"},"image":{"@id":"https:\/\/pirategalaxy.com\/fr\/media-3\/#primaryimage"},"thumbnailUrl":"https:\/\/pirategalaxy.com\/wp-content\/uploads\/2011\/02\/teaser_09.jpg","datePublished":"2010-12-29T23:18:51+00:00","dateModified":"2021-06-02T11:25:57+00:00","description":"Pirate Galaxy Media - Art bande-annonce, captures d'\u00e9cran, Fond d'\u00e9cran et Art Conceptuel.","breadcrumb":{"@id":"https:\/\/pirategalaxy.com\/fr\/media-3\/#breadcrumb"},"inLanguage":"fr-FR","potentialAction":[{"@type":"ReadAction","target":["https:\/\/pirategalaxy.com\/fr\/media-3\/"]}]},{"@type":"ImageObject","inLanguage":"fr-FR","@id":"https:\/\/pirategalaxy.com\/fr\/media-3\/#primaryimage","url":"https:\/\/pirategalaxy.com\/wp-content\/uploads\/2011\/02\/teaser_09.jpg","contentUrl":"https:\/\/pirategalaxy.com\/wp-content\/uploads\/2011\/02\/teaser_09.jpg","width":"640","height":"250"},{"@type":"BreadcrumbList","@id":"https:\/\/pirategalaxy.com\/fr\/media-3\/#breadcrumb","itemListElement":[{"@type":"ListItem","position":1,"name":"Home","item":"https:\/\/pirategalaxy.com\/fr\/"},{"@type":"ListItem","position":2,"name":"M\u00e9dia"}]},{"@type":"WebSite","@id":"https:\/\/pirategalaxy.com\/en\/#website","url":"https:\/\/pirategalaxy.com\/en\/","name":"Pirate Galaxy","description":"","potentialAction":[{"@type":"SearchAction","target":{"@type":"EntryPoint","urlTemplate":"https:\/\/pirategalaxy.com\/en\/?s={search_term_string}"},"query-input":{"@type":"PropertyValueSpecification","valueRequired":true,"valueName":"search_term_string"}}],"inLanguage":"fr-FR"}]}},"_links":{"self":[{"href":"https:\/\/pirategalaxy.com\/fr\/wp-json\/wp\/v2\/pages\/3270","targetHints":{"allow":["GET"]}}],"collection":[{"href":"https:\/\/pirategalaxy.com\/fr\/wp-json\/wp\/v2\/pages"}],"about":[{"href":"https:\/\/pirategalaxy.com\/fr\/wp-json\/wp\/v2\/types\/page"}],"author":[{"embeddable":true,"href":"https:\/\/pirategalaxy.com\/fr\/wp-json\/wp\/v2\/users\/11"}],"replies":[{"embeddable":true,"href":"https:\/\/pirategalaxy.com\/fr\/wp-json\/wp\/v2\/comments?post=3270"}],"version-history":[{"count":1,"href":"https:\/\/pirategalaxy.com\/fr\/wp-json\/wp\/v2\/pages\/3270\/revisions"}],"predecessor-version":[{"id":192612,"href":"https:\/\/pirategalaxy.com\/fr\/wp-json\/wp\/v2\/pages\/3270\/revisions\/192612"}],"wp:featuredmedia":[{"embeddable":true,"href":"https:\/\/pirategalaxy.com\/fr\/wp-json\/wp\/v2\/media\/453"}],"wp:attachment":[{"href":"https:\/\/pirategalaxy.com\/fr\/wp-json\/wp\/v2\/media?parent=3270"}],"curies":[{"name":"wp","href":"https:\/\/api.w.org\/{rel}","templated":true}]}}