{"id":3290,"date":"2011-01-03T15:30:11","date_gmt":"2011-01-03T14:30:11","guid":{"rendered":"http:\/\/pirategalaxy.com\/preguntas-frecuentes"},"modified":"2018-02-01T14:59:00","modified_gmt":"2018-02-01T13:59:00","slug":"preguntas-frecuentes","status":"publish","type":"page","link":"https:\/\/pirategalaxy.com\/es\/preguntas-frecuentes\/","title":{"rendered":"Preguntas Frecuentes"},"content":{"rendered":"<p class=\"navi-down\">\n<h1 class=\"headline_page\"><span>Pirate Galaxy &#8211; FAQ<\/span><\/h1>\n<p class=\"back-button\"><a class=\"back-block\" href=\"http:\/\/pirategalaxy.com\/es\/\">Inicio<\/a><\/p>\n<div class=\"one_half\">\n<h2>Preguntas Generales sobre el Juego Online Pirate Galaxy:<\/h2>\n<h3>\u00bfQue es Pirate Galaxy?<\/h3>\n<p>Pirate Galaxy es el premiado juego de ciencia ficci\u00f3n Multijugador Online sobre la resistencia de la humanidad contra la especie opresora llamada Mantis. Es un juego de navegador en tiempo real de acceso gratuito con gr\u00e1ficos 3D. Disfruta de vertiginosos combates de naves espaciales y conviertet\u00e9 en parte de la Historia de Pirate Galaxy. \u00a1\u00danete a tus amigos y combate al enemigo!<\/p>\n<h3>\u00bfHay que pagar?<\/h3>\n<p>Pirate Galaxy es un juego de acceso absolutamente gratuito. Puedes registrate y jugar completamente gratis. No se requieren datos personales extra, no hay obligaciones o abonos, no hay trampas. Siempre eres bienvenido para unirte a nuestra creciente comunidad.<\/p>\n<h3>\u00bfQue obtengo jugando gratis?<\/h3>\n<p>Todo. Pirate Galaxy ofrece el acceso completo al juego de forma gratuita.<\/p>\n<h3>\u00bfCu\u00e1l es el futuro de Pirate Galaxy?<\/h3>\n<p>Pirate Galaxy seguir\u00e1 creciendo. Tenemos un mont\u00f3n de ideas para poner en marcha y hacer felices a nuestros fans. El juego es actualizado normalmente cada dos semanas. Podr\u00e1s saber sobre lo que est\u00e1 por venir en esta web y en los foros.<\/p>\n<p><img class=\"colorbox-3290\"  decoding=\"async\" alt=\"separator pirate galaxy\" src=\"\/wp-content\/themes\/arras\/images\/pirategalaxy\/faq-pic.png\" \/><\/p>\n<\/div>\n<div class=\"one_half_last\">\n<h2>Preguntas Generales sobre Pirate Galaxy:<\/h2>\n<h3>\u00bfCuanto pesa el cliente?<\/h3>\n<p>Pirate Galaxy es un juego con gr\u00e1ficos 3D de alta resoluci\u00f3n pero se juega desde el navegador, sin descargas. En segundos te encontrar\u00e1s montado en tu nave espacial y listo para el combate. En cualquier caso siempre puedes instalar el cliente en tu equipo. La instalaci\u00f3n est\u00e1 disponible en la p\u00e1gina de descargas y pesa unos 20 Mb, por lo que lo tendr\u00e1s descargado en segundos. De esta forma podr\u00e1s disfrutar del modo pantalla completa y de las opciones de resoluci\u00f3n.<\/p>\n<h3>A m\u00ed no me gustan los juegos de navegador, \u00bfy a ti?<\/h3>\n<p>A nosotros nos gustan los juegos de navegador. Recuerda que Pirate Galaxy no es un juego de navegador cualquiera. Es un juego multijugador en tiempo real, igual que los que puedes comprarte en un centro comercial. Es un aut\u00e9ntico juego con todas las caracter\u00edsticas de estos, funcionando en tu navegador.<\/p>\n<h3>\u00bfQue plataformas soporta?<\/h3>\n<p>En la actualidad Pirate Galaxy solo funciona en PCs con Windows.<\/p>\n<\/div>\n<div class=\"full\">\n<p><img decoding=\"async\" class=\"hr3 colorbox-3290\" alt=\"separator pirate galaxy\" src=\"\/wp-content\/themes\/arras\/images\/pirategalaxy\/isolator_big.png\" \/><\/p>\n<p><img decoding=\"async\" class=\"hr2 colorbox-3290\" alt=\"separator2 Pirate Galaxy\" src=\"\/wp-content\/themes\/arras\/images\/pirategalaxy\/background_faker.png\" \/><\/p>\n<\/div>\n","protected":false},"excerpt":{"rendered":"<p>Pirate Galaxy &#8211; FAQ Inicio Preguntas Generales sobre el Juego Online Pirate Galaxy: \u00bfQue es Pirate Galaxy? Pirate Galaxy es el premiado juego de ciencia ficci\u00f3n Multijugador Online sobre la [&hellip;]<\/p>\n","protected":false},"author":11,"featured_media":-1,"parent":0,"menu_order":0,"comment_status":"closed","ping_status":"closed","template":"pagetpl-onecolumn.php","meta":{"footnotes":"","_links_to":"","_links_to_target":""},"class_list":["post-3290","page","type-page","status-publish","has-post-thumbnail","hentry"],"yoast_head":"<!-- This site is optimized with the Yoast SEO plugin v27.4 - https:\/\/yoast.com\/product\/yoast-seo-wordpress\/ -->\n<title>Preguntas Frecuentes - Pirate Galaxy<\/title>\n<meta name=\"description\" content=\"Preguntas Frecuentes Sobre Pirate Galaxy.\" \/>\n<meta name=\"robots\" content=\"index, follow, max-snippet:-1, max-image-preview:large, max-video-preview:-1\" \/>\n<link rel=\"canonical\" href=\"https:\/\/pirategalaxy.com\/es\/preguntas-frecuentes\/\" \/>\n<meta property=\"og:locale\" content=\"es_ES\" \/>\n<meta property=\"og:type\" content=\"article\" \/>\n<meta property=\"og:title\" content=\"Preguntas Frecuentes - Pirate Galaxy\" \/>\n<meta property=\"og:description\" content=\"Preguntas Frecuentes Sobre Pirate Galaxy.\" \/>\n<meta property=\"og:url\" content=\"https:\/\/pirategalaxy.com\/es\/preguntas-frecuentes\/\" \/>\n<meta property=\"og:site_name\" content=\"Pirate Galaxy\" \/>\n<meta property=\"article:modified_time\" content=\"2018-02-01T13:59:00+00:00\" \/>\n<meta name=\"twitter:label1\" content=\"Tiempo de lectura\" \/>\n\t<meta name=\"twitter:data1\" content=\"2 minutes\" \/>\n<script type=\"application\/ld+json\" class=\"yoast-schema-graph\">{\"@context\":\"https:\\\/\\\/schema.org\",\"@graph\":[{\"@type\":\"WebPage\",\"@id\":\"https:\\\/\\\/pirategalaxy.com\\\/es\\\/preguntas-frecuentes\\\/\",\"url\":\"https:\\\/\\\/pirategalaxy.com\\\/es\\\/preguntas-frecuentes\\\/\",\"name\":\"Preguntas Frecuentes - Pirate Galaxy\",\"isPartOf\":{\"@id\":\"https:\\\/\\\/pirategalaxy.com\\\/en\\\/#website\"},\"datePublished\":\"2011-01-03T14:30:11+00:00\",\"dateModified\":\"2018-02-01T13:59:00+00:00\",\"description\":\"Preguntas Frecuentes Sobre Pirate Galaxy.\",\"breadcrumb\":{\"@id\":\"https:\\\/\\\/pirategalaxy.com\\\/es\\\/preguntas-frecuentes\\\/#breadcrumb\"},\"inLanguage\":\"es-ES\",\"potentialAction\":[{\"@type\":\"ReadAction\",\"target\":[\"https:\\\/\\\/pirategalaxy.com\\\/es\\\/preguntas-frecuentes\\\/\"]}]},{\"@type\":\"BreadcrumbList\",\"@id\":\"https:\\\/\\\/pirategalaxy.com\\\/es\\\/preguntas-frecuentes\\\/#breadcrumb\",\"itemListElement\":[{\"@type\":\"ListItem\",\"position\":1,\"name\":\"Home\",\"item\":\"https:\\\/\\\/pirategalaxy.com\\\/es\\\/\"},{\"@type\":\"ListItem\",\"position\":2,\"name\":\"Preguntas Frecuentes\"}]},{\"@type\":\"WebSite\",\"@id\":\"https:\\\/\\\/pirategalaxy.com\\\/en\\\/#website\",\"url\":\"https:\\\/\\\/pirategalaxy.com\\\/en\\\/\",\"name\":\"Pirate Galaxy\",\"description\":\"\",\"potentialAction\":[{\"@type\":\"SearchAction\",\"target\":{\"@type\":\"EntryPoint\",\"urlTemplate\":\"https:\\\/\\\/pirategalaxy.com\\\/en\\\/?s={search_term_string}\"},\"query-input\":{\"@type\":\"PropertyValueSpecification\",\"valueRequired\":true,\"valueName\":\"search_term_string\"}}],\"inLanguage\":\"es-ES\"}]}<\/script>\n<!-- \/ Yoast SEO plugin. -->","yoast_head_json":{"title":"Preguntas Frecuentes - Pirate Galaxy","description":"Preguntas Frecuentes Sobre Pirate Galaxy.","robots":{"index":"index","follow":"follow","max-snippet":"max-snippet:-1","max-image-preview":"max-image-preview:large","max-video-preview":"max-video-preview:-1"},"canonical":"https:\/\/pirategalaxy.com\/es\/preguntas-frecuentes\/","og_locale":"es_ES","og_type":"article","og_title":"Preguntas Frecuentes - Pirate Galaxy","og_description":"Preguntas Frecuentes Sobre Pirate Galaxy.","og_url":"https:\/\/pirategalaxy.com\/es\/preguntas-frecuentes\/","og_site_name":"Pirate Galaxy","article_modified_time":"2018-02-01T13:59:00+00:00","twitter_misc":{"Tiempo de lectura":"2 minutes"},"schema":{"@context":"https:\/\/schema.org","@graph":[{"@type":"WebPage","@id":"https:\/\/pirategalaxy.com\/es\/preguntas-frecuentes\/","url":"https:\/\/pirategalaxy.com\/es\/preguntas-frecuentes\/","name":"Preguntas Frecuentes - Pirate Galaxy","isPartOf":{"@id":"https:\/\/pirategalaxy.com\/en\/#website"},"datePublished":"2011-01-03T14:30:11+00:00","dateModified":"2018-02-01T13:59:00+00:00","description":"Preguntas Frecuentes Sobre Pirate Galaxy.","breadcrumb":{"@id":"https:\/\/pirategalaxy.com\/es\/preguntas-frecuentes\/#breadcrumb"},"inLanguage":"es-ES","potentialAction":[{"@type":"ReadAction","target":["https:\/\/pirategalaxy.com\/es\/preguntas-frecuentes\/"]}]},{"@type":"BreadcrumbList","@id":"https:\/\/pirategalaxy.com\/es\/preguntas-frecuentes\/#breadcrumb","itemListElement":[{"@type":"ListItem","position":1,"name":"Home","item":"https:\/\/pirategalaxy.com\/es\/"},{"@type":"ListItem","position":2,"name":"Preguntas Frecuentes"}]},{"@type":"WebSite","@id":"https:\/\/pirategalaxy.com\/en\/#website","url":"https:\/\/pirategalaxy.com\/en\/","name":"Pirate Galaxy","description":"","potentialAction":[{"@type":"SearchAction","target":{"@type":"EntryPoint","urlTemplate":"https:\/\/pirategalaxy.com\/en\/?s={search_term_string}"},"query-input":{"@type":"PropertyValueSpecification","valueRequired":true,"valueName":"search_term_string"}}],"inLanguage":"es-ES"}]}},"_links":{"self":[{"href":"https:\/\/pirategalaxy.com\/es\/wp-json\/wp\/v2\/pages\/3290","targetHints":{"allow":["GET"]}}],"collection":[{"href":"https:\/\/pirategalaxy.com\/es\/wp-json\/wp\/v2\/pages"}],"about":[{"href":"https:\/\/pirategalaxy.com\/es\/wp-json\/wp\/v2\/types\/page"}],"author":[{"embeddable":true,"href":"https:\/\/pirategalaxy.com\/es\/wp-json\/wp\/v2\/users\/11"}],"replies":[{"embeddable":true,"href":"https:\/\/pirategalaxy.com\/es\/wp-json\/wp\/v2\/comments?post=3290"}],"version-history":[{"count":0,"href":"https:\/\/pirategalaxy.com\/es\/wp-json\/wp\/v2\/pages\/3290\/revisions"}],"wp:featuredmedia":[{"embeddable":true,"href":"https:\/\/pirategalaxy.com\/es\/wp-json\/"}],"wp:attachment":[{"href":"https:\/\/pirategalaxy.com\/es\/wp-json\/wp\/v2\/media?parent=3290"}],"curies":[{"name":"wp","href":"https:\/\/api.w.org\/{rel}","templated":true}]}}