{"id":3665,"date":"2012-10-31T10:22:47","date_gmt":"2012-10-31T09:22:47","guid":{"rendered":"http:\/\/pirategalaxy.com\/?page_id=3665"},"modified":"2022-11-24T16:05:11","modified_gmt":"2022-11-24T15:05:11","slug":"home","status":"publish","type":"page","link":"https:\/\/pirategalaxy.com\/de\/","title":{"rendered":"Home"},"content":{"rendered":"<!-- Start vSlider options -->\r\n<script type=\"text\/javascript\">\r\nvar $jq = jQuery.noConflict(); $jq(document).ready(function() { \r\n    $jq('#homeDe').coinslider({ width: 972,     height: 360, spw: 3, sph: 2, delay: 6000, sDelay: 60, opacity: 0.7, titleSpeed: 0, effect: 'fade', navigation: false, links : true, stickynav: true, hoverPause: true }); }); \r\n    <\/script>\r\n<!-- Begin vSlider options -->\r\n<style type=\"text\/css\" media=\"screen\">\r\n#homeDecontainer {\r\n    margin: 0px -5px -5px -1px;\r\n    float:none;\r\n    }\r\n#homeDe { \r\n    width: 972px; \r\n    height: 360px;\r\n    overflow: hidden; \r\n    position: relative; \r\n    }\r\n    \r\n\r\n    #homeDe a, #homeDe a img {\r\n        border: none !important; \r\n        text-decoration: none !important; \r\n        outline: none !important;\r\n        } \r\n        \r\n    #homeDe h4 {\r\n        color: #FFFFFF !important;\r\n        margin: 0px !important;padding: 0px !important;\r\n        font-family: Arial, Helvetica, sans-serif !important;\r\n        font-size: 16px !important;}\r\n        \r\n    #homeDe .cs-title {\r\n        background: #000000;\r\n        color: #FFFFFF  !important;\r\n        font-family: Arial, Helvetica, sans-serif !important;\r\n        font-size: 12px !important;\r\n        letter-spacing: normal !important;line-height: normal !important;}\r\n        \r\n    #homeDe .cs-title{ position:absolute;\r\n    width: 962px; padding: 10px;        }\r\n        #homeDecontainer .cs-buttons {clear:both; font-size: 0px; margin: ; float: left; }\r\n       #cs-button-homeDe{ z-index:999;outline:none;}\r\n                #homeDecontainer .cs-buttons { font-size: 0px; padding: 10px; float: left; outline: none !important;}\r\n           #homeDecontainer .cs-buttons a { margin-left: 5px; height: 15px; width: 15px; float: left; \r\n                            background: url('https:\/\/pirategalaxy.com\/wp-content\/plugins\/vslider\/images\/default_style.png') no-repeat;background-position:top;\r\n                                                text-indent: -1000px;\r\n                                                outline: none !important;\r\n                             }\r\n             #homeDecontainer .cs-buttons a:hover  { background: url('https:\/\/pirategalaxy.com\/wp-content\/plugins\/vslider\/images\/default_style.png') no-repeat;background-position: bottom;top:15px;outline: none !important;}\r\n            #homeDecontainer  a.cs-active { background: url('https:\/\/pirategalaxy.com\/wp-content\/plugins\/vslider\/images\/default_style.png') no-repeat;background-position:bottom;outline: none !important;}          \r\n                                \r\n        \r\n                 #homeDe  .cs-prev,#homeDe  .cs-next { outline:none; }\r\n           #homeDe  .cs-prev {margin-left:8px; line-height: 30px;width: 30px;height:30px; background: url('https:\/\/pirategalaxy.com\/wp-content\/plugins\/vslider\/images\/nav_style2_arrows-prev.png')no-repeat; text-indent: -999px;}\r\n      #homeDe  .cs-next {margin-right: 5px; line-height: 30px;width: 30px;height:30px; background: url('https:\/\/pirategalaxy.com\/wp-content\/plugins\/vslider\/images\/nav_style2_arrows-next.png')no-repeat; text-indent: -999px;}\r\n         \r\n       #homeDe,#homeDe img {\r\n        border:0px solid #FFFFFF; \r\n        border-radius:0px;\r\n        -moz-border-radius:0px;\r\n        -webkit-border-radius:0px;\r\n        }\r\n<\/style>\r\n<!-- End vSlider options -->\r\n    <div id=\"homeDecontainer\">\r\n    <div id=\"homeDe\">       <a href=\"\" style=\"background:#fff;\" target=\"\">\r\n              <img class=\"colorbox-3665\"  decoding=\"async\" src=\"https:\/\/pirategalaxy.com\/wp-content\/plugins\/vslider\/timthumb.php?src=http%3A%2F%2Fpirategalaxy.com%2Fwp-content%2Fuploads%2F2012%2F10%2Fteaser_01.jpg&amp;w=972&amp;h=360&amp;zc=1&amp;q=80\" style=\"width:972px;height:360px;\" alt=\"Sci-Fi Adventure\" \/>\r\n                    <span><h4>Sci-Fi Adventure<\/h4>Erforsche ein komplettes Universum mit einer Vielzahl an Sternsystemen und Hunderten von Quests.<\/span>\r\n                <\/a>\r\n           <a href=\"\" style=\"background:#fff;\" target=\"\">\r\n              <img class=\"colorbox-3665\"  decoding=\"async\" src=\"https:\/\/pirategalaxy.com\/wp-content\/plugins\/vslider\/timthumb.php?src=http%3A%2F%2Fpirategalaxy.com%2Fwp-content%2Fuploads%2F2012%2F10%2Fteaser_02.jpg&amp;w=972&amp;h=360&amp;zc=1&amp;q=80\" style=\"width:972px;height:360px;\" alt=\"Eine epische Storyline\" \/>\r\n                    <span><h4>Eine epische Storyline<\/h4>Vom kleinen Schmuggler, der um sein \u00dcberleben k\u00e4mpfen muss, zum Retter der Menschheit. Alles ist m\u00f6glich!<\/span>\r\n                <\/a>\r\n           <a href=\"\" style=\"background:#fff;\" target=\"\">\r\n              <img class=\"colorbox-3665\"  decoding=\"async\" src=\"https:\/\/pirategalaxy.com\/wp-content\/plugins\/vslider\/timthumb.php?src=http%3A%2F%2Fpirategalaxy.com%2Fwp-content%2Fuploads%2F2012%2F10%2Fteaser_03.jpg&amp;w=972&amp;h=360&amp;zc=1&amp;q=80\" style=\"width:972px;height:360px;\" alt=\"\u00dcberall lauern gef\u00e4hrliche Aliens\" \/>\r\n                    <span><h4>\u00dcberall lauern gef\u00e4hrliche Aliens<\/h4>Sei gewarnt - Die Mantis und ihre heimt\u00fcckische K\u00f6nigin sind keine leichten Gegner!<\/span>\r\n                <\/a>\r\n    <\/div><\/div>\n<div class=\"teaser\">&nbsp;<\/div>\n<h1 class=\"headline-home\">Pirate Galaxy \u2014 Das epische 3D Space Adventure<\/h1>\n<div class=\"one_third\">\n<div class=\"Banner\">\n<div class=\"BannerInn\">\n<p class=\"BannerHead\">FEATURES<\/p>\n<h2 class=\"BannerH\">Pirate Galaxy &#8211; Das High-End 3D Online Space Game<\/h2>\n<div class=\"BannerText2\">\n<ul>\n<li>Spiele kostenlos<\/li>\n<li>Entdecke hochwertige 3D Grafik \u2013 direkt im Browser<\/li>\n<li>Erlebe intensive, taktische Gefechte<\/li>\n<li>Erforsche ein riesiges Universum<\/li>\n<li>Werde Teil einer dichten Story um die Zukunft der Menschheit<\/li>\n<\/ul>\n<\/div>\n<\/div>\n<\/div>\n<\/div>\n<div class=\"one_third_m\">\n<p class=\"headline-home2 headline-home2-pos\">TRAILER<\/p>\n<div class=\"lyte-wrapper fourthree\" style=\"width:420px;max-width:100%;margin:5px;\"><div class=\"lyMe\" id=\"WYL_PxWxWpf8rP8\"><div id=\"lyte_PxWxWpf8rP8\" data-src=\"https:\/\/pirategalaxy.com\/wp-content\/plugins\/wp-youtube-lyte\/lyteCache.php?origThumbUrl=%2F%2Fi.ytimg.com%2Fvi%2FPxWxWpf8rP8%2Fhqdefault.jpg\" class=\"pL\"><div class=\"tC\"><div class=\"tT\"><\/div><\/div><div class=\"play\"><\/div><div class=\"ctrl\"><div class=\"Lctrl\"><\/div><div class=\"Rctrl\"><\/div><\/div><\/div><noscript><a href=\"https:\/\/youtu.be\/PxWxWpf8rP8\" rel=\"nofollow\"><img class=\"colorbox-3665\"  loading=\"lazy\" decoding=\"async\" src=\"https:\/\/pirategalaxy.com\/wp-content\/plugins\/wp-youtube-lyte\/lyteCache.php?origThumbUrl=https%3A%2F%2Fi.ytimg.com%2Fvi%2FPxWxWpf8rP8%2F0.jpg\" alt=\"YouTube-Video-Vorschaubild\" width=\"420\" height=\"295\" \/><br \/>Dieses Video auf YouTube ansehen<\/a><\/noscript><\/div><\/div><div class=\"lL\" style=\"max-width:100%;width:420px;margin:5px;\"><\/div><\/p>\n<\/div>\n<div class=\"one_third_last\">\n<div class=\"image1\">&nbsp;<\/div>\n<\/div>\n<p><img decoding=\"async\" class=\"hr-home colorbox-3665\" src=\"\/wp-content\/themes\/arras\/images\/pirategalaxy\/isolator_small.png\" alt=\"separator pirate galaxy\"><\/p>\n<div class=\"one_third\">\n<p class=\"headline-home2 headline-home2-pos\">SCREENSHOTS<\/p>\n<div class=\"gallery\"><dl class='gallery-item'>\n\t\t\t<dt class='gallery-icon landscape'>\n\t\t\t\t<a href='https:\/\/pirategalaxy.com\/wp-content\/uploads\/2012\/10\/PG04.jpg'><img loading=\"lazy\" decoding=\"async\" width=\"130\" height=\"80\" src=\"https:\/\/pirategalaxy.com\/wp-content\/uploads\/2012\/10\/PG04-130x80.jpg\" class=\"attachment-gallery_thumbnail size-gallery_thumbnail colorbox-3665 \" alt=\"Pirate Galaxy - Space Ship\" aria-describedby=\"gallery-1-15787\" \/><\/a>\n\t\t\t<\/dt>\n\t\t\t\t<dd class='wp-caption-text gallery-caption' id='gallery-1-15787'>\n\t\t\t\tPirate Galaxy Screenshot &#8211; A Pirate Galaxy space ship in space\n\t\t\t\t<\/dd><\/dl><dl class='gallery-item'>\n\t\t\t<dt class='gallery-icon landscape'>\n\t\t\t\t<a href='https:\/\/pirategalaxy.com\/wp-content\/uploads\/2012\/10\/PG05.jpg'><img loading=\"lazy\" decoding=\"async\" width=\"130\" height=\"80\" src=\"https:\/\/pirategalaxy.com\/wp-content\/uploads\/2012\/10\/PG05-130x80.jpg\" class=\"attachment-gallery_thumbnail size-gallery_thumbnail colorbox-3665 \" alt=\"Pirate Galaxy - Space Ship Battle\" aria-describedby=\"gallery-1-15788\" \/><\/a>\n\t\t\t<\/dt>\n\t\t\t\t<dd class='wp-caption-text gallery-caption' id='gallery-1-15788'>\n\t\t\t\tPirate Galaxy Screenshot &#8211; A Pirate Galaxy space ship in battle\n\t\t\t\t<\/dd><\/dl><br style=\"clear: both\" \/><dl class='gallery-item'>\n\t\t\t<dt class='gallery-icon landscape'>\n\t\t\t\t<a href='https:\/\/pirategalaxy.com\/wp-content\/uploads\/2012\/10\/PG06.jpg'><img loading=\"lazy\" decoding=\"async\" width=\"130\" height=\"80\" src=\"https:\/\/pirategalaxy.com\/wp-content\/uploads\/2012\/10\/PG06-130x80.jpg\" class=\"attachment-gallery_thumbnail size-gallery_thumbnail colorbox-3665 \" alt=\"Pirate Galaxy - Fantastic Planets\" aria-describedby=\"gallery-1-15789\" \/><\/a>\n\t\t\t<\/dt>\n\t\t\t\t<dd class='wp-caption-text gallery-caption' id='gallery-1-15789'>\n\t\t\t\tPirate Galaxy Screenshot &#8211; A fantastic Pirate Galaxy space planet\n\t\t\t\t<\/dd><\/dl><dl class='gallery-item'>\n\t\t\t<dt class='gallery-icon landscape'>\n\t\t\t\t<a href='https:\/\/pirategalaxy.com\/wp-content\/uploads\/2012\/10\/PG07.jpg'><img loading=\"lazy\" decoding=\"async\" width=\"130\" height=\"80\" src=\"https:\/\/pirategalaxy.com\/wp-content\/uploads\/2012\/10\/PG07-130x80.jpg\" class=\"attachment-gallery_thumbnail size-gallery_thumbnail colorbox-3665 \" alt=\"Pirate Galaxy - Battle Over the Ocean\" aria-describedby=\"gallery-1-15790\" \/><\/a>\n\t\t\t<\/dt>\n\t\t\t\t<dd class='wp-caption-text gallery-caption' id='gallery-1-15790'>\n\t\t\t\tPirate Galaxy Screenshot &#8211; A 3D space battle over the ocean\n\t\t\t\t<\/dd><\/dl><br style=\"clear: both\" \/><dl class='gallery-item'>\n\t\t\t<dt class='gallery-icon landscape'>\n\t\t\t\t<a href='https:\/\/pirategalaxy.com\/wp-content\/uploads\/2012\/10\/PG09.jpg'><img loading=\"lazy\" decoding=\"async\" width=\"130\" height=\"80\" src=\"https:\/\/pirategalaxy.com\/wp-content\/uploads\/2012\/10\/PG09-130x80.jpg\" class=\"attachment-gallery_thumbnail size-gallery_thumbnail colorbox-3665 \" alt=\"Pirate Galaxy - Solar System\" aria-describedby=\"gallery-1-15791\" \/><\/a>\n\t\t\t<\/dt>\n\t\t\t\t<dd class='wp-caption-text gallery-caption' id='gallery-1-15791'>\n\t\t\t\tPirate Galaxy Screenshot &#8211;  Pirate Galaxy offers you different solar systems\n\t\t\t\t<\/dd><\/dl><dl class='gallery-item'>\n\t\t\t<dt class='gallery-icon landscape'>\n\t\t\t\t<a href='https:\/\/pirategalaxy.com\/wp-content\/uploads\/2012\/10\/PG10.jpg'><img loading=\"lazy\" decoding=\"async\" width=\"130\" height=\"80\" src=\"https:\/\/pirategalaxy.com\/wp-content\/uploads\/2012\/10\/PG10-130x80.jpg\" class=\"attachment-gallery_thumbnail size-gallery_thumbnail colorbox-3665 \" alt=\"Pirate Galaxy - Orbit View\" aria-describedby=\"gallery-1-15792\" \/><\/a>\n\t\t\t<\/dt>\n\t\t\t\t<dd class='wp-caption-text gallery-caption' id='gallery-1-15792'>\n\t\t\t\tPirate Galaxy Screenshot &#8211;  Pirate Galaxy fantastic orbit view\n\t\t\t\t<\/dd><\/dl><br style=\"clear: both\" \/><dl class='gallery-item'>\n\t\t\t<dt class='gallery-icon landscape'>\n\t\t\t\t<a href='https:\/\/pirategalaxy.com\/wp-content\/uploads\/2012\/10\/PG11.jpg'><img loading=\"lazy\" decoding=\"async\" width=\"130\" height=\"80\" src=\"https:\/\/pirategalaxy.com\/wp-content\/uploads\/2012\/10\/PG11-130x80.jpg\" class=\"attachment-gallery_thumbnail size-gallery_thumbnail colorbox-3665 \" alt=\"Pirate Galaxy - User Interface\" aria-describedby=\"gallery-1-15793\" \/><\/a>\n\t\t\t<\/dt>\n\t\t\t\t<dd class='wp-caption-text gallery-caption' id='gallery-1-15793'>\n\t\t\t\tPirate Galaxy Screenshot &#8211;  Pirate Galaxy offers you a unique user interface\n\t\t\t\t<\/dd><\/dl><dl class='gallery-item'>\n\t\t\t<dt class='gallery-icon landscape'>\n\t\t\t\t<a href='https:\/\/pirategalaxy.com\/wp-content\/uploads\/2012\/10\/PG12.jpg'><img loading=\"lazy\" decoding=\"async\" width=\"130\" height=\"80\" src=\"https:\/\/pirategalaxy.com\/wp-content\/uploads\/2012\/10\/PG12-130x80.jpg\" class=\"attachment-gallery_thumbnail size-gallery_thumbnail colorbox-3665 \" alt=\"Pirate Galaxy - Space Station\" aria-describedby=\"gallery-1-15794\" \/><\/a>\n\t\t\t<\/dt>\n\t\t\t\t<dd class='wp-caption-text gallery-caption' id='gallery-1-15794'>\n\t\t\t\tPirate Galaxy Screenshot &#8211;  Pirate Galaxy space station\n\t\t\t\t<\/dd><\/dl><br style=\"clear: both\" \/>\n\t\t<\/div>\n\n<\/div>\n<div class=\"two_thirds\">\n<p class=\"headline-home2 headline-home2-pos\">STORY<\/p>\n<h2 class=\"Texth2\">Pirate Galaxy \u2013 Das Space Game f\u00fcr Piraten<\/h2>\n<p class=\"z-index\">Im Space Game Pirate Galaxy startest du als umtriebiger Schmuggler in einem zusammengebrochenen Imperium. Ein wahrlich episches Space Game mit Dutzenden von Planetensystemen und Hunderten von fantastischen Quests warten auf dich.<\/p>\n<h2 class=\"Texth2\">Pirate Galaxy: Das Imperium der Menschheit steht am Abgrund!<\/h2>\n<p class=\"z-index\">Die Kolonien wurden von den Mantis \u00fcberrannt und vom Imperium verraten. Den Eindringlingen v\u00f6llig unterlegen, ersch\u00fcttern die kolonialen Streitkr\u00e4fte unter der wachsenden Macht des Gegners. Das Space Game Vega System, Versteck der kolonialen Streitkr\u00e4fte, h\u00f6rte mit Schrecken von einem finalen Angriff der Mantis gegen seine Verteidigung. Doch es gibt eine zweite Bedrohung: Schmuggler, gesetzlose Space Game Piloten, die nicht davor zur\u00fcckschrecken, ihre eigene Rasse zu verraten, um ein paar der wertvollen Space Game Cryonite-Kristalle zu erbeuten.<\/p>\n<h2 class=\"Texth2\">Spiele das kostenlose Space Game Pirate Galaxy!<\/h2>\n<p>Starte deine Karriere als ein Schmuggler, sichere deinen Wohlstand durch Diebstahl, f\u00fchre Space Game Missionen f\u00fcr zwielichtige Charaktere aus. Doch es liegt auch in deiner Hand, ob der finale Angriff der Mantis vereitelt werden kann und die Menschen zur\u00fcckschlagen k\u00f6nnen. Pirate Galaxy ist ein fantastisches 3D Online Space Game in deinem Browser. Jetzt kostenlos spielen.<\/p>\n<div class=\"playnow-home\">\n<div style=\"left: 72px; position: relative; top: 39px;\"><a id=\"playnow\" class=\"colorbox-link cboxElement\" href=\"https:\/\/api.pirategalaxy.com\/account.php\/start\/pirategalaxy?lang=de&amp;affiliateId=0&amp;campaignId=0&amp;referrer=\"><img class=\"colorbox-3665\"  decoding=\"async\" src=\"\/wp-content\/themes\/arras\/images\/pirategalaxy\/playnow\/de\/cta_playnow.gif\" alt=\"\"><\/a><\/div>\n<\/div>\n<\/div>\n","protected":false},"excerpt":{"rendered":"<p>&nbsp; Pirate Galaxy \u2014 Das epische 3D Space Adventure FEATURES Pirate Galaxy &#8211; Das High-End 3D Online Space Game Spiele kostenlos Entdecke hochwertige 3D Grafik \u2013 direkt im Browser Erlebe [&hellip;]<\/p>\n","protected":false},"author":29,"featured_media":453,"parent":0,"menu_order":0,"comment_status":"closed","ping_status":"closed","template":"pagetpl-onecolumn-home-pg.php","meta":{"footnotes":"","_links_to":"","_links_to_target":""},"class_list":["post-3665","page","type-page","status-publish","has-post-thumbnail","hentry"],"yoast_head":"<!-- This site is optimized with the Yoast SEO plugin v27.4 - https:\/\/yoast.com\/product\/yoast-seo-wordpress\/ -->\n<title>Pirate Galaxy - Das epische 3D Online Space Adventure<\/title>\n<meta name=\"description\" content=\"Pirate Galaxy, das kostenlose High-End 3D Online Game. Erforsche ein komplettes Universum mit einer Vielzahl an Sternsystemen und Hunderten von Quests.\" \/>\n<meta name=\"robots\" content=\"index, follow, max-snippet:-1, max-image-preview:large, max-video-preview:-1\" \/>\n<link rel=\"canonical\" href=\"https:\/\/pirategalaxy.com\/de\/\" \/>\n<meta property=\"og:locale\" content=\"de_DE\" \/>\n<meta property=\"og:type\" content=\"article\" \/>\n<meta property=\"og:title\" content=\"Pirate Galaxy - Das epische 3D Online Space Adventure\" \/>\n<meta property=\"og:description\" content=\"Pirate Galaxy, das kostenlose High-End 3D Online Game. Erforsche ein komplettes Universum mit einer Vielzahl an Sternsystemen und Hunderten von Quests.\" \/>\n<meta property=\"og:url\" content=\"https:\/\/pirategalaxy.com\/de\/\" \/>\n<meta property=\"og:site_name\" content=\"Pirate Galaxy\" \/>\n<meta property=\"article:modified_time\" content=\"2022-11-24T15:05:11+00:00\" \/>\n<meta property=\"og:image\" content=\"https:\/\/pirategalaxy.com\/wp-content\/uploads\/2012\/10\/PG04-130x80.jpg\" \/>\n<meta name=\"twitter:label1\" content=\"Gesch\u00e4tzte Lesezeit\" \/>\n\t<meta name=\"twitter:data1\" content=\"2 minutes\" \/>\n<script type=\"application\/ld+json\" class=\"yoast-schema-graph\">{\"@context\":\"https:\\\/\\\/schema.org\",\"@graph\":[{\"@type\":\"WebPage\",\"@id\":\"https:\\\/\\\/pirategalaxy.com\\\/de\\\/\",\"url\":\"https:\\\/\\\/pirategalaxy.com\\\/de\\\/\",\"name\":\"Pirate Galaxy - Das epische 3D Online Space Adventure\",\"isPartOf\":{\"@id\":\"https:\\\/\\\/pirategalaxy.com\\\/en\\\/#website\"},\"primaryImageOfPage\":{\"@id\":\"https:\\\/\\\/pirategalaxy.com\\\/de\\\/#primaryimage\"},\"image\":{\"@id\":\"https:\\\/\\\/pirategalaxy.com\\\/de\\\/#primaryimage\"},\"thumbnailUrl\":\"https:\\\/\\\/pirategalaxy.com\\\/wp-content\\\/uploads\\\/2011\\\/02\\\/teaser_09.jpg\",\"datePublished\":\"2012-10-31T09:22:47+00:00\",\"dateModified\":\"2022-11-24T15:05:11+00:00\",\"description\":\"Pirate Galaxy, das kostenlose High-End 3D Online Game. Erforsche ein komplettes Universum mit einer Vielzahl an Sternsystemen und Hunderten von Quests.\",\"breadcrumb\":{\"@id\":\"https:\\\/\\\/pirategalaxy.com\\\/de\\\/#breadcrumb\"},\"inLanguage\":\"de-DE\",\"potentialAction\":[{\"@type\":\"ReadAction\",\"target\":[\"https:\\\/\\\/pirategalaxy.com\\\/de\\\/\"]}]},{\"@type\":\"ImageObject\",\"inLanguage\":\"de-DE\",\"@id\":\"https:\\\/\\\/pirategalaxy.com\\\/de\\\/#primaryimage\",\"url\":\"https:\\\/\\\/pirategalaxy.com\\\/wp-content\\\/uploads\\\/2011\\\/02\\\/teaser_09.jpg\",\"contentUrl\":\"https:\\\/\\\/pirategalaxy.com\\\/wp-content\\\/uploads\\\/2011\\\/02\\\/teaser_09.jpg\",\"width\":\"640\",\"height\":\"250\"},{\"@type\":\"BreadcrumbList\",\"@id\":\"https:\\\/\\\/pirategalaxy.com\\\/de\\\/#breadcrumb\",\"itemListElement\":[{\"@type\":\"ListItem\",\"position\":1,\"name\":\"Home\",\"item\":\"https:\\\/\\\/pirategalaxy.com\\\/de\\\/\"},{\"@type\":\"ListItem\",\"position\":2,\"name\":\"Home\"}]},{\"@type\":\"WebSite\",\"@id\":\"https:\\\/\\\/pirategalaxy.com\\\/en\\\/#website\",\"url\":\"https:\\\/\\\/pirategalaxy.com\\\/en\\\/\",\"name\":\"Pirate Galaxy\",\"description\":\"\",\"potentialAction\":[{\"@type\":\"SearchAction\",\"target\":{\"@type\":\"EntryPoint\",\"urlTemplate\":\"https:\\\/\\\/pirategalaxy.com\\\/en\\\/?s={search_term_string}\"},\"query-input\":{\"@type\":\"PropertyValueSpecification\",\"valueRequired\":true,\"valueName\":\"search_term_string\"}}],\"inLanguage\":\"de-DE\"}]}<\/script>\n<!-- \/ Yoast SEO plugin. -->","yoast_head_json":{"title":"Pirate Galaxy - Das epische 3D Online Space Adventure","description":"Pirate Galaxy, das kostenlose High-End 3D Online Game. Erforsche ein komplettes Universum mit einer Vielzahl an Sternsystemen und Hunderten von Quests.","robots":{"index":"index","follow":"follow","max-snippet":"max-snippet:-1","max-image-preview":"max-image-preview:large","max-video-preview":"max-video-preview:-1"},"canonical":"https:\/\/pirategalaxy.com\/de\/","og_locale":"de_DE","og_type":"article","og_title":"Pirate Galaxy - Das epische 3D Online Space Adventure","og_description":"Pirate Galaxy, das kostenlose High-End 3D Online Game. Erforsche ein komplettes Universum mit einer Vielzahl an Sternsystemen und Hunderten von Quests.","og_url":"https:\/\/pirategalaxy.com\/de\/","og_site_name":"Pirate Galaxy","article_modified_time":"2022-11-24T15:05:11+00:00","og_image":[{"url":"https:\/\/pirategalaxy.com\/wp-content\/uploads\/2012\/10\/PG04-130x80.jpg","type":"","width":"","height":""}],"twitter_misc":{"Gesch\u00e4tzte Lesezeit":"2 minutes"},"schema":{"@context":"https:\/\/schema.org","@graph":[{"@type":"WebPage","@id":"https:\/\/pirategalaxy.com\/de\/","url":"https:\/\/pirategalaxy.com\/de\/","name":"Pirate Galaxy - Das epische 3D Online Space Adventure","isPartOf":{"@id":"https:\/\/pirategalaxy.com\/en\/#website"},"primaryImageOfPage":{"@id":"https:\/\/pirategalaxy.com\/de\/#primaryimage"},"image":{"@id":"https:\/\/pirategalaxy.com\/de\/#primaryimage"},"thumbnailUrl":"https:\/\/pirategalaxy.com\/wp-content\/uploads\/2011\/02\/teaser_09.jpg","datePublished":"2012-10-31T09:22:47+00:00","dateModified":"2022-11-24T15:05:11+00:00","description":"Pirate Galaxy, das kostenlose High-End 3D Online Game. Erforsche ein komplettes Universum mit einer Vielzahl an Sternsystemen und Hunderten von Quests.","breadcrumb":{"@id":"https:\/\/pirategalaxy.com\/de\/#breadcrumb"},"inLanguage":"de-DE","potentialAction":[{"@type":"ReadAction","target":["https:\/\/pirategalaxy.com\/de\/"]}]},{"@type":"ImageObject","inLanguage":"de-DE","@id":"https:\/\/pirategalaxy.com\/de\/#primaryimage","url":"https:\/\/pirategalaxy.com\/wp-content\/uploads\/2011\/02\/teaser_09.jpg","contentUrl":"https:\/\/pirategalaxy.com\/wp-content\/uploads\/2011\/02\/teaser_09.jpg","width":"640","height":"250"},{"@type":"BreadcrumbList","@id":"https:\/\/pirategalaxy.com\/de\/#breadcrumb","itemListElement":[{"@type":"ListItem","position":1,"name":"Home","item":"https:\/\/pirategalaxy.com\/de\/"},{"@type":"ListItem","position":2,"name":"Home"}]},{"@type":"WebSite","@id":"https:\/\/pirategalaxy.com\/en\/#website","url":"https:\/\/pirategalaxy.com\/en\/","name":"Pirate Galaxy","description":"","potentialAction":[{"@type":"SearchAction","target":{"@type":"EntryPoint","urlTemplate":"https:\/\/pirategalaxy.com\/en\/?s={search_term_string}"},"query-input":{"@type":"PropertyValueSpecification","valueRequired":true,"valueName":"search_term_string"}}],"inLanguage":"de-DE"}]}},"_links":{"self":[{"href":"https:\/\/pirategalaxy.com\/de\/wp-json\/wp\/v2\/pages\/3665","targetHints":{"allow":["GET"]}}],"collection":[{"href":"https:\/\/pirategalaxy.com\/de\/wp-json\/wp\/v2\/pages"}],"about":[{"href":"https:\/\/pirategalaxy.com\/de\/wp-json\/wp\/v2\/types\/page"}],"author":[{"embeddable":true,"href":"https:\/\/pirategalaxy.com\/de\/wp-json\/wp\/v2\/users\/29"}],"replies":[{"embeddable":true,"href":"https:\/\/pirategalaxy.com\/de\/wp-json\/wp\/v2\/comments?post=3665"}],"version-history":[{"count":4,"href":"https:\/\/pirategalaxy.com\/de\/wp-json\/wp\/v2\/pages\/3665\/revisions"}],"predecessor-version":[{"id":314439,"href":"https:\/\/pirategalaxy.com\/de\/wp-json\/wp\/v2\/pages\/3665\/revisions\/314439"}],"wp:featuredmedia":[{"embeddable":true,"href":"https:\/\/pirategalaxy.com\/de\/wp-json\/wp\/v2\/media\/453"}],"wp:attachment":[{"href":"https:\/\/pirategalaxy.com\/de\/wp-json\/wp\/v2\/media?parent=3665"}],"curies":[{"name":"wp","href":"https:\/\/api.w.org\/{rel}","templated":true}]}}