{"id":3288,"date":"2011-01-03T15:30:11","date_gmt":"2011-01-03T14:30:11","guid":{"rendered":"http:\/\/pirategalaxy.com\/faq-2"},"modified":"2018-02-01T14:56:57","modified_gmt":"2018-02-01T13:56:57","slug":"faq-2","status":"publish","type":"page","link":"https:\/\/pirategalaxy.com\/de\/faq-2\/","title":{"rendered":"FAQ"},"content":{"rendered":"<p class=\"navi-down\">\n<h1 class=\"headline_page\"><span>Pirate Galaxy &#8211; FAQ<\/span><\/h1>\n<p class=\"back-button\"><a class=\"back-block\" href=\"http:\/\/pirategalaxy.com\/de\/\">Home<\/a><\/p>\n<div class=\"one_half\">\n<h2>Spezielle Fragen zum Online Game Pirate Galaxy:<\/h2>\n<h3>Was ist Pirate Galaxy?<\/h3>\n<p>Pirate Galaxy ist das mit Awards ausgezeichnete Science-Fiction-MMO \u00fcber den Widerstand der Menschheit gegen eine ausserirdische Rasse, genannt die \u201cMantis\u201d. Es ist kostenlos spielbar und bietet Echtzeit-3D-Grafik direkt in deinem Browser. Zusammen mit Freunden erlebst du hier schnelle, taktische Gefechte, eine dichte Geschichte und spannende Missionen.<\/p>\n<h3>Was kostet Pirate Galaxy?<\/h3>\n<p>Pirate Galaxy is vollst\u00e4ndig kostenlos. Jeder kann sich absolut kostenlos und unverbindlich anmelden und spielen. Keine Verpflichtungen, keine pers\u00f6nlichen Daten, kein Abo und keine Fallen. Tritt unserer wachsenden Community bei.<\/p>\n<h3>Was bekomme ich kostenlos?<\/h3>\n<p>Alles. Jedes Feature im Spiel ist v\u00f6llig kostenlos verf\u00fcgbar.<\/p>\n<h3>Wie geht es mit Pirate Galaxy weiter?<\/h3>\n<p>Pirate Galaxy wird immer weiter ausgebaut. Unser Team arbeitet den ganzen Tag an Verbesserungen f\u00fcr das Spiel. Wir haben noch viele Ideen, die wir umsetzen wollen \u2013 ihr k\u00f6nnt gespannt sein.<\/p>\n<p><img class=\"colorbox-3288\"  decoding=\"async\" alt=\"separator pirate galaxy\" src=\"\/wp-content\/themes\/arras\/images\/pirategalaxy\/faq-pic.png\" \/><\/p>\n<\/div>\n<div class=\"one_half_last\">\n<h2>Allgemeine Fragen \u00fcber Splitscreen Games:<\/h2>\n<h3>Wie gro\u00df ist der Download?<\/h3>\n<p>Pirate Galaxy bietet detaillierte 3D Grafiken. Aber es kann ohne Download direkt im Browser gespielt werden. Innerhalb weniger Sekunden sitzt du in deinem Raumschiff. Optional kann das Spiel auch auf deinem Desktop installiert werden. Das Paket ist nur 20 Megabyte gro\u00df und ebenfalls in wenigen Sekunden auf deinem Rechner installiert. So kannst du ausserdem Vollbild aktivieren und eine Aufl\u00f6sung bis hin zu HD einstellen.<\/p>\n<h3>Browsergames sind mir zu langweilig, euch nicht?<\/h3>\n<p>Wir lieben Browsergames. Aber sie m\u00fcssen schon etwas bieten. Pirate Galaxy ist kein herk\u00f6mmliches Browserspiel, in dem man st\u00e4ndig auf irgendwelche Ladebalken starrt. Es ist ein vollst\u00e4ndiges Multiplayer- Action-Spiel in Echtzeit. Der einzige Unterschied: es startet direkt im Browser und kann damit von \u00fcberall gespielt werden.<\/p>\n<h3>Welche Betriebssysteme unterst\u00fctzt ihr?<\/h3>\n<p>Aktuell ist Pirate Galaxy exklusiv f\u00fcr Windows PC verf\u00fcgbar.<\/p>\n<\/div>\n<div class=\"full\">\n<p><img decoding=\"async\" class=\"hr3 colorbox-3288\" alt=\"separator pirate galaxy\" src=\"\/wp-content\/themes\/arras\/images\/pirategalaxy\/isolator_big.png\" \/><\/p>\n<p><img decoding=\"async\" class=\"hr2 colorbox-3288\" alt=\"separator2 Pirate Galaxy\" src=\"\/wp-content\/themes\/arras\/images\/pirategalaxy\/background_faker.png\" \/><\/p>\n<\/div>\n","protected":false},"excerpt":{"rendered":"<p>Pirate Galaxy &#8211; FAQ Home Spezielle Fragen zum Online Game Pirate Galaxy: Was ist Pirate Galaxy? Pirate Galaxy ist das mit Awards ausgezeichnete Science-Fiction-MMO \u00fcber den Widerstand der Menschheit gegen [&hellip;]<\/p>\n","protected":false},"author":11,"featured_media":-1,"parent":0,"menu_order":0,"comment_status":"closed","ping_status":"closed","template":"pagetpl-onecolumn.php","meta":{"footnotes":"","_links_to":"","_links_to_target":""},"class_list":["post-3288","page","type-page","status-publish","has-post-thumbnail","hentry"],"yoast_head":"<!-- This site is optimized with the Yoast SEO plugin v27.4 - https:\/\/yoast.com\/product\/yoast-seo-wordpress\/ -->\n<title>FAQ - Pirate Galaxy<\/title>\n<meta name=\"description\" content=\"Frequently asked questions \u00fcber Pirate Galaxy. Alle Fragen die die \u00fcber Dino Storm hast, werden hier beantwortet. Schau doch einmal vorbei.\" \/>\n<meta name=\"robots\" content=\"index, follow, max-snippet:-1, max-image-preview:large, max-video-preview:-1\" \/>\n<link rel=\"canonical\" href=\"https:\/\/pirategalaxy.com\/de\/faq-2\/\" \/>\n<meta property=\"og:locale\" content=\"de_DE\" \/>\n<meta property=\"og:type\" content=\"article\" \/>\n<meta property=\"og:title\" content=\"FAQ - Pirate Galaxy\" \/>\n<meta property=\"og:description\" content=\"Frequently asked questions \u00fcber Pirate Galaxy. Alle Fragen die die \u00fcber Dino Storm hast, werden hier beantwortet. Schau doch einmal vorbei.\" \/>\n<meta property=\"og:url\" content=\"https:\/\/pirategalaxy.com\/de\/faq-2\/\" \/>\n<meta property=\"og:site_name\" content=\"Pirate Galaxy\" \/>\n<meta property=\"article:modified_time\" content=\"2018-02-01T13:56:57+00:00\" \/>\n<meta name=\"twitter:label1\" content=\"Gesch\u00e4tzte Lesezeit\" \/>\n\t<meta name=\"twitter:data1\" content=\"2 minutes\" \/>\n<script type=\"application\/ld+json\" class=\"yoast-schema-graph\">{\"@context\":\"https:\\\/\\\/schema.org\",\"@graph\":[{\"@type\":\"WebPage\",\"@id\":\"https:\\\/\\\/pirategalaxy.com\\\/de\\\/faq-2\\\/\",\"url\":\"https:\\\/\\\/pirategalaxy.com\\\/de\\\/faq-2\\\/\",\"name\":\"FAQ - Pirate Galaxy\",\"isPartOf\":{\"@id\":\"https:\\\/\\\/pirategalaxy.com\\\/en\\\/#website\"},\"datePublished\":\"2011-01-03T14:30:11+00:00\",\"dateModified\":\"2018-02-01T13:56:57+00:00\",\"description\":\"Frequently asked questions \u00fcber Pirate Galaxy. Alle Fragen die die \u00fcber Dino Storm hast, werden hier beantwortet. Schau doch einmal vorbei.\",\"breadcrumb\":{\"@id\":\"https:\\\/\\\/pirategalaxy.com\\\/de\\\/faq-2\\\/#breadcrumb\"},\"inLanguage\":\"de-DE\",\"potentialAction\":[{\"@type\":\"ReadAction\",\"target\":[\"https:\\\/\\\/pirategalaxy.com\\\/de\\\/faq-2\\\/\"]}]},{\"@type\":\"BreadcrumbList\",\"@id\":\"https:\\\/\\\/pirategalaxy.com\\\/de\\\/faq-2\\\/#breadcrumb\",\"itemListElement\":[{\"@type\":\"ListItem\",\"position\":1,\"name\":\"Home\",\"item\":\"https:\\\/\\\/pirategalaxy.com\\\/de\\\/\"},{\"@type\":\"ListItem\",\"position\":2,\"name\":\"FAQ\"}]},{\"@type\":\"WebSite\",\"@id\":\"https:\\\/\\\/pirategalaxy.com\\\/en\\\/#website\",\"url\":\"https:\\\/\\\/pirategalaxy.com\\\/en\\\/\",\"name\":\"Pirate Galaxy\",\"description\":\"\",\"potentialAction\":[{\"@type\":\"SearchAction\",\"target\":{\"@type\":\"EntryPoint\",\"urlTemplate\":\"https:\\\/\\\/pirategalaxy.com\\\/en\\\/?s={search_term_string}\"},\"query-input\":{\"@type\":\"PropertyValueSpecification\",\"valueRequired\":true,\"valueName\":\"search_term_string\"}}],\"inLanguage\":\"de-DE\"}]}<\/script>\n<!-- \/ Yoast SEO plugin. -->","yoast_head_json":{"title":"FAQ - Pirate Galaxy","description":"Frequently asked questions \u00fcber Pirate Galaxy. Alle Fragen die die \u00fcber Dino Storm hast, werden hier beantwortet. Schau doch einmal vorbei.","robots":{"index":"index","follow":"follow","max-snippet":"max-snippet:-1","max-image-preview":"max-image-preview:large","max-video-preview":"max-video-preview:-1"},"canonical":"https:\/\/pirategalaxy.com\/de\/faq-2\/","og_locale":"de_DE","og_type":"article","og_title":"FAQ - Pirate Galaxy","og_description":"Frequently asked questions \u00fcber Pirate Galaxy. Alle Fragen die die \u00fcber Dino Storm hast, werden hier beantwortet. Schau doch einmal vorbei.","og_url":"https:\/\/pirategalaxy.com\/de\/faq-2\/","og_site_name":"Pirate Galaxy","article_modified_time":"2018-02-01T13:56:57+00:00","twitter_misc":{"Gesch\u00e4tzte Lesezeit":"2 minutes"},"schema":{"@context":"https:\/\/schema.org","@graph":[{"@type":"WebPage","@id":"https:\/\/pirategalaxy.com\/de\/faq-2\/","url":"https:\/\/pirategalaxy.com\/de\/faq-2\/","name":"FAQ - Pirate Galaxy","isPartOf":{"@id":"https:\/\/pirategalaxy.com\/en\/#website"},"datePublished":"2011-01-03T14:30:11+00:00","dateModified":"2018-02-01T13:56:57+00:00","description":"Frequently asked questions \u00fcber Pirate Galaxy. Alle Fragen die die \u00fcber Dino Storm hast, werden hier beantwortet. Schau doch einmal vorbei.","breadcrumb":{"@id":"https:\/\/pirategalaxy.com\/de\/faq-2\/#breadcrumb"},"inLanguage":"de-DE","potentialAction":[{"@type":"ReadAction","target":["https:\/\/pirategalaxy.com\/de\/faq-2\/"]}]},{"@type":"BreadcrumbList","@id":"https:\/\/pirategalaxy.com\/de\/faq-2\/#breadcrumb","itemListElement":[{"@type":"ListItem","position":1,"name":"Home","item":"https:\/\/pirategalaxy.com\/de\/"},{"@type":"ListItem","position":2,"name":"FAQ"}]},{"@type":"WebSite","@id":"https:\/\/pirategalaxy.com\/en\/#website","url":"https:\/\/pirategalaxy.com\/en\/","name":"Pirate Galaxy","description":"","potentialAction":[{"@type":"SearchAction","target":{"@type":"EntryPoint","urlTemplate":"https:\/\/pirategalaxy.com\/en\/?s={search_term_string}"},"query-input":{"@type":"PropertyValueSpecification","valueRequired":true,"valueName":"search_term_string"}}],"inLanguage":"de-DE"}]}},"_links":{"self":[{"href":"https:\/\/pirategalaxy.com\/de\/wp-json\/wp\/v2\/pages\/3288","targetHints":{"allow":["GET"]}}],"collection":[{"href":"https:\/\/pirategalaxy.com\/de\/wp-json\/wp\/v2\/pages"}],"about":[{"href":"https:\/\/pirategalaxy.com\/de\/wp-json\/wp\/v2\/types\/page"}],"author":[{"embeddable":true,"href":"https:\/\/pirategalaxy.com\/de\/wp-json\/wp\/v2\/users\/11"}],"replies":[{"embeddable":true,"href":"https:\/\/pirategalaxy.com\/de\/wp-json\/wp\/v2\/comments?post=3288"}],"version-history":[{"count":0,"href":"https:\/\/pirategalaxy.com\/de\/wp-json\/wp\/v2\/pages\/3288\/revisions"}],"wp:featuredmedia":[{"embeddable":true,"href":"https:\/\/pirategalaxy.com\/de\/wp-json\/"}],"wp:attachment":[{"href":"https:\/\/pirategalaxy.com\/de\/wp-json\/wp\/v2\/media?parent=3288"}],"curies":[{"name":"wp","href":"https:\/\/api.w.org\/{rel}","templated":true}]}}